{"id":5468,"date":"2025-10-08T11:25:31","date_gmt":"2025-10-08T08:25:31","guid":{"rendered":"https:\/\/mydrink.ee\/?page_id=5468"},"modified":"2025-10-16T13:09:39","modified_gmt":"2025-10-16T10:09:39","slug":"privacy-policy-2","status":"publish","type":"page","link":"https:\/\/mydrink.ee\/et\/privacy-policy-2\/","title":{"rendered":"Privacy Policy"},"content":{"rendered":"\n<p class=\"has-larger-font-size\">Isikuandmete t\u00f6\u00f6tlemine<\/p>\n\n\n<style>.wp-block-kadence-advancedheading.kt-adv-heading5468_39f4f0-70, .wp-block-kadence-advancedheading.kt-adv-heading5468_39f4f0-70[data-kb-block=\"kb-adv-heading5468_39f4f0-70\"]{font-style:normal;}.wp-block-kadence-advancedheading.kt-adv-heading5468_39f4f0-70 mark.kt-highlight, .wp-block-kadence-advancedheading.kt-adv-heading5468_39f4f0-70[data-kb-block=\"kb-adv-heading5468_39f4f0-70\"] mark.kt-highlight{font-style:normal;color:#f76a0c;-webkit-box-decoration-break:clone;box-decoration-break:clone;padding-top:0px;padding-right:0px;padding-bottom:0px;padding-left:0px;}<\/style>\n<p class=\"kt-adv-heading5468_39f4f0-70 wp-block-kadence-advancedheading\" data-kb-block=\"kb-adv-heading5468_39f4f0-70\">Veebipoe&nbsp;www.mydrink.ee isikuandmete vastutav t\u00f6\u00f6tleja on Asaro O\u00dc (registrikood 16778552) asukohaga Telliskivi 60, Tallinn 12011, e-post:&nbsp;info@mydrink.ee<br><\/p>\n\n\n\n<p>Me ei s\u00e4ilita isikuandmeid kauem, kui see on seadusest tulenevalt kohustuslik v\u00f5i vajalik teenuse ning t\u00f5husa klienditeeninduse tagamiseks.<\/p>\n\n\n<style>.wp-block-kadence-advancedheading.kt-adv-heading5468_9a235b-00, .wp-block-kadence-advancedheading.kt-adv-heading5468_9a235b-00[data-kb-block=\"kb-adv-heading5468_9a235b-00\"]{font-style:normal;}.wp-block-kadence-advancedheading.kt-adv-heading5468_9a235b-00 mark.kt-highlight, .wp-block-kadence-advancedheading.kt-adv-heading5468_9a235b-00[data-kb-block=\"kb-adv-heading5468_9a235b-00\"] mark.kt-highlight{font-style:normal;color:#f76a0c;-webkit-box-decoration-break:clone;box-decoration-break:clone;padding-top:0px;padding-right:0px;padding-bottom:0px;padding-left:0px;}@media all and (max-width: 767px){.wp-block-kadence-advancedheading.kt-adv-heading5468_9a235b-00, .wp-block-kadence-advancedheading.kt-adv-heading5468_9a235b-00[data-kb-block=\"kb-adv-heading5468_9a235b-00\"]{padding-bottom:0px;}}<\/style>\n<p class=\"kt-adv-heading5468_9a235b-00 wp-block-kadence-advancedheading\" data-kb-block=\"kb-adv-heading5468_9a235b-00\">MILLISEID ISIKUANDMEID T\u00d6\u00d6DELDAKSE<\/p>\n\n\n\n<ul class=\"wp-block-list\">\n<li>ees- ja perekonnanimi, isikukood, telefoninumber ja e-posti aadress<\/li>\n\n\n\n<li>kauba kohaletoimetamise aadress<\/li>\n\n\n\n<li>pangakonto number<\/li>\n\n\n\n<li>kaupade ja teenuste maksumus ja maksetega seotud andmed (ostuajalugu)<\/li>\n\n\n\n<li>klienditoe andmed<\/li>\n<\/ul>\n\n\n<style>.wp-block-kadence-advancedheading.kt-adv-heading5468_bd4621-27, .wp-block-kadence-advancedheading.kt-adv-heading5468_bd4621-27[data-kb-block=\"kb-adv-heading5468_bd4621-27\"]{font-style:normal;}.wp-block-kadence-advancedheading.kt-adv-heading5468_bd4621-27 mark.kt-highlight, .wp-block-kadence-advancedheading.kt-adv-heading5468_bd4621-27[data-kb-block=\"kb-adv-heading5468_bd4621-27\"] mark.kt-highlight{font-style:normal;color:#f76a0c;-webkit-box-decoration-break:clone;box-decoration-break:clone;padding-top:0px;padding-right:0px;padding-bottom:0px;padding-left:0px;}<\/style>\n<p class=\"kt-adv-heading5468_bd4621-27 wp-block-kadence-advancedheading\" data-kb-block=\"kb-adv-heading5468_bd4621-27\">MIS EESM\u00c4RGIL ISIKUANDMEID T\u00d6\u00d6DELDAKSE<\/p>\n\n\n\n<p>Isikuandmeid kasutatakse kliendi tellimuste haldamiseks ja kauba kohaletoimetamiseks. N\u00f5usolek isikuandmete t\u00f6\u00f6tlemiseks on vajalik tellimuste haldamiseks ja ilma selleta tellimusi esitada ei saa.<\/p>\n\n\n\n<p>Ostuajaloo andmeid (ostu kuup\u00e4ev, kaup, kogus, kliendi andmed) kasutatakse ostetud kaupade ja teenuste \u00fclevaate koostamiseks ning kliendieelistuste anal\u00fc\u00fcsimiseks.<\/p>\n\n\n\n<p>Pangakonto numbrit kasutatakse kliendile maksete tagastamiseks.<\/p>\n\n\n\n<p>Isikuandmeid nagu ees- ja perekonnanimi, isikukood, telefoninumber ja e-posti aadress t\u00f6\u00f6deldakse selleks, et lahendada kaupade ja teenuste osutamise seonduvaid k\u00fcsimusi (klienditugi).<\/p>\n\n\n\n<p>Veebipoe kasutaja IP-aadressi v\u00f5i teisi v\u00f5rguidentifikaatoreid t\u00f6\u00f6deldakse veebipoe kui info\u00fchiskonna teenuse osutamiseks ning veebikasutusstatistika tegemiseks.<\/p>\n\n\n\n<p>Veebileht kasutab k\u00fcpsiseid nii ostusessiooni korraldamiseks kui ka kasutamisstatistika kogumiseks. Tellimuse teostamine on v\u00f5imalik ainult siis, kui lubate viinarannasta.ee k\u00fcpsiseid.<\/p>\n\n\n<style>.wp-block-kadence-advancedheading.kt-adv-heading5468_aafdfe-60, .wp-block-kadence-advancedheading.kt-adv-heading5468_aafdfe-60[data-kb-block=\"kb-adv-heading5468_aafdfe-60\"]{font-style:normal;}.wp-block-kadence-advancedheading.kt-adv-heading5468_aafdfe-60 mark.kt-highlight, .wp-block-kadence-advancedheading.kt-adv-heading5468_aafdfe-60[data-kb-block=\"kb-adv-heading5468_aafdfe-60\"] mark.kt-highlight{font-style:normal;color:#f76a0c;-webkit-box-decoration-break:clone;box-decoration-break:clone;padding-top:0px;padding-right:0px;padding-bottom:0px;padding-left:0px;}<\/style>\n<p class=\"kt-adv-heading5468_aafdfe-60 wp-block-kadence-advancedheading\" data-kb-block=\"kb-adv-heading5468_aafdfe-60\">\u00d5IGUSLIK ALUS<\/p>\n\n\n\n<p>Isikuandmete t\u00f6\u00f6tlemine toimub kliendiga s\u00f5lmitud lepingu t\u00e4itmise eesm\u00e4rgil (M\u00e4\u00e4ruse nr 2016\/679\/EL art 6 1) b).<\/p>\n\n\n\n<p>Isikuandmete t\u00f6\u00f6tlemine toimub juriidilise kohustuse t\u00e4itmiseks (nt raamatupidamine ja tarbijavaidluste lahendamine) (M\u00e4\u00e4ruse nr 2016\/679\/EL preambula p 52, art 6 1) c).<\/p>\n\n\n<style>.wp-block-kadence-advancedheading.kt-adv-heading5468_162e4d-cf, .wp-block-kadence-advancedheading.kt-adv-heading5468_162e4d-cf[data-kb-block=\"kb-adv-heading5468_162e4d-cf\"]{font-style:normal;}.wp-block-kadence-advancedheading.kt-adv-heading5468_162e4d-cf mark.kt-highlight, .wp-block-kadence-advancedheading.kt-adv-heading5468_162e4d-cf[data-kb-block=\"kb-adv-heading5468_162e4d-cf\"] mark.kt-highlight{font-style:normal;color:#f76a0c;-webkit-box-decoration-break:clone;box-decoration-break:clone;padding-top:0px;padding-right:0px;padding-bottom:0px;padding-left:0px;}<\/style>\n<p class=\"kt-adv-heading5468_162e4d-cf wp-block-kadence-advancedheading\" data-kb-block=\"kb-adv-heading5468_162e4d-cf\">VASTUV\u00d5TJAD, KELLELE ISIKUANDMED EDASTATAKSE<\/p>\n\n\n\n<p>Isikuandmed edastatakse veebipoe klienditoele ostude ja ostuajaloo haldamiseks ja kliendiprobleemide lahendamiseks.<\/p>\n\n\n\n<p>Ees- ja perekonnanimi, isikukood, telefoninumber ja e-posti aadress edastatakse kliendi poolt valitud transporditeenuse pakkujale. Kui tegemist on kulleriga kohale toimetatava kaubaga, siis edastatakse lisaks kontaktandmetele ka kliendi aadress.<\/p>\n\n\n\n<p>Kuna veebipoe raamatupidamine toimub teenusepakkuja poolt, siis edastatakse isikuandmed teenusepakkujale raamatupidamistoimingute tegemiseks.<\/p>\n\n\n\n<p>Isikuandmeid v\u00f5idakse edastada infotehnoloogia teenuste pakkujatele, kui see on vajalik veebipoe funktsionaalsuse v\u00f5i andmemajutuse tagamiseks.<\/p>\n\n\n<style>.wp-block-kadence-advancedheading.kt-adv-heading5468_36c9ef-d7, .wp-block-kadence-advancedheading.kt-adv-heading5468_36c9ef-d7[data-kb-block=\"kb-adv-heading5468_36c9ef-d7\"]{font-style:normal;}.wp-block-kadence-advancedheading.kt-adv-heading5468_36c9ef-d7 mark.kt-highlight, .wp-block-kadence-advancedheading.kt-adv-heading5468_36c9ef-d7[data-kb-block=\"kb-adv-heading5468_36c9ef-d7\"] mark.kt-highlight{font-style:normal;color:#f76a0c;-webkit-box-decoration-break:clone;box-decoration-break:clone;padding-top:0px;padding-right:0px;padding-bottom:0px;padding-left:0px;}<\/style>\n<p class=\"kt-adv-heading5468_36c9ef-d7 wp-block-kadence-advancedheading\" data-kb-block=\"kb-adv-heading5468_36c9ef-d7\">TURVALISUS JA ANDMETELE LIGIP\u00c4\u00c4S<\/p>\n\n\n\n<p>Juurdep\u00e4\u00e4s isikuandmetele on veebipoe t\u00f6\u00f6tajatel, kes saavad isikuandmetega tutvuda selleks, et lahendada veebipoe kasutamisega seonduvaid tehnilisi k\u00fcsimusi ning osutada klienditoe teenust.<\/p>\n\n\n\n<p>Veebipood rakendab asjakohaseid f\u00fc\u00fcsilisi, organisatsioonilisi ja infotehnilisi turvameetmeid, et kaitsta isikuandmeid juhusliku v\u00f5i ebaseadusliku h\u00e4vitamise, kaotsimineku, muutmise v\u00f5i loata juurdep\u00e4\u00e4su ja avalikustamise eest.<\/p>\n\n\n\n<p>Isikuandmete edastamine veebipoe volitatud t\u00f6\u00f6tlejatele (nt transporditeenuse pakkuja ja andmemajutus) isikuandmete t\u00f6\u00f6tlemine toimub veebipoe ja volitatud t\u00f6\u00f6tlejatega s\u00f5lmitud lepingute alusel. Volitatud t\u00f6\u00f6tlejaid on kohustatud tagama isikuandmete t\u00f6\u00f6tlemisel asjakohased kaitsemeetmed.<\/p>\n\n\n<style>.wp-block-kadence-advancedheading.kt-adv-heading5468_54276a-fe, .wp-block-kadence-advancedheading.kt-adv-heading5468_54276a-fe[data-kb-block=\"kb-adv-heading5468_54276a-fe\"]{font-style:normal;}.wp-block-kadence-advancedheading.kt-adv-heading5468_54276a-fe mark.kt-highlight, .wp-block-kadence-advancedheading.kt-adv-heading5468_54276a-fe[data-kb-block=\"kb-adv-heading5468_54276a-fe\"] mark.kt-highlight{font-style:normal;color:#f76a0c;-webkit-box-decoration-break:clone;box-decoration-break:clone;padding-top:0px;padding-right:0px;padding-bottom:0px;padding-left:0px;}<\/style>\n<p class=\"kt-adv-heading5468_54276a-fe wp-block-kadence-advancedheading\" data-kb-block=\"kb-adv-heading5468_54276a-fe\">ISIKUANDMETEGA TUTVUMINE JA PARANDAMINE<\/p>\n\n\n\n<p>Isikuandmetega saab tutvuda saates p\u00e4ringu klienditoele.<\/p>\n\n\n<style>.wp-block-kadence-advancedheading.kt-adv-heading5468_95f656-f0, .wp-block-kadence-advancedheading.kt-adv-heading5468_95f656-f0[data-kb-block=\"kb-adv-heading5468_95f656-f0\"]{font-style:normal;}.wp-block-kadence-advancedheading.kt-adv-heading5468_95f656-f0 mark.kt-highlight, .wp-block-kadence-advancedheading.kt-adv-heading5468_95f656-f0[data-kb-block=\"kb-adv-heading5468_95f656-f0\"] mark.kt-highlight{font-style:normal;color:#f76a0c;-webkit-box-decoration-break:clone;box-decoration-break:clone;padding-top:0px;padding-right:0px;padding-bottom:0px;padding-left:0px;}<\/style>\n<p class=\"kt-adv-heading5468_95f656-f0 wp-block-kadence-advancedheading\" data-kb-block=\"kb-adv-heading5468_95f656-f0\">N\u00d5USOLEKU TAGASIV\u00d5TMINE<\/p>\n\n\n\n<p>Kui isikundmete t\u00f6\u00f6tlemine toimub kliendi n\u00f5usoleku alusel, siis on kliendil \u00f5igus n\u00f5usolek tagasi v\u00f5tta teavitades sellest kliendituge e-posti teel. N\u00f5usoleku tagasiv\u00f5tmine ei m\u00f5juta enne tagasiv\u00f5tmist toimunud t\u00f6\u00f6tlemise seaduslikkust. N\u00f5usoleku tagasiv\u00f5tmisel ei saa e-poodi enam kasutada.<\/p>\n\n\n<style>.wp-block-kadence-advancedheading.kt-adv-heading5468_603589-c9, .wp-block-kadence-advancedheading.kt-adv-heading5468_603589-c9[data-kb-block=\"kb-adv-heading5468_603589-c9\"]{font-style:normal;}.wp-block-kadence-advancedheading.kt-adv-heading5468_603589-c9 mark.kt-highlight, .wp-block-kadence-advancedheading.kt-adv-heading5468_603589-c9[data-kb-block=\"kb-adv-heading5468_603589-c9\"] mark.kt-highlight{font-style:normal;color:#f76a0c;-webkit-box-decoration-break:clone;box-decoration-break:clone;padding-top:0px;padding-right:0px;padding-bottom:0px;padding-left:0px;}<\/style>\n<p class=\"kt-adv-heading5468_603589-c9 wp-block-kadence-advancedheading\" data-kb-block=\"kb-adv-heading5468_603589-c9\">S\u00c4ILITAMINE<\/p>\n\n\n\n<p>Veebipoe kliendikonto sulgemisel kustutatakse isikuandmed, va juhul kui selliseid andmeid on vaja s\u00e4ilitada raamatupidamise jaoks v\u00f5i tarbijavaidluste lahendamiseks.<\/p>\n\n\n\n<p>Ost, mis on sooritatud ilma kliendikontota, s\u00e4ilitatakse ostuajalugu kolm aastat.<\/p>\n\n\n\n<p>Maksetega ja tarbijavaidlustega seotud vaidluste korral s\u00e4ilitatakse isikuandmed kuni n\u00f5ude t\u00e4itmiseni v\u00f5i aegumist\u00e4htaja l\u00f5puni (kolm aastat).<\/p>\n\n\n\n<p>Raamatupidamise jaoks vajalikud isikuandmed s\u00e4ilitatakse seitse aastat alates kalendriaasta l\u00f5pust.<\/p>\n\n\n<style>.wp-block-kadence-advancedheading.kt-adv-heading5468_62c80f-e6, .wp-block-kadence-advancedheading.kt-adv-heading5468_62c80f-e6[data-kb-block=\"kb-adv-heading5468_62c80f-e6\"]{font-style:normal;}.wp-block-kadence-advancedheading.kt-adv-heading5468_62c80f-e6 mark.kt-highlight, .wp-block-kadence-advancedheading.kt-adv-heading5468_62c80f-e6[data-kb-block=\"kb-adv-heading5468_62c80f-e6\"] mark.kt-highlight{font-style:normal;color:#f76a0c;-webkit-box-decoration-break:clone;box-decoration-break:clone;padding-top:0px;padding-right:0px;padding-bottom:0px;padding-left:0px;}<\/style>\n<p class=\"kt-adv-heading5468_62c80f-e6 wp-block-kadence-advancedheading\" data-kb-block=\"kb-adv-heading5468_62c80f-e6\">ANDMETE KASUTAMISE PIIRAMINE JA KUSTUTAMINE<\/p>\n\n\n\n<p>Isikuandmete kasutamise piiramiseks v\u00f5i kustutamiseks tuleb v\u00f5tta \u00fchendust klienditoega e-posti teel. Kustutamistaotlusele vastatakse mitte hiljem kui kuu aja jooksul ning t\u00e4psustakse andmete kustutamise perioodi. Sama rakendub ka isikuandmete kasutamise piiramise korral.<\/p>\n\n\n<style>.wp-block-kadence-advancedheading.kt-adv-heading5468_51a883-9b, .wp-block-kadence-advancedheading.kt-adv-heading5468_51a883-9b[data-kb-block=\"kb-adv-heading5468_51a883-9b\"]{font-style:normal;}.wp-block-kadence-advancedheading.kt-adv-heading5468_51a883-9b mark.kt-highlight, .wp-block-kadence-advancedheading.kt-adv-heading5468_51a883-9b[data-kb-block=\"kb-adv-heading5468_51a883-9b\"] mark.kt-highlight{font-style:normal;color:#f76a0c;-webkit-box-decoration-break:clone;box-decoration-break:clone;padding-top:0px;padding-right:0px;padding-bottom:0px;padding-left:0px;}<\/style>\n<p class=\"kt-adv-heading5468_51a883-9b wp-block-kadence-advancedheading\" data-kb-block=\"kb-adv-heading5468_51a883-9b\">\u00dcLEKANDMINE<\/p>\n\n\n\n<p>E-posti teel esitatud \u00fclekandmise taotlusele vastatakse hiljemalt kuu aja jooksul. Klienditugi tuvastab isikusamasuse ja teavitab \u00fclekandmisele kohalduvatest isikuandmetest.<\/p>\n\n\n<style>.wp-block-kadence-advancedheading.kt-adv-heading5468_6b49ae-3e, .wp-block-kadence-advancedheading.kt-adv-heading5468_6b49ae-3e[data-kb-block=\"kb-adv-heading5468_6b49ae-3e\"]{font-style:normal;}.wp-block-kadence-advancedheading.kt-adv-heading5468_6b49ae-3e mark.kt-highlight, .wp-block-kadence-advancedheading.kt-adv-heading5468_6b49ae-3e[data-kb-block=\"kb-adv-heading5468_6b49ae-3e\"] mark.kt-highlight{font-style:normal;color:#f76a0c;-webkit-box-decoration-break:clone;box-decoration-break:clone;padding-top:0px;padding-right:0px;padding-bottom:0px;padding-left:0px;}<\/style>\n<p class=\"kt-adv-heading5468_6b49ae-3e wp-block-kadence-advancedheading\" data-kb-block=\"kb-adv-heading5468_6b49ae-3e\">OTSETURUSTUSTEATED<\/p>\n\n\n\n<p>E-kirja aadressi ja telefoninumbrit kasutatakse otseturundusteadete saatmiseks, kui klient on andnud vastava n\u00f5usoleku. Kui klient ei soovi enam saada otseturustusteateid, siis tuleb v\u00f5tta \u00fchendust klienditoega.<\/p>\n\n\n\n<p>Kui isikuandmeid t\u00f6\u00f6deldakse otseturunduse eesm\u00e4rgil (profileerimine), on kliendil \u00f5igus oma isikuandmete nii algse kui ka edasise t\u00f6\u00f6tlemise, sealhulgas otseturundusega seotud profiilianal\u00fc\u00fcsi tegemise suhtes igal ajal vastuv\u00e4iteid esitada teavitades sellest kliendituge e-posti teel.<\/p>\n\n\n<style>.wp-block-kadence-advancedheading.kt-adv-heading5468_7e5334-2d, .wp-block-kadence-advancedheading.kt-adv-heading5468_7e5334-2d[data-kb-block=\"kb-adv-heading5468_7e5334-2d\"]{font-style:normal;}.wp-block-kadence-advancedheading.kt-adv-heading5468_7e5334-2d mark.kt-highlight, .wp-block-kadence-advancedheading.kt-adv-heading5468_7e5334-2d[data-kb-block=\"kb-adv-heading5468_7e5334-2d\"] mark.kt-highlight{font-style:normal;color:#f76a0c;-webkit-box-decoration-break:clone;box-decoration-break:clone;padding-top:0px;padding-right:0px;padding-bottom:0px;padding-left:0px;}<\/style>\n<p class=\"kt-adv-heading5468_7e5334-2d wp-block-kadence-advancedheading\" data-kb-block=\"kb-adv-heading5468_7e5334-2d\">VAIDLUSTE LAHENDAMINE<\/p>\n\n\n\n<p>J\u00e4relevalveasutus on Eesti Andmekaitse Inspektsioon: info@aki.ee<br><br><br><br><br><\/p>\n","protected":false},"excerpt":{"rendered":"<p>Isikuandmete t\u00f6\u00f6tlemine Veebipoe&nbsp;www.mydrink.ee isikuandmete vastutav t\u00f6\u00f6tleja on Asaro O\u00dc (registrikood 16778552) asukohaga Telliskivi 60, Tallinn 12011, e-post:&nbsp;info@mydrink.ee Me ei s\u00e4ilita isikuandmeid kauem, kui see on seadusest tulenevalt kohustuslik v\u00f5i vajalik teenuse ning t\u00f5husa klienditeeninduse tagamiseks. MILLISEID ISIKUANDMEID T\u00d6\u00d6DELDAKSE MIS EESM\u00c4RGIL ISIKUANDMEID T\u00d6\u00d6DELDAKSE Isikuandmeid kasutatakse kliendi tellimuste haldamiseks ja kauba kohaletoimetamiseks. N\u00f5usolek isikuandmete t\u00f6\u00f6tlemiseks on vajalik&#8230;<\/p>\n","protected":false},"author":1,"featured_media":0,"parent":0,"menu_order":0,"comment_status":"closed","ping_status":"closed","template":"","meta":{"_acf_changed":false,"_kadence_starter_templates_imported_post":false,"_kad_post_transparent":"","_kad_post_title":"","_kad_post_layout":"","_kad_post_sidebar_id":"","_kad_post_content_style":"","_kad_post_vertical_padding":"","_kad_post_feature":"","_kad_post_feature_position":"","_kad_post_header":false,"_kad_post_footer":false,"footnotes":""},"class_list":["post-5468","page","type-page","status-publish","hentry"],"acf":[],"_links":{"self":[{"href":"https:\/\/mydrink.ee\/et\/wp-json\/wp\/v2\/pages\/5468","targetHints":{"allow":["GET"]}}],"collection":[{"href":"https:\/\/mydrink.ee\/et\/wp-json\/wp\/v2\/pages"}],"about":[{"href":"https:\/\/mydrink.ee\/et\/wp-json\/wp\/v2\/types\/page"}],"author":[{"embeddable":true,"href":"https:\/\/mydrink.ee\/et\/wp-json\/wp\/v2\/users\/1"}],"replies":[{"embeddable":true,"href":"https:\/\/mydrink.ee\/et\/wp-json\/wp\/v2\/comments?post=5468"}],"version-history":[{"count":0,"href":"https:\/\/mydrink.ee\/et\/wp-json\/wp\/v2\/pages\/5468\/revisions"}],"wp:attachment":[{"href":"https:\/\/mydrink.ee\/et\/wp-json\/wp\/v2\/media?parent=5468"}],"curies":[{"name":"wp","href":"https:\/\/api.w.org\/{rel}","templated":true}]}}