{"id":1078,"date":"2012-07-13T10:49:32","date_gmt":"2012-07-13T07:49:32","guid":{"rendered":"https:\/\/mydrink.ee\/product\/l-latour-chablis-04-13-75cl\/"},"modified":"2012-07-13T10:49:32","modified_gmt":"2012-07-13T07:49:32","slug":"l-latour-chablis-04-13-75cl","status":"publish","type":"product","link":"https:\/\/mydrink.ee\/et\/product\/l-latour-chablis-04-13-75cl\/","title":{"rendered":"L.LATOUR CHABLIS `04 13% 75CL"},"content":{"rendered":"<p>Istandus: 1er Cru istandused h\u00f5lmavad 322hektarit.<br \/>\nChablis \u00fcldpindala 450 ha. 1er Cru Montmains viinamarjaaed on parimaid. Pinnas on kriidine, lubjakivi, paiguti savisegune kruus.<br \/>\nVinifikatsioon: Malolaktiline fermentatsioon terasvaatides.<\/p>\n","protected":false},"excerpt":{"rendered":"<p>Liik: Kaitstud p\u00e4ritolunimetusega vein<br \/>\nKastis: 12<br \/>\nMaht: 75CL<br \/>\nAlkoholisisaldus: 13%<br \/>\nP\u00e4ritolumaa: Prantsusmaa<br \/>\nPiirkond: Burgundia<br \/>\nViinamarjasort: 100% Chardonnay<br \/>\nApellatsioon: Chablis Premier Cru A.C.<br \/>\nAroom: Mineraalne, puuviljane<br \/>\nMaitse: V\u00e4rske, v\u00f5imas, kergelt tunda ingverit, p\u00e4hkleid ja kaneeli<\/p>\n","protected":false},"featured_media":1077,"template":"","meta":{"_acf_changed":false,"_kadence_starter_templates_imported_post":false,"_kad_post_transparent":"","_kad_post_title":"","_kad_post_layout":"","_kad_post_sidebar_id":"","_kad_post_content_style":"","_kad_post_vertical_padding":"","_kad_post_feature":"","_kad_post_feature_position":"","_kad_post_header":false,"_kad_post_footer":false},"product_brand":[],"product_cat":[21,180,57],"product_tag":[],"class_list":{"0":"post-1078","1":"product","2":"type-product","3":"status-publish","4":"has-post-thumbnail","6":"product_cat-valged-veinid","7":"product_cat-veinid","8":"product_cat-prantsuse-1","10":"first","11":"outofstock","12":"taxable","13":"shipping-taxable","14":"purchasable","15":"product-type-simple","16":"entry","17":"content-bg","18":"loop-entry"},"acf":[],"_links":{"self":[{"href":"https:\/\/mydrink.ee\/et\/wp-json\/wp\/v2\/product\/1078","targetHints":{"allow":["GET"]}}],"collection":[{"href":"https:\/\/mydrink.ee\/et\/wp-json\/wp\/v2\/product"}],"about":[{"href":"https:\/\/mydrink.ee\/et\/wp-json\/wp\/v2\/types\/product"}],"wp:featuredmedia":[{"embeddable":true,"href":"https:\/\/mydrink.ee\/et\/wp-json\/wp\/v2\/media\/1077"}],"wp:attachment":[{"href":"https:\/\/mydrink.ee\/et\/wp-json\/wp\/v2\/media?parent=1078"}],"wp:term":[{"taxonomy":"product_brand","embeddable":true,"href":"https:\/\/mydrink.ee\/et\/wp-json\/wp\/v2\/product_brand?post=1078"},{"taxonomy":"product_cat","embeddable":true,"href":"https:\/\/mydrink.ee\/et\/wp-json\/wp\/v2\/product_cat?post=1078"},{"taxonomy":"product_tag","embeddable":true,"href":"https:\/\/mydrink.ee\/et\/wp-json\/wp\/v2\/product_tag?post=1078"}],"curies":[{"name":"wp","href":"https:\/\/api.w.org\/{rel}","templated":true}]}}