{"id":1107,"date":"2012-07-13T10:49:36","date_gmt":"2012-07-13T07:49:36","guid":{"rendered":"https:\/\/mydrink.ee\/product\/yarden-chardonnay-21-14-5-75cl\/"},"modified":"2012-07-13T10:49:36","modified_gmt":"2012-07-13T07:49:36","slug":"yarden-chardonnay-21-14-5-75cl","status":"publish","type":"product","link":"https:\/\/mydrink.ee\/et\/product\/yarden-chardonnay-21-14-5-75cl\/","title":{"rendered":"YARDEN CHARDONNAY `21 14.5% 75CL"},"content":{"rendered":"<\/p>\n<p>Kosher<br \/>Yarden Chardonnay on 100% valmistatud Chardonnay viinamarjadest, mida kasvatatakse Golani k\u00f5rgendiku jahedas p\u00f5hjapoolses osas, piirkonnas, mis toodab pidevalt Iisraeli parimat Chardonnay\u2019d.<\/p>\n<p>Vein on k\u00e4\u00e4ritatud v\u00e4ikestes prantsuse tammest vaatides (50% uued) ja laagerdatud seitse kuud. Veinil on k\u00fcpse virsiku ja \u00f5una toonid, nendega kaasnevad troopiliste ja tsitrusviljade maitse ning v\u00e4rskete lillede varjundid.<\/p>\n<p>Tammele iseloomulik omadus on rikkalik ning vanilje- ja v\u00f5in\u00fcanssidega r\u00f5hutatud. See rikkaliku aroomiga vein on keeruline, elegantse, pika, maitsva viimistlusega. Seda v\u00f5ib kohe nautida, kuid ka laagerdada viiest seitsme aastani. Sobib suurep\u00e4raselt selliste toitudega nagu suitsukala. Suitsutatud v\u00f5i koorekastme lisandiga roogadega m\u00f5jub see suurep\u00e4rane ja ainulaadne vein \u00fcldiselt kenasti.<\/p>\n","protected":false},"excerpt":{"rendered":"<p>Liik: Vein<br \/>\nMagususe aste: Kuiv<br \/>\nKastis: 6<br \/>\nMaht: 75CL<br \/>\nAlkoholisisaldus: 14,5%<br \/>\nP\u00e4ritolumaa: Iisrael<br \/>\nPiirkond: Golani k\u00f5rgendik<br \/>\nViinamarjasort: Chardonnay<br \/>\nLaagerdamine: 7 kuud<br \/>\nMaitse: troopiliste- ja tsitrusviljade maitse<br \/>\nToidusoovitus: Suitsukala<\/p>\n","protected":false},"featured_media":1105,"template":"","meta":{"_acf_changed":false,"_kadence_starter_templates_imported_post":false,"_kad_post_transparent":"","_kad_post_title":"","_kad_post_layout":"","_kad_post_sidebar_id":"","_kad_post_content_style":"","_kad_post_vertical_padding":"","_kad_post_feature":"","_kad_post_feature_position":"","_kad_post_header":false,"_kad_post_footer":false},"product_brand":[],"product_cat":[21,180,102,62],"product_tag":[],"class_list":{"0":"post-1107","1":"product","2":"type-product","3":"status-publish","4":"has-post-thumbnail","6":"product_cat-valged-veinid","7":"product_cat-veinid","8":"product_cat-iisrael-1","9":"product_cat-muu-1-valged-veinid","11":"first","12":"instock","13":"taxable","14":"shipping-taxable","15":"purchasable","16":"product-type-simple","17":"entry","18":"content-bg","19":"loop-entry"},"acf":[],"_links":{"self":[{"href":"https:\/\/mydrink.ee\/et\/wp-json\/wp\/v2\/product\/1107","targetHints":{"allow":["GET"]}}],"collection":[{"href":"https:\/\/mydrink.ee\/et\/wp-json\/wp\/v2\/product"}],"about":[{"href":"https:\/\/mydrink.ee\/et\/wp-json\/wp\/v2\/types\/product"}],"wp:featuredmedia":[{"embeddable":true,"href":"https:\/\/mydrink.ee\/et\/wp-json\/wp\/v2\/media\/1105"}],"wp:attachment":[{"href":"https:\/\/mydrink.ee\/et\/wp-json\/wp\/v2\/media?parent=1107"}],"wp:term":[{"taxonomy":"product_brand","embeddable":true,"href":"https:\/\/mydrink.ee\/et\/wp-json\/wp\/v2\/product_brand?post=1107"},{"taxonomy":"product_cat","embeddable":true,"href":"https:\/\/mydrink.ee\/et\/wp-json\/wp\/v2\/product_cat?post=1107"},{"taxonomy":"product_tag","embeddable":true,"href":"https:\/\/mydrink.ee\/et\/wp-json\/wp\/v2\/product_tag?post=1107"}],"curies":[{"name":"wp","href":"https:\/\/api.w.org\/{rel}","templated":true}]}}