{"id":1149,"date":"2012-07-13T10:49:42","date_gmt":"2012-07-13T07:49:42","guid":{"rendered":"https:\/\/mydrink.ee\/product\/s-sohne-thomas-schmitt-kabinett-9-75cl\/"},"modified":"2026-03-28T15:49:52","modified_gmt":"2026-03-28T13:49:52","slug":"s-sohne-thomas-schmitt-kabinett-9-75cl","status":"publish","type":"product","link":"https:\/\/mydrink.ee\/et\/product\/s-sohne-thomas-schmitt-kabinett-9-75cl\/","title":{"rendered":"S.S\u00d6HNE THOMAS SCHMITT KABINETT  9% 75CL"},"content":{"rendered":"<p><span style=\"color: #000000; font-family: Montserrat, Helvetica, 'Arial sans-serif'; font-size: small; font-style: normal; font-variant-ligatures: normal; font-variant-caps: normal; font-weight: 400; letter-spacing: normal; text-align: start; text-indent: 0px; text-transform: none; word-spacing: 0px; -webkit-text-stroke-width: 0px; white-space: normal; background-color: #ffffff; text-decoration-thickness: initial; text-decoration-style: initial; text-decoration-color: initial; display: inline !important; float: none;\">Schmitt&#038;S\u00f6hne veinimaja on asutatud 1919.aastal Saksamaal. Schmitti esivanemad asusid elama v\u00e4ikesesse Longuichi k\u00fclla, mis asub Moseli j\u00f5e kaldal, ning hakkasid seal viinamarjaistandusi haldama ja veini tootma. T\u00e4na juhib veinimaja viiendat p\u00f5lvkonda kuuluv Schmitt S\u00f6hne , olles Saksamaa \u00fcks suurimaid ja edukamaid veini eksportijaid.<\/span><\/p>\n","protected":false},"excerpt":{"rendered":"<p><span style=\"font-size: small;\">Liik: Kaitstud p&auml;ritolunimetusega vein <\/span><br \/><span style=\"font-size: small;\">Kastis: 6 <\/span><br \/><span style=\"font-size: small;\">Maht: 75CL <\/span><br \/><span style=\"font-size: small;\">Alkoholisisaldus: 9% <\/span><br \/><span style=\"font-size: small;\">P&auml;ritolumaa: Saksamaa <\/span><br \/><span style=\"font-size: small;\">Piirkond: Mosel <\/span><br \/><span style=\"font-size: small;\">Viinamarjasort: 100% Riesling <\/span><br \/><span style=\"font-size: small;\">Tootmisviis: V<span style=\"color: #000000; font-family: Montserrat, Helvetica, 'Arial sans-serif'; font-style: normal; font-variant-ligatures: normal; font-variant-caps: normal; font-weight: 400; letter-spacing: normal; text-align: left; text-indent: 0px; text-transform: none; word-spacing: 0px; -webkit-text-stroke-width: 0px; white-space: normal; background-color: #ffffff; text-decoration-thickness: initial; text-decoration-style: initial; text-decoration-color: initial; display: inline !important; float: none;\">iinamarjad korjatakse Moseli piirkonnast nende parimas k&uuml;psusastmes (t&auml;isk&uuml;psetest viinamarjadest, alates 73 &deg;Oechsle) sorteeritakse ja pressitakse. Fermentatsioon toimub kontrollitud temperatuuriga roostevabast terasvaadis. Vein ei ole l&auml;binud malolaktilist fermentatsiooni. J&auml;&auml;ksuhkur 30-40g\/L<\/span><\/span><br \/><span style=\"font-size: small;\">Aroom: V&auml;rske, v&otilde;imas, puuviljane, lilleline tunda &otilde;una, aprikoosi, tsitruselisi <\/span><br \/><span style=\"font-size: small;\">Maitse: <span style=\"color: #000000; font-family: Montserrat, Helvetica, 'Arial sans-serif'; font-style: normal; font-variant-ligatures: normal; font-variant-caps: normal; font-weight: 400; letter-spacing: normal; text-align: left; text-indent: 0px; text-transform: none; word-spacing: 0px; -webkit-text-stroke-width: 0px; white-space: normal; background-color: #ffffff; text-decoration-thickness: initial; text-decoration-style: initial; text-decoration-color: initial; display: inline !important; float: none;\">Maitse on off-dry stiiliga, mineraalne, keskmise kehandiga, tunda &uuml;lek&uuml;psenud kollaseid troopilisi puuvilju, mineraalsust, valgeid s&otilde;straid.<\/span> <\/span><br \/><span style=\"font-size: small;\">Toidusoovitus: <span style=\"color: #000000; font-family: Montserrat, Helvetica, 'Arial sans-serif'; font-style: normal; font-variant-ligatures: normal; font-variant-caps: normal; font-weight: 400; letter-spacing: normal; text-align: left; text-indent: 0px; text-transform: none; word-spacing: 0px; -webkit-text-stroke-width: 0px; white-space: normal; background-color: #ffffff; text-decoration-thickness: initial; text-decoration-style: initial; text-decoration-color: initial; display: inline !important; float: none;\">Aasia k&ouml;&ouml;k, aperitiiv, sushi&amp;sashimi, mereannid, kergemad juustud, Iseseisvalt nautimiseks<\/span>.<\/span><br \/><span style=\"font-size: small;\">Serveerimine: 6-8 C<\/span><\/p>\n","protected":false},"featured_media":1148,"template":"","meta":{"_acf_changed":false,"_kadence_starter_templates_imported_post":false,"_kad_post_transparent":"","_kad_post_title":"","_kad_post_layout":"","_kad_post_sidebar_id":"","_kad_post_content_style":"","_kad_post_vertical_padding":"","_kad_post_feature":"","_kad_post_feature_position":"","_kad_post_header":false,"_kad_post_footer":false},"product_brand":[],"product_cat":[21,180,58],"product_tag":[],"class_list":{"0":"post-1149","1":"product","2":"type-product","3":"status-publish","4":"has-post-thumbnail","6":"product_cat-valged-veinid","7":"product_cat-veinid","8":"product_cat-saksa-1","10":"first","11":"instock","12":"taxable","13":"shipping-taxable","14":"purchasable","15":"product-type-simple","16":"entry","17":"content-bg","18":"loop-entry"},"acf":[],"_links":{"self":[{"href":"https:\/\/mydrink.ee\/et\/wp-json\/wp\/v2\/product\/1149","targetHints":{"allow":["GET"]}}],"collection":[{"href":"https:\/\/mydrink.ee\/et\/wp-json\/wp\/v2\/product"}],"about":[{"href":"https:\/\/mydrink.ee\/et\/wp-json\/wp\/v2\/types\/product"}],"wp:featuredmedia":[{"embeddable":true,"href":"https:\/\/mydrink.ee\/et\/wp-json\/wp\/v2\/media\/1148"}],"wp:attachment":[{"href":"https:\/\/mydrink.ee\/et\/wp-json\/wp\/v2\/media?parent=1149"}],"wp:term":[{"taxonomy":"product_brand","embeddable":true,"href":"https:\/\/mydrink.ee\/et\/wp-json\/wp\/v2\/product_brand?post=1149"},{"taxonomy":"product_cat","embeddable":true,"href":"https:\/\/mydrink.ee\/et\/wp-json\/wp\/v2\/product_cat?post=1149"},{"taxonomy":"product_tag","embeddable":true,"href":"https:\/\/mydrink.ee\/et\/wp-json\/wp\/v2\/product_tag?post=1149"}],"curies":[{"name":"wp","href":"https:\/\/api.w.org\/{rel}","templated":true}]}}