{"id":1168,"date":"2012-07-13T10:49:44","date_gmt":"2012-07-13T07:49:44","guid":{"rendered":"https:\/\/mydrink.ee\/product\/berton-foundstone-chardonnay-viognier-07-14-75cl\/"},"modified":"2012-07-13T10:49:44","modified_gmt":"2012-07-13T07:49:44","slug":"berton-foundstone-chardonnay-viognier-07-14-75cl","status":"publish","type":"product","link":"https:\/\/mydrink.ee\/et\/product\/berton-foundstone-chardonnay-viognier-07-14-75cl\/","title":{"rendered":"BERTON FOUNDSTONE CHARDONNAY VIOGNIER `07 14% 75CL"},"content":{"rendered":"<p>FoundStone on Berton Vineyards\u00b4i esimene tootesari, mis t\u00e4nu edukusele senini tootmises p\u00fcsib. Viinamarjad p\u00e4rinevad p\u00e4ikselisest Austraalia kaguosast ning veinid on m\u00f5eldud tarbimiseks noorelt ja v\u00e4rskelt.<br \/>\nFOUNDSTONE Chardonnay Viognier on valmistatud kahest erinevast, kuid omavahel h\u00e4sti sobivast viinamarjast.<br \/>\nVeinimeister:  James Ceccato<\/p>\n","protected":false},"excerpt":{"rendered":"<p>Liik: Veinid, Valge vein<br \/>\nKastis: 6<br \/>\nMaht: 75CL<br \/>\nAlkoholisisaldus: 13,5%<br \/>\nP\u00e4ritolumaa: Austraalia<br \/>\nPiirkond: Austraalia<br \/>\nViinamarjasort: Chardonnay, Viognier<br \/>\nAroom: Chardonnay pakub puuviljast, virsiku ja nektariini aroomi, Viognier t\u00e4iustab seda apelsini ja roosi aroomidega<br \/>\nMaitse: Maitselt rikkalik, puuviljane, kergelt v\u00fcrtsikas, vaniljene. M\u00f5\u00f5dukas hape annab veinile pika ja meeldej\u00e4\u00e4va j\u00e4relmaitse<br \/>\nToidusoovitus: Naudi aperitiivina v\u00f5i koos kergete kana-ja kalaroogadega<br \/>\nServeerimine: 8-10 C<\/p>\n","protected":false},"featured_media":1167,"template":"","meta":{"_acf_changed":false,"_kadence_starter_templates_imported_post":false,"_kad_post_transparent":"","_kad_post_title":"","_kad_post_layout":"","_kad_post_sidebar_id":"","_kad_post_content_style":"","_kad_post_vertical_padding":"","_kad_post_feature":"","_kad_post_feature_position":"","_kad_post_header":false,"_kad_post_footer":false},"product_brand":[],"product_cat":[53,21,180],"product_tag":[],"class_list":{"0":"post-1168","1":"product","2":"type-product","3":"status-publish","4":"has-post-thumbnail","6":"product_cat-austraalia-1","7":"product_cat-valged-veinid","8":"product_cat-veinid","10":"first","11":"outofstock","12":"taxable","13":"shipping-taxable","14":"purchasable","15":"product-type-simple","16":"entry","17":"content-bg","18":"loop-entry"},"acf":[],"_links":{"self":[{"href":"https:\/\/mydrink.ee\/et\/wp-json\/wp\/v2\/product\/1168","targetHints":{"allow":["GET"]}}],"collection":[{"href":"https:\/\/mydrink.ee\/et\/wp-json\/wp\/v2\/product"}],"about":[{"href":"https:\/\/mydrink.ee\/et\/wp-json\/wp\/v2\/types\/product"}],"wp:featuredmedia":[{"embeddable":true,"href":"https:\/\/mydrink.ee\/et\/wp-json\/wp\/v2\/media\/1167"}],"wp:attachment":[{"href":"https:\/\/mydrink.ee\/et\/wp-json\/wp\/v2\/media?parent=1168"}],"wp:term":[{"taxonomy":"product_brand","embeddable":true,"href":"https:\/\/mydrink.ee\/et\/wp-json\/wp\/v2\/product_brand?post=1168"},{"taxonomy":"product_cat","embeddable":true,"href":"https:\/\/mydrink.ee\/et\/wp-json\/wp\/v2\/product_cat?post=1168"},{"taxonomy":"product_tag","embeddable":true,"href":"https:\/\/mydrink.ee\/et\/wp-json\/wp\/v2\/product_tag?post=1168"}],"curies":[{"name":"wp","href":"https:\/\/api.w.org\/{rel}","templated":true}]}}