{"id":1190,"date":"2012-07-13T10:49:47","date_gmt":"2012-07-13T07:49:47","guid":{"rendered":"https:\/\/mydrink.ee\/product\/el-descanso-sauvignon-blanc-08-13-5-75cl\/"},"modified":"2012-07-13T10:49:47","modified_gmt":"2012-07-13T07:49:47","slug":"el-descanso-sauvignon-blanc-08-13-5-75cl","status":"publish","type":"product","link":"https:\/\/mydrink.ee\/et\/product\/el-descanso-sauvignon-blanc-08-13-5-75cl\/","title":{"rendered":"EL DESCANSO SAUVIGNON BLANC\u00b408 13,5% 75CL"},"content":{"rendered":"<p>V\u00e4rvus: \u00d5lek\u00f5rre kollane<br \/>\nS\u00e4ilitamispotentsiaal: Parim tarvitada noorena, s\u00e4ilib heades tingimustes kuni 3 aastat.<br \/>\nK\u00fclm maseratsioon terastankides koos valitud koorte-ja vartega temperatuuril 10-15\u00b0C kestab kuni 7 p\u00e4eva. Kolme kuu p\u00e4rast toimub l\u00f5plik filtreerimine ja pudeldamine.<\/p>\n","protected":false},"excerpt":{"rendered":"<p>Liik: Geograafilise t\u00e4hisega vein<br \/>\nKastis: 6<br \/>\nMaht: 75CL<br \/>\nAlkoholisisaldus: 13,5%<br \/>\nP\u00e4ritolumaa: T\u0161iili<br \/>\nPiirkond: Central Valley<br \/>\nViinamarjasort: Sauvignon Blanc<br \/>\nAroom: V\u00e4rske, intensiivsed aroomid ,milles tunda nii ananassi kui tsitruselisi<br \/>\nMaitse: Mahlane, v\u00e4rske, keskmise t\u00e4idlusega valge vein, hea happe ja pika j\u00e4relmaitsega<br \/>\nToidusoovitus: Sobib iseseisvalt tarbimiseks ja aperatiivina. Sobib ka erinevate v\u00e4rskete salatite juurde, samuti mereandidega.<br \/>\nServeerimine: 8-10 C<\/p>\n","protected":false},"featured_media":1189,"template":"","meta":{"_acf_changed":false,"_kadence_starter_templates_imported_post":false,"_kad_post_transparent":"","_kad_post_title":"","_kad_post_layout":"","_kad_post_sidebar_id":"","_kad_post_content_style":"","_kad_post_vertical_padding":"","_kad_post_feature":"","_kad_post_feature_position":"","_kad_post_header":false,"_kad_post_footer":false},"product_brand":[],"product_cat":[110,21,180,59,63],"product_tag":[],"class_list":{"0":"post-1190","1":"product","2":"type-product","3":"status-publish","4":"has-post-thumbnail","6":"product_cat-pakkumised","7":"product_cat-valged-veinid","8":"product_cat-veinid","9":"product_cat-tshiili","10":"product_cat-soodus-1-valged-veinid","12":"first","13":"outofstock","14":"taxable","15":"shipping-taxable","16":"purchasable","17":"product-type-simple","18":"entry","19":"content-bg","20":"loop-entry"},"acf":[],"_links":{"self":[{"href":"https:\/\/mydrink.ee\/et\/wp-json\/wp\/v2\/product\/1190","targetHints":{"allow":["GET"]}}],"collection":[{"href":"https:\/\/mydrink.ee\/et\/wp-json\/wp\/v2\/product"}],"about":[{"href":"https:\/\/mydrink.ee\/et\/wp-json\/wp\/v2\/types\/product"}],"wp:featuredmedia":[{"embeddable":true,"href":"https:\/\/mydrink.ee\/et\/wp-json\/wp\/v2\/media\/1189"}],"wp:attachment":[{"href":"https:\/\/mydrink.ee\/et\/wp-json\/wp\/v2\/media?parent=1190"}],"wp:term":[{"taxonomy":"product_brand","embeddable":true,"href":"https:\/\/mydrink.ee\/et\/wp-json\/wp\/v2\/product_brand?post=1190"},{"taxonomy":"product_cat","embeddable":true,"href":"https:\/\/mydrink.ee\/et\/wp-json\/wp\/v2\/product_cat?post=1190"},{"taxonomy":"product_tag","embeddable":true,"href":"https:\/\/mydrink.ee\/et\/wp-json\/wp\/v2\/product_tag?post=1190"}],"curies":[{"name":"wp","href":"https:\/\/api.w.org\/{rel}","templated":true}]}}