{"id":1196,"date":"2012-07-13T10:49:48","date_gmt":"2012-07-13T07:49:48","guid":{"rendered":"https:\/\/mydrink.ee\/product\/collavini-broy-doc-collio-0813-5-75cl\/"},"modified":"2012-07-13T10:49:48","modified_gmt":"2012-07-13T07:49:48","slug":"collavini-broy-doc-collio-0813-5-75cl","status":"publish","type":"product","link":"https:\/\/mydrink.ee\/et\/product\/collavini-broy-doc-collio-0813-5-75cl\/","title":{"rendered":"COLLAVINI BROY DOC COLLIO\u00b416 13% 75CL"},"content":{"rendered":"<p>ISTIKUTE TIHEDUS: Kuni 4500 veini hektarilt.<br \/>\nKORJE AEG: September<br \/>\nVEINIVALMISTAMISE TEHNOLOOGIA<br \/>\nFriulano ja Chardonnay viinamarju kuivatatakse temperatuuril 8 &#8211; 10 \u00b0C, kus nad kaotavad 15 kuni 20% oma veesisaldusest. Sauvignon pressitakse \u00f5rnalt madalal temperatuuril ning seej\u00e4rel konserveeritakse veelgi madalamal temperatuuril. Friulano ja Chardonnay pressitakse n\u00f6. free-run meetodil ning seej\u00e4rel k\u00f5ik marjad segatakse kokku ja algab fermentatsioon terastankides.<br \/>\nVEIN<br \/>\nV\u00e4ga s\u00fcgava kuldkollase v\u00e4rvusega.<\/p>\n","protected":false},"excerpt":{"rendered":"<p>Liik: Kaitstud p\u00e4ritolunimetusega vein<br \/>\nKastis: 6<br \/>\nMaht: 75CL<br \/>\nAlkoholisisaldus: 13,5%<br \/>\nP\u00e4ritolumaa: Itaalia<br \/>\nPiirkond: Friuli<br \/>\nViinamarjasort: Chardonnay (40%), Friulano (40%), Sauvignon (20%)<br \/>\nApellatsioon: Collio<br \/>\nAroom: Aroomis varieeruvad puuviljad, troopilised viljad ning veidike mett.<br \/>\nMaitse: Maitse t\u00e4idlane, tunda nii puuviljasust, kerget mett, vaniljet, heas tasakaalus.<br \/>\nToidusoovitus: Ahjus k\u00fcpsetatud kalaroogadega, heledas kastmes valgete liharoogadega, risottodega ja valgehallitusjuustudega.<br \/>\nServeerimine: Serveeri temperatuuril 10-12 \u00b0C Riedel\u00b4i Montrachet klaasist v\u00f5i sarnasest.<\/p>\n","protected":false},"featured_media":1195,"template":"","meta":{"_acf_changed":false,"_kadence_starter_templates_imported_post":false,"_kad_post_transparent":"","_kad_post_title":"","_kad_post_layout":"","_kad_post_sidebar_id":"","_kad_post_content_style":"","_kad_post_vertical_padding":"","_kad_post_feature":"","_kad_post_feature_position":"","_kad_post_header":false,"_kad_post_footer":false},"product_brand":[],"product_cat":[21,180,55],"product_tag":[],"class_list":{"0":"post-1196","1":"product","2":"type-product","3":"status-publish","4":"has-post-thumbnail","6":"product_cat-valged-veinid","7":"product_cat-veinid","8":"product_cat-itaalia-1","10":"first","11":"instock","12":"taxable","13":"shipping-taxable","14":"purchasable","15":"product-type-simple","16":"entry","17":"content-bg","18":"loop-entry"},"acf":[],"_links":{"self":[{"href":"https:\/\/mydrink.ee\/et\/wp-json\/wp\/v2\/product\/1196","targetHints":{"allow":["GET"]}}],"collection":[{"href":"https:\/\/mydrink.ee\/et\/wp-json\/wp\/v2\/product"}],"about":[{"href":"https:\/\/mydrink.ee\/et\/wp-json\/wp\/v2\/types\/product"}],"wp:featuredmedia":[{"embeddable":true,"href":"https:\/\/mydrink.ee\/et\/wp-json\/wp\/v2\/media\/1195"}],"wp:attachment":[{"href":"https:\/\/mydrink.ee\/et\/wp-json\/wp\/v2\/media?parent=1196"}],"wp:term":[{"taxonomy":"product_brand","embeddable":true,"href":"https:\/\/mydrink.ee\/et\/wp-json\/wp\/v2\/product_brand?post=1196"},{"taxonomy":"product_cat","embeddable":true,"href":"https:\/\/mydrink.ee\/et\/wp-json\/wp\/v2\/product_cat?post=1196"},{"taxonomy":"product_tag","embeddable":true,"href":"https:\/\/mydrink.ee\/et\/wp-json\/wp\/v2\/product_tag?post=1196"}],"curies":[{"name":"wp","href":"https:\/\/api.w.org\/{rel}","templated":true}]}}