{"id":1198,"date":"2012-07-13T10:49:49","date_gmt":"2012-07-13T07:49:49","guid":{"rendered":"https:\/\/mydrink.ee\/product\/collavini-ribolla-gialla-turian-08-12-5-75cl\/"},"modified":"2012-07-13T10:49:49","modified_gmt":"2012-07-13T07:49:49","slug":"collavini-ribolla-gialla-turian-08-12-5-75cl","status":"publish","type":"product","link":"https:\/\/mydrink.ee\/et\/product\/collavini-ribolla-gialla-turian-08-12-5-75cl\/","title":{"rendered":"COLLAVINI RIBOLLA GIALLA TURIAN 12,5% 75CL"},"content":{"rendered":"<p>ISTIKUTE TIHEDUS: 4200 kuni 4800 veini hektarilt<br \/>\nKORJE AEG: Hiline September<br \/>\nVEINIVALMISTAMISE TEHNOLOOGIA<br \/>\nMarjad pressitakse samal \u00f6\u00f6l temperatuuril 12 \u00b0C, millele j\u00e4rgneb kontrollitud temperatuuriga fermentatsioon terastankides. K\u00fcpsemine samuti terastankides.<br \/>\nVEIN<br \/>\n\u00d5lek\u00f5rre kollane v\u00e4rvus, roheka alatooniga.<\/p>\n","protected":false},"excerpt":{"rendered":"<p>Liik:\tKaitstud p\u00e4ritolunimetusega vein<br \/>\nKastis: 6<br \/>\nMaht: 75CL<br \/>\nAlkoholisisaldus: 12,5%<br \/>\nP\u00e4ritolumaa: Itaalia<br \/>\nPiirkond: Friuli<br \/>\nViinamarjasort: Ribolla Gialla<br \/>\nApellatsioon: Colli Orientali del Friuli<br \/>\nAroom: Aroomis eelk\u00f5ige tsitrused, kollaseid ploome, virsikut.<br \/>\nMaitse: Maitse t\u00e4idlane, domineerivad kollased \u00f5unad ja kollane ploom, lisaks vaniljet ja veidike valget pipart.<br \/>\nToidusoovitus: Vein sobib aperitiivina, eelroogadega, kalasuppidega, eriti h\u00e4sti karpkalast valmistatud roogadega.<br \/>\nServeerimine: Serveeri temperatuuril 10-12\u00b0C Riedel\u00b4i Bordeaux klaasist v\u00f5i sarnasest.<\/p>\n","protected":false},"featured_media":1197,"template":"","meta":{"_acf_changed":false,"_kadence_starter_templates_imported_post":false,"_kad_post_transparent":"","_kad_post_title":"","_kad_post_layout":"","_kad_post_sidebar_id":"","_kad_post_content_style":"","_kad_post_vertical_padding":"","_kad_post_feature":"","_kad_post_feature_position":"","_kad_post_header":false,"_kad_post_footer":false},"product_brand":[],"product_cat":[21,180,55],"product_tag":[],"class_list":{"0":"post-1198","1":"product","2":"type-product","3":"status-publish","4":"has-post-thumbnail","6":"product_cat-valged-veinid","7":"product_cat-veinid","8":"product_cat-itaalia-1","10":"first","11":"instock","12":"taxable","13":"shipping-taxable","14":"purchasable","15":"product-type-simple","16":"entry","17":"content-bg","18":"loop-entry"},"acf":[],"_links":{"self":[{"href":"https:\/\/mydrink.ee\/et\/wp-json\/wp\/v2\/product\/1198","targetHints":{"allow":["GET"]}}],"collection":[{"href":"https:\/\/mydrink.ee\/et\/wp-json\/wp\/v2\/product"}],"about":[{"href":"https:\/\/mydrink.ee\/et\/wp-json\/wp\/v2\/types\/product"}],"wp:featuredmedia":[{"embeddable":true,"href":"https:\/\/mydrink.ee\/et\/wp-json\/wp\/v2\/media\/1197"}],"wp:attachment":[{"href":"https:\/\/mydrink.ee\/et\/wp-json\/wp\/v2\/media?parent=1198"}],"wp:term":[{"taxonomy":"product_brand","embeddable":true,"href":"https:\/\/mydrink.ee\/et\/wp-json\/wp\/v2\/product_brand?post=1198"},{"taxonomy":"product_cat","embeddable":true,"href":"https:\/\/mydrink.ee\/et\/wp-json\/wp\/v2\/product_cat?post=1198"},{"taxonomy":"product_tag","embeddable":true,"href":"https:\/\/mydrink.ee\/et\/wp-json\/wp\/v2\/product_tag?post=1198"}],"curies":[{"name":"wp","href":"https:\/\/api.w.org\/{rel}","templated":true}]}}