{"id":1202,"date":"2012-07-13T10:49:50","date_gmt":"2012-07-13T07:49:50","guid":{"rendered":"https:\/\/mydrink.ee\/product\/collavini-chardonnay-sassi-cavi-20-13-75cl\/"},"modified":"2012-07-13T10:49:50","modified_gmt":"2012-07-13T07:49:50","slug":"collavini-chardonnay-sassi-cavi-20-13-75cl","status":"publish","type":"product","link":"https:\/\/mydrink.ee\/et\/product\/collavini-chardonnay-sassi-cavi-20-13-75cl\/","title":{"rendered":"COLLAVINI CHARDONNAY SASSI CAVI \u00b420 13% 75CL"},"content":{"rendered":"<p>ISTIKUTE TIHEDUS: 4200 kuni 5000 veini hektarilt<br \/>\nKORJE AEG: September<br \/>\nVEINIVALMISTAMISE TEHNOLOOGIA<br \/>\nLeotamine koos kestadega temperatuuril 12 \u00b0C kuni 16 tundi ning seej\u00e4rel k\u00e4\u00e4ritatakse reguleeritava temperatuuriga. Osaline k\u00fcpsemine tammevaadis.<\/p>\n","protected":false},"excerpt":{"rendered":"<p>Liik: Kaitstud p\u00e4ritolunimetusega vein<br \/>\nKastis: 12<br \/>\nMaht: 75CL<br \/>\nAlkoholisisaldus: 12,5%<br \/>\nP\u00e4ritolumaa: Itaalia<br \/>\nPiirkond: Friuli<br \/>\nViinamarjasort: Chardonnay<br \/>\nApellatsioon: Collio<br \/>\nAroom: Aroomis domineerivad kollased \u00f5unad, r\u00f6stitud leib, vanilje, veidike mett ning akaatsiat.<br \/>\nMaitse: Maitses domineerivad kollased \u00f5unad, r\u00f6stitud leib, vanilje, veidike mett ning akaatsiat. Pikk ja meeldej\u00e4\u00e4v j\u00e4relmaitse.<br \/>\nToidusoovitus: Ideaalne aperitiivina, mereandidest valmistatud eelroad, valged liha-ja kalaroad.<br \/>\nServeerimine: Serveeri temperatuuril 10-12\u00b0C Riedel\u00b4i Chardonnay klaasist v\u00f5i sarnasest.<\/p>\n","protected":false},"featured_media":1201,"template":"","meta":{"_acf_changed":false,"_kadence_starter_templates_imported_post":false,"_kad_post_transparent":"","_kad_post_title":"","_kad_post_layout":"","_kad_post_sidebar_id":"","_kad_post_content_style":"","_kad_post_vertical_padding":"","_kad_post_feature":"","_kad_post_feature_position":"","_kad_post_header":false,"_kad_post_footer":false},"product_brand":[],"product_cat":[21,180,55],"product_tag":[],"class_list":{"0":"post-1202","1":"product","2":"type-product","3":"status-publish","4":"has-post-thumbnail","6":"product_cat-valged-veinid","7":"product_cat-veinid","8":"product_cat-itaalia-1","10":"first","11":"instock","12":"taxable","13":"shipping-taxable","14":"purchasable","15":"product-type-simple","16":"entry","17":"content-bg","18":"loop-entry"},"acf":[],"_links":{"self":[{"href":"https:\/\/mydrink.ee\/et\/wp-json\/wp\/v2\/product\/1202","targetHints":{"allow":["GET"]}}],"collection":[{"href":"https:\/\/mydrink.ee\/et\/wp-json\/wp\/v2\/product"}],"about":[{"href":"https:\/\/mydrink.ee\/et\/wp-json\/wp\/v2\/types\/product"}],"wp:featuredmedia":[{"embeddable":true,"href":"https:\/\/mydrink.ee\/et\/wp-json\/wp\/v2\/media\/1201"}],"wp:attachment":[{"href":"https:\/\/mydrink.ee\/et\/wp-json\/wp\/v2\/media?parent=1202"}],"wp:term":[{"taxonomy":"product_brand","embeddable":true,"href":"https:\/\/mydrink.ee\/et\/wp-json\/wp\/v2\/product_brand?post=1202"},{"taxonomy":"product_cat","embeddable":true,"href":"https:\/\/mydrink.ee\/et\/wp-json\/wp\/v2\/product_cat?post=1202"},{"taxonomy":"product_tag","embeddable":true,"href":"https:\/\/mydrink.ee\/et\/wp-json\/wp\/v2\/product_tag?post=1202"}],"curies":[{"name":"wp","href":"https:\/\/api.w.org\/{rel}","templated":true}]}}