{"id":1257,"date":"2012-09-06T10:11:09","date_gmt":"2012-09-06T07:11:09","guid":{"rendered":"https:\/\/mydrink.ee\/product\/dooley-s-tropical-creamliqueur-15-100cl\/"},"modified":"2025-09-09T03:03:45","modified_gmt":"2025-09-09T00:03:45","slug":"dooley-s-tropical-creamliqueur-15-100cl","status":"publish","type":"product","link":"https:\/\/mydrink.ee\/et\/product\/dooley-s-tropical-creamliqueur-15-100cl\/","title":{"rendered":"DOOLEY&#8217;S TROPICAL CREAMLIQUEUR 15% 100CL"},"content":{"rendered":"<p>Enamikku koorelik\u00f6\u00f6ridest ei saa kasutada paljudes, eriti happeliste osistega (nt mahlad) kokteilides, kuna lik\u00f6\u00f6r kipub happe m\u00f5jul kalgendama (l\u00e4heb t\u00fckki). Dooley\u2019se valmistamisel kasutatakse oluliselt v\u00e4iksema rasvasisaldusega koort kui enamikes teistes koorelik\u00f6\u00f6rides. V\u00e4iksem rasvasisaldus annab Dooley\u2019sele kreemlik\u00f6\u00f6ride jaoks tavatult hea segatavuse, v\u00f5imaldades seda kasutada peaaegu igat t\u00fc\u00fcpi kokteilides. DOOLEY\u2019S FRUIT JUICE &#038; CREAM on suurep\u00e4rane tarbida puhtalt purustatud j\u00e4\u00e4l, kaunistatud tilga grenadinisiirupiga v\u00f5i erinevates kokteilides.<\/p>\n","protected":false},"excerpt":{"rendered":"<p>Liik: Kange alkohol, Lik\u00f6\u00f6r<br \/>\nKastis: 6<br \/>\nMaht: 100CL<br \/>\nAlkoholisisaldus: 15%<br \/>\nP\u00e4ritolumaa: Saksamaa<\/p>\n","protected":false},"featured_media":1256,"template":"","meta":{"_acf_changed":false,"_kadence_starter_templates_imported_post":false,"_kad_post_transparent":"","_kad_post_title":"","_kad_post_layout":"","_kad_post_sidebar_id":"","_kad_post_content_style":"","_kad_post_vertical_padding":"","_kad_post_feature":"","_kad_post_feature_position":"","_kad_post_header":false,"_kad_post_footer":false},"product_brand":[],"product_cat":[26,43],"product_tag":[],"class_list":{"0":"post-1257","1":"product","2":"type-product","3":"status-publish","4":"has-post-thumbnail","6":"product_cat-kange-alkohol","7":"product_cat-likoor","9":"first","10":"outofstock","11":"taxable","12":"shipping-taxable","13":"purchasable","14":"product-type-simple","15":"entry","16":"content-bg","17":"loop-entry"},"acf":[],"_links":{"self":[{"href":"https:\/\/mydrink.ee\/et\/wp-json\/wp\/v2\/product\/1257","targetHints":{"allow":["GET"]}}],"collection":[{"href":"https:\/\/mydrink.ee\/et\/wp-json\/wp\/v2\/product"}],"about":[{"href":"https:\/\/mydrink.ee\/et\/wp-json\/wp\/v2\/types\/product"}],"wp:featuredmedia":[{"embeddable":true,"href":"https:\/\/mydrink.ee\/et\/wp-json\/wp\/v2\/media\/1256"}],"wp:attachment":[{"href":"https:\/\/mydrink.ee\/et\/wp-json\/wp\/v2\/media?parent=1257"}],"wp:term":[{"taxonomy":"product_brand","embeddable":true,"href":"https:\/\/mydrink.ee\/et\/wp-json\/wp\/v2\/product_brand?post=1257"},{"taxonomy":"product_cat","embeddable":true,"href":"https:\/\/mydrink.ee\/et\/wp-json\/wp\/v2\/product_cat?post=1257"},{"taxonomy":"product_tag","embeddable":true,"href":"https:\/\/mydrink.ee\/et\/wp-json\/wp\/v2\/product_tag?post=1257"}],"curies":[{"name":"wp","href":"https:\/\/api.w.org\/{rel}","templated":true}]}}