{"id":1337,"date":"2012-09-06T10:20:33","date_gmt":"2012-09-06T07:20:33","guid":{"rendered":"https:\/\/mydrink.ee\/product\/yellow-tail-bubbles-rose-11-5-75cl\/"},"modified":"2012-09-06T10:20:33","modified_gmt":"2012-09-06T07:20:33","slug":"yellow-tail-bubbles-rose-11-5-75cl","status":"publish","type":"product","link":"https:\/\/mydrink.ee\/et\/product\/yellow-tail-bubbles-rose-11-5-75cl\/","title":{"rendered":"YELLOW TAIL BUBBLES ROSE 11,5% 75CL"},"content":{"rendered":"<p>Kastis: 6<br \/>\nMaht: 75CL<\/p>\n","protected":false},"excerpt":{"rendered":"<p>Liik: \u0160ampanjad ja vahuveinid, Vahuvein<br \/>\nKastis: 6<br \/>\nMaht: 75CL<br \/>\nAlkoholisisaldus: 11,5%<br \/>\nP\u00e4ritolumaa: Austraalia<br \/>\nPiirkond: South-Eastern<br \/>\nViinamarjasort: Bubbles Ros\u00e9 on valmistatud peamiselt valgetest viinamarjadest, millele on lisatud veidike Shiraz\u00b4i<br \/>\nLaagerdamine: Viinamarjad on varakult korjatud ning \u00f5rnalt pressitud. K\u00e4\u00e4ritamine toimub madalal temperatuuril (Charmat meetodil), et s\u00e4ilitada maksimaalne v\u00e4rskus ja maitse.<br \/>\nMaitse: Bubbles Ros\u00e9\u00b4l on pehme ja kreemine maitse, t\u00e4nu arvukatele peenikestele mullidele. Iga s\u00f5\u00f5m on t\u00e4is maasikasi ning v\u00fcrtsikaid maitseelamusi.<br \/>\nToidusoovitus: Bubbles on loodud lihtsa filosoofilise meelega, et valmistada head vahuveini, mida v\u00f5ib nautida iga\u00fcks, igal ajal ja kohas. See on vahuvein, mis on sama hea kui \u0161ampanja, elavdab Teie tavalised hetked erilisteks \u2013 ja seda igap\u00e4ev! Naudi jahutatult!<\/p>\n","protected":false},"featured_media":1336,"template":"","meta":{"_acf_changed":false,"_kadence_starter_templates_imported_post":false,"_kad_post_transparent":"","_kad_post_title":"","_kad_post_layout":"","_kad_post_sidebar_id":"","_kad_post_content_style":"","_kad_post_vertical_padding":"","_kad_post_feature":"","_kad_post_feature_position":"","_kad_post_header":false,"_kad_post_footer":false},"product_brand":[],"product_cat":[76,123,24],"product_tag":[],"class_list":{"0":"post-1337","1":"product","2":"type-product","3":"status-publish","4":"has-post-thumbnail","6":"product_cat-austraalia-1-2","7":"product_cat-vahuveinid-1","8":"product_cat-vahuveinid","10":"first","11":"instock","12":"taxable","13":"shipping-taxable","14":"purchasable","15":"product-type-simple","16":"entry","17":"content-bg","18":"loop-entry"},"acf":[],"_links":{"self":[{"href":"https:\/\/mydrink.ee\/et\/wp-json\/wp\/v2\/product\/1337","targetHints":{"allow":["GET"]}}],"collection":[{"href":"https:\/\/mydrink.ee\/et\/wp-json\/wp\/v2\/product"}],"about":[{"href":"https:\/\/mydrink.ee\/et\/wp-json\/wp\/v2\/types\/product"}],"wp:featuredmedia":[{"embeddable":true,"href":"https:\/\/mydrink.ee\/et\/wp-json\/wp\/v2\/media\/1336"}],"wp:attachment":[{"href":"https:\/\/mydrink.ee\/et\/wp-json\/wp\/v2\/media?parent=1337"}],"wp:term":[{"taxonomy":"product_brand","embeddable":true,"href":"https:\/\/mydrink.ee\/et\/wp-json\/wp\/v2\/product_brand?post=1337"},{"taxonomy":"product_cat","embeddable":true,"href":"https:\/\/mydrink.ee\/et\/wp-json\/wp\/v2\/product_cat?post=1337"},{"taxonomy":"product_tag","embeddable":true,"href":"https:\/\/mydrink.ee\/et\/wp-json\/wp\/v2\/product_tag?post=1337"}],"curies":[{"name":"wp","href":"https:\/\/api.w.org\/{rel}","templated":true}]}}