{"id":1371,"date":"2012-09-06T10:27:57","date_gmt":"2012-09-06T07:27:57","guid":{"rendered":"https:\/\/mydrink.ee\/product\/vionta-albarinho-10-13-75cl\/"},"modified":"2012-09-06T10:27:57","modified_gmt":"2012-09-06T07:27:57","slug":"vionta-albarinho-10-13-75cl","status":"publish","type":"product","link":"https:\/\/mydrink.ee\/et\/product\/vionta-albarinho-10-13-75cl\/","title":{"rendered":"VIONTA ALBARINHO `10 13% 75CL"},"content":{"rendered":"<p>V\u00e4rvus: \u00d5lek\u00f5rrekollane<\/p>\n","protected":false},"excerpt":{"rendered":"<p>Liik: Kaitstud p\u00e4ritolunimetusega vein<br \/>\nKastis: 6<br \/>\nMaht: 75CL<br \/>\nAlkoholisisaldus: 13%<br \/>\nP\u00e4ritolumaa: Hispaania<br \/>\nPiirkond: Rias Baixas<br \/>\nViinamarjasort: 100% Albarino<br \/>\nAroom: Mineraalne, tunda kollaseid lilli ja rohelist \u00f5una, melonit.<br \/>\nMaitse: V\u00e4rske happega, kreemjas, mineraalne, pika ja meeldiva tsitruselise j\u00e4relmaitsega, milles domineerivad peamiselt greip ja ananass.<br \/>\nToidusoovitus: Koos mereandidega, valges kastmes kala-ja linnulihaga.<br \/>\nServeerimine: 8-10\u00b0 C<\/p>\n","protected":false},"featured_media":1370,"template":"","meta":{"_acf_changed":false,"_kadence_starter_templates_imported_post":false,"_kad_post_transparent":"","_kad_post_title":"","_kad_post_layout":"","_kad_post_sidebar_id":"","_kad_post_content_style":"","_kad_post_vertical_padding":"","_kad_post_feature":"","_kad_post_feature_position":"","_kad_post_header":false,"_kad_post_footer":false},"product_brand":[],"product_cat":[21,180,54,63],"product_tag":[],"class_list":{"0":"post-1371","1":"product","2":"type-product","3":"status-publish","4":"has-post-thumbnail","6":"product_cat-valged-veinid","7":"product_cat-veinid","8":"product_cat-hispaania-1","9":"product_cat-soodus-1-valged-veinid","11":"first","12":"instock","13":"taxable","14":"shipping-taxable","15":"purchasable","16":"product-type-simple","17":"entry","18":"content-bg","19":"loop-entry"},"acf":[],"_links":{"self":[{"href":"https:\/\/mydrink.ee\/et\/wp-json\/wp\/v2\/product\/1371","targetHints":{"allow":["GET"]}}],"collection":[{"href":"https:\/\/mydrink.ee\/et\/wp-json\/wp\/v2\/product"}],"about":[{"href":"https:\/\/mydrink.ee\/et\/wp-json\/wp\/v2\/types\/product"}],"wp:featuredmedia":[{"embeddable":true,"href":"https:\/\/mydrink.ee\/et\/wp-json\/wp\/v2\/media\/1370"}],"wp:attachment":[{"href":"https:\/\/mydrink.ee\/et\/wp-json\/wp\/v2\/media?parent=1371"}],"wp:term":[{"taxonomy":"product_brand","embeddable":true,"href":"https:\/\/mydrink.ee\/et\/wp-json\/wp\/v2\/product_brand?post=1371"},{"taxonomy":"product_cat","embeddable":true,"href":"https:\/\/mydrink.ee\/et\/wp-json\/wp\/v2\/product_cat?post=1371"},{"taxonomy":"product_tag","embeddable":true,"href":"https:\/\/mydrink.ee\/et\/wp-json\/wp\/v2\/product_tag?post=1371"}],"curies":[{"name":"wp","href":"https:\/\/api.w.org\/{rel}","templated":true}]}}