{"id":1385,"date":"2012-09-14T11:59:00","date_gmt":"2012-09-14T08:59:00","guid":{"rendered":"https:\/\/mydrink.ee\/product\/berton-foundstone-shiraz-rose-08-13-75cl\/"},"modified":"2012-09-14T11:59:00","modified_gmt":"2012-09-14T08:59:00","slug":"berton-foundstone-shiraz-rose-08-13-75cl","status":"publish","type":"product","link":"https:\/\/mydrink.ee\/et\/product\/berton-foundstone-shiraz-rose-08-13-75cl\/","title":{"rendered":"BERTON FOUNDSTONE ROSE`08 13% 75CL"},"content":{"rendered":"<p>Veinimeister:  James Ceccato <\/p>\n","protected":false},"excerpt":{"rendered":"<p>Liik: Geograafilise t\u00e4hisega vein<br \/>\nKastis:\t6<br \/>\nMaht:\t75CL<br \/>\nAlkoholisisaldus:\t13%<br \/>\nP\u00e4ritolumaa:\tAustraalia<br \/>\nPiirkond:\tAustraalia<br \/>\nAroom:\tAroomis on tunda kirsse, p\u00f5ldmarju ning granaat\u00f5una<br \/>\nMaitse:\tMaitselt mahlane, v\u00e4rske, tunda on vaarikaid ja kirsse, heas tasakaalus ja m\u00f5\u00f5dukalt happene<br \/>\nToidusoovitus:\tNaudi aperitiivina, grillitud ja hautatud liha-ja kalaroogadega v\u00f5i lihtsalt heas seltskonnas!<br \/>\nServeerimine:\t8-10 C<\/p>\n","protected":false},"featured_media":1384,"template":"","meta":{"_acf_changed":false,"_kadence_starter_templates_imported_post":false,"_kad_post_transparent":"","_kad_post_title":"","_kad_post_layout":"","_kad_post_sidebar_id":"","_kad_post_content_style":"","_kad_post_vertical_padding":"","_kad_post_feature":"","_kad_post_feature_position":"","_kad_post_header":false,"_kad_post_footer":false},"product_brand":[],"product_cat":[65,180,23],"product_tag":[],"class_list":{"0":"post-1385","1":"product","2":"type-product","3":"status-publish","4":"has-post-thumbnail","6":"product_cat-austraalia-1-roosad-veinid","7":"product_cat-veinid","8":"product_cat-roosad-veinid","10":"first","11":"outofstock","12":"taxable","13":"shipping-taxable","14":"purchasable","15":"product-type-simple","16":"entry","17":"content-bg","18":"loop-entry"},"acf":[],"_links":{"self":[{"href":"https:\/\/mydrink.ee\/et\/wp-json\/wp\/v2\/product\/1385","targetHints":{"allow":["GET"]}}],"collection":[{"href":"https:\/\/mydrink.ee\/et\/wp-json\/wp\/v2\/product"}],"about":[{"href":"https:\/\/mydrink.ee\/et\/wp-json\/wp\/v2\/types\/product"}],"wp:featuredmedia":[{"embeddable":true,"href":"https:\/\/mydrink.ee\/et\/wp-json\/wp\/v2\/media\/1384"}],"wp:attachment":[{"href":"https:\/\/mydrink.ee\/et\/wp-json\/wp\/v2\/media?parent=1385"}],"wp:term":[{"taxonomy":"product_brand","embeddable":true,"href":"https:\/\/mydrink.ee\/et\/wp-json\/wp\/v2\/product_brand?post=1385"},{"taxonomy":"product_cat","embeddable":true,"href":"https:\/\/mydrink.ee\/et\/wp-json\/wp\/v2\/product_cat?post=1385"},{"taxonomy":"product_tag","embeddable":true,"href":"https:\/\/mydrink.ee\/et\/wp-json\/wp\/v2\/product_tag?post=1385"}],"curies":[{"name":"wp","href":"https:\/\/api.w.org\/{rel}","templated":true}]}}