{"id":1401,"date":"2012-11-05T13:26:10","date_gmt":"2012-11-05T11:26:10","guid":{"rendered":"https:\/\/mydrink.ee\/product\/m-chapoutier-cotes-du-rhone-belleruche-21-14-vol-75cl\/"},"modified":"2012-11-05T13:26:10","modified_gmt":"2012-11-05T11:26:10","slug":"m-chapoutier-cotes-du-rhone-belleruche-21-14-vol-75cl","status":"publish","type":"product","link":"https:\/\/mydrink.ee\/et\/product\/m-chapoutier-cotes-du-rhone-belleruche-21-14-vol-75cl\/","title":{"rendered":"M.CHAPOUTIER COTES DU RHONE BELLERUCHE \u00b421 14% vol 75CL"},"content":{"rendered":"<p>Kirjeldus:<br \/>\nC\u00f4tes du Rh\u00f4ne`i viinamarjaistandus on vanimaid Prantsusmaal. Rohkem kui kaks tuhat aastat tagasi oli Vienna m\u00f5jukas keskus ning sinna hakati viinamarju istutama.<br \/>\nValmistatud k\u00e4sitsi korjatud Grenache (80%) ja Syrah (20%) viinamarjadest. S\u00f5ltuvalt aastast vahekord muutub.<br \/>\nV\u00e4rvus: Granaatpunane<\/p>\n","protected":false},"excerpt":{"rendered":"<p>Liik:\tKaitstud p\u00e4ritolunimetusega vein<br \/>\nKastis:\t12<br \/>\nMaht:\t75CL<br \/>\nAlkoholisisaldus:\t14%<br \/>\nP\u00e4ritolumaa:\tPrantsusmaa<br \/>\nPiirkond:\tRHONE<br \/>\nViinamarjasort:\tGrenache (80%) ja Syrah (20%)<br \/>\nApellatsioon:\tApellation C\u00f4tes du Rh\u00f4ne Control\u00e9<br \/>\nPinnas:\tSettesavi, lubjakivi<br \/>\nAroom:\tPunased puuviljad, p\u00f5hiliselt Morello kirsid.<br \/>\nMaitse:\tHea struktuuriga, pehme p\u00fcsiva taniiinsusega vein. J\u00e4relmaitse v\u00fcrtsikas.<br \/>\nServeerimine:\t16-18 C<\/p>\n","protected":false},"featured_media":1400,"template":"","meta":{"_acf_changed":false,"_kadence_starter_templates_imported_post":false,"_kad_post_transparent":"","_kad_post_title":"","_kad_post_layout":"","_kad_post_sidebar_id":"","_kad_post_content_style":"","_kad_post_vertical_padding":"","_kad_post_feature":"","_kad_post_feature_position":"","_kad_post_header":false,"_kad_post_footer":false},"product_brand":[],"product_cat":[20,180,32],"product_tag":[],"class_list":{"0":"post-1401","1":"product","2":"type-product","3":"status-publish","4":"has-post-thumbnail","6":"product_cat-punased-veinid","7":"product_cat-veinid","8":"product_cat-prantsuse","10":"first","11":"instock","12":"taxable","13":"shipping-taxable","14":"purchasable","15":"product-type-simple","16":"entry","17":"content-bg","18":"loop-entry"},"acf":[],"_links":{"self":[{"href":"https:\/\/mydrink.ee\/et\/wp-json\/wp\/v2\/product\/1401","targetHints":{"allow":["GET"]}}],"collection":[{"href":"https:\/\/mydrink.ee\/et\/wp-json\/wp\/v2\/product"}],"about":[{"href":"https:\/\/mydrink.ee\/et\/wp-json\/wp\/v2\/types\/product"}],"wp:featuredmedia":[{"embeddable":true,"href":"https:\/\/mydrink.ee\/et\/wp-json\/wp\/v2\/media\/1400"}],"wp:attachment":[{"href":"https:\/\/mydrink.ee\/et\/wp-json\/wp\/v2\/media?parent=1401"}],"wp:term":[{"taxonomy":"product_brand","embeddable":true,"href":"https:\/\/mydrink.ee\/et\/wp-json\/wp\/v2\/product_brand?post=1401"},{"taxonomy":"product_cat","embeddable":true,"href":"https:\/\/mydrink.ee\/et\/wp-json\/wp\/v2\/product_cat?post=1401"},{"taxonomy":"product_tag","embeddable":true,"href":"https:\/\/mydrink.ee\/et\/wp-json\/wp\/v2\/product_tag?post=1401"}],"curies":[{"name":"wp","href":"https:\/\/api.w.org\/{rel}","templated":true}]}}