{"id":1409,"date":"2012-11-05T13:26:25","date_gmt":"2012-11-05T11:26:25","guid":{"rendered":"https:\/\/mydrink.ee\/product\/dourthe-chateau-couvent-des-jacobins-a-o-c-saint-emilion-grand-cru-16-13-75cl\/"},"modified":"2012-11-05T13:26:25","modified_gmt":"2012-11-05T11:26:25","slug":"dourthe-chateau-couvent-des-jacobins-a-o-c-saint-emilion-grand-cru-16-13-75cl","status":"publish","type":"product","link":"https:\/\/mydrink.ee\/et\/product\/dourthe-chateau-couvent-des-jacobins-a-o-c-saint-emilion-grand-cru-16-13-75cl\/","title":{"rendered":"DOURTHE CHATEAU COUVENT DES JACOBINS A.O.C. SAINT EMILION GRAND CRU  &#8217;16 13% 75CL"},"content":{"rendered":"<p>Chateau Convent des Jacobinis &#8211; Grand Cru classe\u00b4m\u00f5is Saint-Emillionis, 10ha. Tegu on endise jakobiinide kloostriga, mille vein oli Inglismaal tuntud juba 13 sajandil.<br \/>\nT\u00e4idlane ja k\u00f5rgetasemeline vein.<\/p>\n","protected":false},"excerpt":{"rendered":"<p>Liik: Kaitstud p\u00e4ritolunimetusega vein<br \/>\nKastis:\t12<br \/>\nMaht: 75CL<br \/>\nAlkoholisisaldus: 14%<br \/>\nP\u00e4ritolumaa:\tPrantsusmaa<br \/>\nPiirkond: Bordeaux<br \/>\nAroom:\tM\u00fcnt ja magus tammevanilje, arenedes sigineb mustade marjade lik\u00f6\u00f6ri h\u00f5ngu.<br \/>\nMaitse:\tT\u00e4idlane, k\u00fclluslik, selles musts\u00f5star ja mustikas, l\u00f5ppmaitsena t\u00e4idab suu tubakas.<br \/>\nToidusoovitus: Lambaliha, loomaliha, juustud<\/p>\n","protected":false},"featured_media":1408,"template":"","meta":{"_acf_changed":false,"_kadence_starter_templates_imported_post":false,"_kad_post_transparent":"","_kad_post_title":"","_kad_post_layout":"","_kad_post_sidebar_id":"","_kad_post_content_style":"","_kad_post_vertical_padding":"","_kad_post_feature":"","_kad_post_feature_position":"","_kad_post_header":false,"_kad_post_footer":false},"product_brand":[],"product_cat":[20,180,32],"product_tag":[],"class_list":{"0":"post-1409","1":"product","2":"type-product","3":"status-publish","4":"has-post-thumbnail","6":"product_cat-punased-veinid","7":"product_cat-veinid","8":"product_cat-prantsuse","10":"first","11":"instock","12":"taxable","13":"shipping-taxable","14":"purchasable","15":"product-type-simple","16":"entry","17":"content-bg","18":"loop-entry"},"acf":[],"_links":{"self":[{"href":"https:\/\/mydrink.ee\/et\/wp-json\/wp\/v2\/product\/1409","targetHints":{"allow":["GET"]}}],"collection":[{"href":"https:\/\/mydrink.ee\/et\/wp-json\/wp\/v2\/product"}],"about":[{"href":"https:\/\/mydrink.ee\/et\/wp-json\/wp\/v2\/types\/product"}],"wp:featuredmedia":[{"embeddable":true,"href":"https:\/\/mydrink.ee\/et\/wp-json\/wp\/v2\/media\/1408"}],"wp:attachment":[{"href":"https:\/\/mydrink.ee\/et\/wp-json\/wp\/v2\/media?parent=1409"}],"wp:term":[{"taxonomy":"product_brand","embeddable":true,"href":"https:\/\/mydrink.ee\/et\/wp-json\/wp\/v2\/product_brand?post=1409"},{"taxonomy":"product_cat","embeddable":true,"href":"https:\/\/mydrink.ee\/et\/wp-json\/wp\/v2\/product_cat?post=1409"},{"taxonomy":"product_tag","embeddable":true,"href":"https:\/\/mydrink.ee\/et\/wp-json\/wp\/v2\/product_tag?post=1409"}],"curies":[{"name":"wp","href":"https:\/\/api.w.org\/{rel}","templated":true}]}}