{"id":1411,"date":"2012-11-05T13:26:26","date_gmt":"2012-11-05T11:26:26","guid":{"rendered":"https:\/\/mydrink.ee\/product\/dourthe-diane-de-belgrave-haut-medoc-15-12-5-75cl\/"},"modified":"2012-11-05T13:26:26","modified_gmt":"2012-11-05T11:26:26","slug":"dourthe-diane-de-belgrave-haut-medoc-15-12-5-75cl","status":"publish","type":"product","link":"https:\/\/mydrink.ee\/et\/product\/dourthe-diane-de-belgrave-haut-medoc-15-12-5-75cl\/","title":{"rendered":"DOURTHE DIANE DE BELGRAVE &#8216;HAUT-MEDOC &#8217;15 12.5% 75CL"},"content":{"rendered":"<p>Diane de Belgrave on Belgrave\u00b4i veinim\u00f5isa teine vein. 18.-st sajandis p\u00e4rit jahiloss on \u00fcmbritsetud 60 ha viinamarjakasvatusega ning t\u00e4nap\u00e4evaks on sellest saanud tippetalon Haut-M\u00e9doc`is. Alates 1855.a. kuulub 5.-dasse Cru`sse.<br \/>\nSuurep\u00e4rane tume v\u00e4rvus. Suurep\u00e4rase s\u00e4ilitamispotensiaaliga vein<br \/>\nAsub Saint-Juliani appelatsiooni piiril, parimaid Grand Cru Classe veine.<\/p>\n","protected":false},"excerpt":{"rendered":"<p>Liik:\tKaitstud p\u00e4ritolunimetusega vein<br \/>\nKastis:\t12<br \/>\nMaht:\t75CL<br \/>\nAlkoholisisaldus:\t12,5%<br \/>\nP\u00e4ritolumaa:\tPrantsusmaa<br \/>\nViinamarjasort:\t52% Cabernet Sauvignon, 40% Merlot, 5% Cabernet Franc, 3% Petit Verdot<br \/>\nLaagerdamine:\tk\u00e4sitsi korjatud, tammevaadis laagerdunud 12-15 kuud.<br \/>\nPinnas:\tkruus ja lubjakivi<br \/>\nAroom:\tAroomilt rikas ja elegantne, puuviljane.<br \/>\nMaitse:\tTunda punaste ja mustade marjade l\u00f5hna, seedrit ning vanilje noote.<\/p>\n","protected":false},"featured_media":1410,"template":"","meta":{"_acf_changed":false,"_kadence_starter_templates_imported_post":false,"_kad_post_transparent":"","_kad_post_title":"","_kad_post_layout":"","_kad_post_sidebar_id":"","_kad_post_content_style":"","_kad_post_vertical_padding":"","_kad_post_feature":"","_kad_post_feature_position":"","_kad_post_header":false,"_kad_post_footer":false},"product_brand":[],"product_cat":[20,180,32],"product_tag":[],"class_list":{"0":"post-1411","1":"product","2":"type-product","3":"status-publish","4":"has-post-thumbnail","6":"product_cat-punased-veinid","7":"product_cat-veinid","8":"product_cat-prantsuse","10":"first","11":"instock","12":"taxable","13":"shipping-taxable","14":"purchasable","15":"product-type-simple","16":"entry","17":"content-bg","18":"loop-entry"},"acf":[],"_links":{"self":[{"href":"https:\/\/mydrink.ee\/et\/wp-json\/wp\/v2\/product\/1411","targetHints":{"allow":["GET"]}}],"collection":[{"href":"https:\/\/mydrink.ee\/et\/wp-json\/wp\/v2\/product"}],"about":[{"href":"https:\/\/mydrink.ee\/et\/wp-json\/wp\/v2\/types\/product"}],"wp:featuredmedia":[{"embeddable":true,"href":"https:\/\/mydrink.ee\/et\/wp-json\/wp\/v2\/media\/1410"}],"wp:attachment":[{"href":"https:\/\/mydrink.ee\/et\/wp-json\/wp\/v2\/media?parent=1411"}],"wp:term":[{"taxonomy":"product_brand","embeddable":true,"href":"https:\/\/mydrink.ee\/et\/wp-json\/wp\/v2\/product_brand?post=1411"},{"taxonomy":"product_cat","embeddable":true,"href":"https:\/\/mydrink.ee\/et\/wp-json\/wp\/v2\/product_cat?post=1411"},{"taxonomy":"product_tag","embeddable":true,"href":"https:\/\/mydrink.ee\/et\/wp-json\/wp\/v2\/product_tag?post=1411"}],"curies":[{"name":"wp","href":"https:\/\/api.w.org\/{rel}","templated":true}]}}