{"id":1416,"date":"2012-11-05T13:26:54","date_gmt":"2012-11-05T11:26:54","guid":{"rendered":"https:\/\/mydrink.ee\/product\/desom-pinot-noir-cotes-de-remicher-10-13-75cl\/"},"modified":"2012-11-05T13:26:54","modified_gmt":"2012-11-05T11:26:54","slug":"desom-pinot-noir-cotes-de-remicher-10-13-75cl","status":"publish","type":"product","link":"https:\/\/mydrink.ee\/et\/product\/desom-pinot-noir-cotes-de-remicher-10-13-75cl\/","title":{"rendered":"DESOM PINOT NOIR COTES DE REMICH 13% 75CL"},"content":{"rendered":"<p>Valmistamine: Esmalt kahe p\u00e4evane leotus koos kestadega temperatuuril 15\u00b0C, seej\u00e4rel 5 p\u00e4evane k\u00e4\u00e4ritus temperatuuril 25\u00b0C, mille j\u00e4rel toimub malolaktiline k\u00e4\u00e4ritus Prantsuse tammevaadis ning peale seda j\u00e4\u00e4b vein veel 4 kuuks Prantsuse tammevaati laagerduma.<br \/>\nV\u00e4rvus: s\u00e4ravpunane<\/p>\n","protected":false},"excerpt":{"rendered":"<p>Liik:\tKaitstud p\u00e4ritolunimetusega vein<br \/>\nKastis:\t6<br \/>\nMaht:\t75CL<br \/>\nAlkoholisisaldus:\t13%<br \/>\nP\u00e4ritolumaa:\tLuksemburg<br \/>\nViinamarjasort:\tPinot Noir<br \/>\nAroom:\tPuuviljane, punased marjad, veidike vaniljet ja mahedat tammepuitu.<br \/>\nMaitse:\tPunased marjad \u2013 vaarikas, kirss, veidike pohla. M\u00f5\u00f5dukas hape ning tanniin.<br \/>\nToidusoovitus:\tLinnuliha toitudega, k\u00fclmade liha- ja singil\u00f5ikude k\u00f5rvale, pasteedid<br \/>\nServeerimine:\t16-18C<\/p>\n","protected":false},"featured_media":1415,"template":"","meta":{"_acf_changed":false,"_kadence_starter_templates_imported_post":false,"_kad_post_transparent":"","_kad_post_title":"","_kad_post_layout":"","_kad_post_sidebar_id":"","_kad_post_content_style":"","_kad_post_vertical_padding":"","_kad_post_feature":"","_kad_post_feature_position":"","_kad_post_header":false,"_kad_post_footer":false},"product_brand":[],"product_cat":[20,180,105,37],"product_tag":[],"class_list":{"0":"post-1416","1":"product","2":"type-product","3":"status-publish","4":"has-post-thumbnail","6":"product_cat-punased-veinid","7":"product_cat-veinid","8":"product_cat-luksemburg","9":"product_cat-muu","11":"first","12":"instock","13":"taxable","14":"shipping-taxable","15":"purchasable","16":"product-type-simple","17":"entry","18":"content-bg","19":"loop-entry"},"acf":[],"_links":{"self":[{"href":"https:\/\/mydrink.ee\/et\/wp-json\/wp\/v2\/product\/1416","targetHints":{"allow":["GET"]}}],"collection":[{"href":"https:\/\/mydrink.ee\/et\/wp-json\/wp\/v2\/product"}],"about":[{"href":"https:\/\/mydrink.ee\/et\/wp-json\/wp\/v2\/types\/product"}],"wp:featuredmedia":[{"embeddable":true,"href":"https:\/\/mydrink.ee\/et\/wp-json\/wp\/v2\/media\/1415"}],"wp:attachment":[{"href":"https:\/\/mydrink.ee\/et\/wp-json\/wp\/v2\/media?parent=1416"}],"wp:term":[{"taxonomy":"product_brand","embeddable":true,"href":"https:\/\/mydrink.ee\/et\/wp-json\/wp\/v2\/product_brand?post=1416"},{"taxonomy":"product_cat","embeddable":true,"href":"https:\/\/mydrink.ee\/et\/wp-json\/wp\/v2\/product_cat?post=1416"},{"taxonomy":"product_tag","embeddable":true,"href":"https:\/\/mydrink.ee\/et\/wp-json\/wp\/v2\/product_tag?post=1416"}],"curies":[{"name":"wp","href":"https:\/\/api.w.org\/{rel}","templated":true}]}}