{"id":1418,"date":"2012-11-05T13:27:28","date_gmt":"2012-11-05T11:27:28","guid":{"rendered":"https:\/\/mydrink.ee\/product\/peller-estates-cabernet-franc-icewine-07-11-5-37-5cl\/"},"modified":"2012-11-05T13:27:28","modified_gmt":"2012-11-05T11:27:28","slug":"peller-estates-cabernet-franc-icewine-07-11-5-37-5cl","status":"publish","type":"product","link":"https:\/\/mydrink.ee\/et\/product\/peller-estates-cabernet-franc-icewine-07-11-5-37-5cl\/","title":{"rendered":"PELLER ESTATES CABERNET FRANC ICEWINE\u00b407 11,5% 37,5CL"},"content":{"rendered":"<p>Korje toimub k\u00e4sitsi, tavaliselt detsembri l\u00f5pus. Laagerdamine  jahedal temperatuuril, et s\u00e4ilitada marjade maksimaalne kontsentratsioon.<br \/>\nJ\u00e4\u00e4ksuhkur: 208 g\/l <\/p>\n","protected":false},"excerpt":{"rendered":"<p>Liik: Geograafilise t\u00e4hisega lauavein<br \/>\nKastis:\t12<br \/>\nMaht: 37,5cl<br \/>\nAlkoholisisaldus: 11,5%<br \/>\nP\u00e4ritolumaa:\tKanada<br \/>\nViinamarjasort: 100% Cabernet Franc<br \/>\nV\u00e4rvus: kirsipunane<br \/>\nAroom:\tTunda on k\u00fcpsenud punaseid marju, komplekteeritud v\u00fcrtsikus koos magusa rabarberiga<br \/>\nMaitse:\tK\u00fcpsenud punased marjad, delikaatne v\u00fcrtsikus, magus rabarber ning veidike v\u00e4rsket laimi.<br \/>\nToidusoovitus: Marjadest valmistatud v\u00f5i \u0161okolaadil baseeruvate dessertidega<br \/>\nServeerimine:\t6-8\u00b0 C<\/p>\n","protected":false},"featured_media":1417,"template":"","meta":{"_acf_changed":false,"_kad_post_transparent":"","_kad_post_title":"","_kad_post_layout":"","_kad_post_sidebar_id":"","_kad_post_content_style":"","_kad_post_vertical_padding":"","_kad_post_feature":"","_kad_post_feature_position":"","_kad_post_header":false,"_kad_post_footer":false},"product_brand":[],"product_cat":[38,37,20],"product_tag":[],"class_list":{"0":"post-1418","1":"product","2":"type-product","3":"status-publish","4":"has-post-thumbnail","6":"product_cat-soodus","7":"product_cat-muu","8":"product_cat-punased-veinid","10":"first","11":"outofstock","12":"sale","13":"taxable","14":"shipping-taxable","15":"purchasable","16":"product-type-simple","17":"entry","18":"content-bg","19":"loop-entry"},"acf":[],"_links":{"self":[{"href":"https:\/\/mydrink.ee\/et\/wp-json\/wp\/v2\/product\/1418","targetHints":{"allow":["GET"]}}],"collection":[{"href":"https:\/\/mydrink.ee\/et\/wp-json\/wp\/v2\/product"}],"about":[{"href":"https:\/\/mydrink.ee\/et\/wp-json\/wp\/v2\/types\/product"}],"wp:featuredmedia":[{"embeddable":true,"href":"https:\/\/mydrink.ee\/et\/wp-json\/wp\/v2\/media\/1417"}],"wp:attachment":[{"href":"https:\/\/mydrink.ee\/et\/wp-json\/wp\/v2\/media?parent=1418"}],"wp:term":[{"taxonomy":"product_brand","embeddable":true,"href":"https:\/\/mydrink.ee\/et\/wp-json\/wp\/v2\/product_brand?post=1418"},{"taxonomy":"product_cat","embeddable":true,"href":"https:\/\/mydrink.ee\/et\/wp-json\/wp\/v2\/product_cat?post=1418"},{"taxonomy":"product_tag","embeddable":true,"href":"https:\/\/mydrink.ee\/et\/wp-json\/wp\/v2\/product_tag?post=1418"}],"curies":[{"name":"wp","href":"https:\/\/api.w.org\/{rel}","templated":true}]}}