{"id":1422,"date":"2012-11-05T13:27:32","date_gmt":"2012-11-05T11:27:32","guid":{"rendered":"https:\/\/mydrink.ee\/product\/tribal-pinotage-11-14-75cl\/"},"modified":"2012-11-05T13:27:32","modified_gmt":"2012-11-05T11:27:32","slug":"tribal-pinotage-11-14-75cl","status":"publish","type":"product","link":"https:\/\/mydrink.ee\/et\/product\/tribal-pinotage-11-14-75cl\/","title":{"rendered":"TRIBAL PINOTAGE`11 14% 75CL"},"content":{"rendered":"","protected":false},"excerpt":{"rendered":"<p>Liik:\tGeograafilise t\u00e4hisega vein<br \/>\nKastis:\t12<br \/>\nMaht:\t75CL<br \/>\nAlkoholisisaldus:\t14%<br \/>\nP\u00e4ritolumaa:\tL\u00f5una-Aafrika<br \/>\nPiirkond:\tWestern Cape<br \/>\nViinamarjasort:\tPinotage<br \/>\nAroom:\tAroomis tungib esile punaste marjade ja puuviljades kooslus.<br \/>\nMaitse:\tMaitse on keskmise t\u00e4idlusega, tunda on puuviljasust, punaste marjade mahlakust, m\u00f5\u00f5dukat tanniinisust ning kerget v\u00fcrtsikust.<br \/>\nToidusoovitus:\tSobib nautida grillitud k\u00f6\u00f6giviljadega, sea-ja loomalihaga ning erinevate tugevamate juustudega.<br \/>\nServeerimine:\tServeeri temperatuuril: 8-10\u00b0C<\/p>\n","protected":false},"featured_media":1421,"template":"","meta":{"_acf_changed":false,"_kadence_starter_templates_imported_post":false,"_kad_post_transparent":"","_kad_post_title":"","_kad_post_layout":"","_kad_post_sidebar_id":"","_kad_post_content_style":"","_kad_post_vertical_padding":"","_kad_post_feature":"","_kad_post_feature_position":"","_kad_post_header":false,"_kad_post_footer":false},"product_brand":[],"product_cat":[20,180,31],"product_tag":[],"class_list":{"0":"post-1422","1":"product","2":"type-product","3":"status-publish","4":"has-post-thumbnail","6":"product_cat-punased-veinid","7":"product_cat-veinid","8":"product_cat-lav","10":"first","11":"outofstock","12":"taxable","13":"shipping-taxable","14":"purchasable","15":"product-type-simple","16":"entry","17":"content-bg","18":"loop-entry"},"acf":[],"_links":{"self":[{"href":"https:\/\/mydrink.ee\/et\/wp-json\/wp\/v2\/product\/1422","targetHints":{"allow":["GET"]}}],"collection":[{"href":"https:\/\/mydrink.ee\/et\/wp-json\/wp\/v2\/product"}],"about":[{"href":"https:\/\/mydrink.ee\/et\/wp-json\/wp\/v2\/types\/product"}],"wp:featuredmedia":[{"embeddable":true,"href":"https:\/\/mydrink.ee\/et\/wp-json\/wp\/v2\/media\/1421"}],"wp:attachment":[{"href":"https:\/\/mydrink.ee\/et\/wp-json\/wp\/v2\/media?parent=1422"}],"wp:term":[{"taxonomy":"product_brand","embeddable":true,"href":"https:\/\/mydrink.ee\/et\/wp-json\/wp\/v2\/product_brand?post=1422"},{"taxonomy":"product_cat","embeddable":true,"href":"https:\/\/mydrink.ee\/et\/wp-json\/wp\/v2\/product_cat?post=1422"},{"taxonomy":"product_tag","embeddable":true,"href":"https:\/\/mydrink.ee\/et\/wp-json\/wp\/v2\/product_tag?post=1422"}],"curies":[{"name":"wp","href":"https:\/\/api.w.org\/{rel}","templated":true}]}}