{"id":1434,"date":"2012-11-05T13:27:44","date_gmt":"2012-11-05T11:27:44","guid":{"rendered":"https:\/\/mydrink.ee\/product\/mount-gay-extra-old-43-70cl\/"},"modified":"2025-11-25T10:07:25","modified_gmt":"2025-11-25T08:07:25","slug":"mount-gay-extra-old-43-70cl","status":"publish","type":"product","link":"https:\/\/mydrink.ee\/et\/product\/mount-gay-extra-old-43-70cl\/","title":{"rendered":"MOUNT GAY XO 43% 70CL BOX"},"content":{"rendered":"<p>RUMM, MIS LEIUTAS RUMMI<br \/>\n1703. aastal alustas Sir John Gay Alleyne rummide valmistamist Barbadose saarel. Selle ajaloolise aasta j\u00e4rgi on Mount Gay Rum maailma vanim rummi kaubam\u00e4rk. Barbadose saar on tekkinud korallidest ja rummide valmistamisel kasutatakse korallfiltreeritud allikavett. See teeb Mount Gay rummidest unikaalse maailmas. T\u00e4nu v\u00e4ga kvaliteetsetele koostisosadele on Mount Gay rummid k\u00f5rgelt hinnatud ja saanud v\u00e4ga palju kuldmedaleid erinevatel jookide hindamistel. <\/p>\n","protected":false},"excerpt":{"rendered":"<p>Liik:\tKange alkohol, Rumm<br \/>\nKastis:\t6<br \/>\nMaht:\t70CL<br \/>\nAlkoholisisaldus:\t43%<br \/>\nP\u00e4ritolumaa:\tBarbadose saar<br \/>\nMaitse: Mount Gay rummid on tuntud h\u00e4sti maheda maitse poolest, milles on tunda k\u00f5ige rohkem tamme, vaniljet, tumedat \u0161okolaadi ja ka k\u00fcpsete puuviljade noote.<br \/>\nLaagerdamine: K\u00f5ik Mount Gay rummid laagerduvad v\u00e4ikestes tammevaatides, mis on valmistatud Ameerika \u00dchendriikides, Kentucky osariigis.<\/p>\n","protected":false},"featured_media":1433,"template":"","meta":{"_acf_changed":false,"_kadence_starter_templates_imported_post":false,"_kad_post_transparent":"","_kad_post_title":"","_kad_post_layout":"","_kad_post_sidebar_id":"","_kad_post_content_style":"","_kad_post_vertical_padding":"","_kad_post_feature":"","_kad_post_feature_position":"","_kad_post_header":false,"_kad_post_footer":false},"product_brand":[],"product_cat":[92,26],"product_tag":[],"class_list":{"0":"post-1434","1":"product","2":"type-product","3":"status-publish","4":"has-post-thumbnail","6":"product_cat-rumm","7":"product_cat-kange-alkohol","9":"first","10":"instock","11":"taxable","12":"shipping-taxable","13":"purchasable","14":"product-type-simple","15":"entry","16":"content-bg","17":"loop-entry"},"acf":[],"_links":{"self":[{"href":"https:\/\/mydrink.ee\/et\/wp-json\/wp\/v2\/product\/1434","targetHints":{"allow":["GET"]}}],"collection":[{"href":"https:\/\/mydrink.ee\/et\/wp-json\/wp\/v2\/product"}],"about":[{"href":"https:\/\/mydrink.ee\/et\/wp-json\/wp\/v2\/types\/product"}],"wp:featuredmedia":[{"embeddable":true,"href":"https:\/\/mydrink.ee\/et\/wp-json\/wp\/v2\/media\/1433"}],"wp:attachment":[{"href":"https:\/\/mydrink.ee\/et\/wp-json\/wp\/v2\/media?parent=1434"}],"wp:term":[{"taxonomy":"product_brand","embeddable":true,"href":"https:\/\/mydrink.ee\/et\/wp-json\/wp\/v2\/product_brand?post=1434"},{"taxonomy":"product_cat","embeddable":true,"href":"https:\/\/mydrink.ee\/et\/wp-json\/wp\/v2\/product_cat?post=1434"},{"taxonomy":"product_tag","embeddable":true,"href":"https:\/\/mydrink.ee\/et\/wp-json\/wp\/v2\/product_tag?post=1434"}],"curies":[{"name":"wp","href":"https:\/\/api.w.org\/{rel}","templated":true}]}}