{"id":1454,"date":"2012-11-05T13:29:39","date_gmt":"2012-11-05T11:29:39","guid":{"rendered":"https:\/\/mydrink.ee\/product\/m-chapoutier-petite-ruche-crozes-hermitage-05-13-75cl\/"},"modified":"2012-11-05T13:29:39","modified_gmt":"2012-11-05T11:29:39","slug":"m-chapoutier-petite-ruche-crozes-hermitage-05-13-75cl","status":"publish","type":"product","link":"https:\/\/mydrink.ee\/et\/product\/m-chapoutier-petite-ruche-crozes-hermitage-05-13-75cl\/","title":{"rendered":"M.CHAPOUTIER PETITE RUCHE CROZES HERMITAGE `05 13% 75CL"},"content":{"rendered":"<p>Korje: K\u00e4sitsikorjatud<br \/>\nV\u00e4rv: Kahvatu kollane seguneb koos roheka v\u00e4rvusega, kirgas<\/p>\n","protected":false},"excerpt":{"rendered":"<p>Liik:\tKaitstud p\u00e4ritolunimetusega vein<br \/>\nKastis:\t12<br \/>\nMaht:\t75CL<br \/>\nAlkoholisisaldus:\t13%<br \/>\nP\u00e4ritolumaa:\tPrantsusmaa<br \/>\nViinamarjasort:\tMarsanne100%<br \/>\nLaagerdamine:\tTerasvaadis<br \/>\nPinnas:\tKruus ja kivi<br \/>\nAroom:\tV\u00e4rske hapukas \u00f5un tasakaalus lillelise aroomiga<br \/>\nMaitse:\tJ\u00e4rsk ja v\u00e4ga v\u00e4rske, v\u00e4hese happesusega<br \/>\nToidusoovitus:\tAperatiiviks, salatid, pastaroad, valge liha toidud, mereannid.<\/p>\n","protected":false},"featured_media":1453,"template":"","meta":{"_acf_changed":false,"_kadence_starter_templates_imported_post":false,"_kad_post_transparent":"","_kad_post_title":"","_kad_post_layout":"","_kad_post_sidebar_id":"","_kad_post_content_style":"","_kad_post_vertical_padding":"","_kad_post_feature":"","_kad_post_feature_position":"","_kad_post_header":false,"_kad_post_footer":false},"product_brand":[],"product_cat":[21,180,57],"product_tag":[],"class_list":{"0":"post-1454","1":"product","2":"type-product","3":"status-publish","4":"has-post-thumbnail","6":"product_cat-valged-veinid","7":"product_cat-veinid","8":"product_cat-prantsuse-1","10":"first","11":"outofstock","12":"taxable","13":"shipping-taxable","14":"purchasable","15":"product-type-simple","16":"entry","17":"content-bg","18":"loop-entry"},"acf":[],"_links":{"self":[{"href":"https:\/\/mydrink.ee\/et\/wp-json\/wp\/v2\/product\/1454","targetHints":{"allow":["GET"]}}],"collection":[{"href":"https:\/\/mydrink.ee\/et\/wp-json\/wp\/v2\/product"}],"about":[{"href":"https:\/\/mydrink.ee\/et\/wp-json\/wp\/v2\/types\/product"}],"wp:featuredmedia":[{"embeddable":true,"href":"https:\/\/mydrink.ee\/et\/wp-json\/wp\/v2\/media\/1453"}],"wp:attachment":[{"href":"https:\/\/mydrink.ee\/et\/wp-json\/wp\/v2\/media?parent=1454"}],"wp:term":[{"taxonomy":"product_brand","embeddable":true,"href":"https:\/\/mydrink.ee\/et\/wp-json\/wp\/v2\/product_brand?post=1454"},{"taxonomy":"product_cat","embeddable":true,"href":"https:\/\/mydrink.ee\/et\/wp-json\/wp\/v2\/product_cat?post=1454"},{"taxonomy":"product_tag","embeddable":true,"href":"https:\/\/mydrink.ee\/et\/wp-json\/wp\/v2\/product_tag?post=1454"}],"curies":[{"name":"wp","href":"https:\/\/api.w.org\/{rel}","templated":true}]}}