{"id":1464,"date":"2012-11-05T13:30:06","date_gmt":"2012-11-05T11:30:06","guid":{"rendered":"https:\/\/mydrink.ee\/product\/s-sohne-thomas-schmitt-auslese-9-75cl\/"},"modified":"2012-11-05T13:30:06","modified_gmt":"2012-11-05T11:30:06","slug":"s-sohne-thomas-schmitt-auslese-9-75cl","status":"publish","type":"product","link":"https:\/\/mydrink.ee\/et\/product\/s-sohne-thomas-schmitt-auslese-9-75cl\/","title":{"rendered":"S.S\u00d6HNE THOMAS SCHMITT AUSLESE 9% 75CL"},"content":{"rendered":"<p><span style=\"font-size: small;\"><span style=\"color: #000000; font-family: Montserrat, Helvetica, 'Arial sans-serif'; font-style: normal; font-variant-ligatures: normal; font-variant-caps: normal; font-weight: 400; letter-spacing: normal; text-align: start; text-indent: 0px; text-transform: none; word-spacing: 0px; -webkit-text-stroke-width: 0px; white-space: normal; background-color: #ffffff; text-decoration-thickness: initial; text-decoration-style: initial; text-decoration-color: initial; display: inline !important; float: none;\">Schmitt&#038;S\u00f6hne veinimaja on asutatud 1919.aastal Saksamaal. Schmitti esivanemad asusid elama v\u00e4ikesesse Longuichi k\u00fclla, mis asub Moseli j\u00f5e kaldal, ning hakkasid seal viinamarjaistandusi haldama ja veini tootma. T\u00e4na juhib veinimaja viiendat p\u00f5lvkonda kuuluv Schmitt S\u00f6hne , olles Saksamaa \u00fcks suurimaid ja edukamaid veini eksportijaid<\/span>.<\/span><\/p>\n","protected":false},"excerpt":{"rendered":"<p><span style=\"font-size: small;\">Liik: Kaitstud p&auml;ritolunimetusega vein <br \/>Kastis: 6 <br \/>Maht: 75CL <br \/>Alkoholisisaldus: 8% <br \/>P&auml;ritolumaa: Saksamaa <br \/>Piirkond: Mosel <br \/>Viinamarjasort: 100% Riesling <br \/>Tootmisviis: Viinamarjad koratakse Moseli piirkonnast nende parimas k&uuml;psusastmes (eriti k&uuml;psetest marjadest, alates 95 &deg;Oechsle), sorteeritakse ja pressitakse. Fermentatsioon toimub kontrollitud temperatuuriga roostevabast terasvaadis. Vein ei ole l&auml;binud malolaktilist fermentatsiooni. J&auml;&auml;ksuhkur 58-68g\/L. <br \/>Kuivusaste: Magus <br \/>Aroom: Tunda &uuml;lek&uuml;psenud troopilisi puuvilju, melon, aprikoos, mango; kollaseid metslilli, meevaha ja apelsinisukaadi. <br \/>Maitse: Magus, t&auml;idlase kehandiga, tunda &uuml;lek&uuml;psenud troopilisi puuvilju, mesisust, kuivatatud puuvilju- mango, aprikoos. <br \/>Toidusoovitus: Hea kaaslane tugevate juustudega, homaariga, dessertidega. <br \/>Serveerimine: 6-8 C<\/span><\/p>\n","protected":false},"featured_media":1463,"template":"","meta":{"_acf_changed":false,"_kadence_starter_templates_imported_post":false,"_kad_post_transparent":"","_kad_post_title":"","_kad_post_layout":"","_kad_post_sidebar_id":"","_kad_post_content_style":"","_kad_post_vertical_padding":"","_kad_post_feature":"","_kad_post_feature_position":"","_kad_post_header":false,"_kad_post_footer":false},"product_brand":[],"product_cat":[21,180,58],"product_tag":[],"class_list":{"0":"post-1464","1":"product","2":"type-product","3":"status-publish","4":"has-post-thumbnail","6":"product_cat-valged-veinid","7":"product_cat-veinid","8":"product_cat-saksa-1","10":"first","11":"instock","12":"taxable","13":"shipping-taxable","14":"purchasable","15":"product-type-simple","16":"entry","17":"content-bg","18":"loop-entry"},"acf":[],"_links":{"self":[{"href":"https:\/\/mydrink.ee\/et\/wp-json\/wp\/v2\/product\/1464","targetHints":{"allow":["GET"]}}],"collection":[{"href":"https:\/\/mydrink.ee\/et\/wp-json\/wp\/v2\/product"}],"about":[{"href":"https:\/\/mydrink.ee\/et\/wp-json\/wp\/v2\/types\/product"}],"wp:featuredmedia":[{"embeddable":true,"href":"https:\/\/mydrink.ee\/et\/wp-json\/wp\/v2\/media\/1463"}],"wp:attachment":[{"href":"https:\/\/mydrink.ee\/et\/wp-json\/wp\/v2\/media?parent=1464"}],"wp:term":[{"taxonomy":"product_brand","embeddable":true,"href":"https:\/\/mydrink.ee\/et\/wp-json\/wp\/v2\/product_brand?post=1464"},{"taxonomy":"product_cat","embeddable":true,"href":"https:\/\/mydrink.ee\/et\/wp-json\/wp\/v2\/product_cat?post=1464"},{"taxonomy":"product_tag","embeddable":true,"href":"https:\/\/mydrink.ee\/et\/wp-json\/wp\/v2\/product_tag?post=1464"}],"curies":[{"name":"wp","href":"https:\/\/api.w.org\/{rel}","templated":true}]}}