{"id":1476,"date":"2012-11-07T03:00:34","date_gmt":"2012-11-07T01:00:34","guid":{"rendered":"https:\/\/mydrink.ee\/product\/bowler-extra-dry-gin-37-5-100cl\/"},"modified":"2012-11-07T03:00:34","modified_gmt":"2012-11-07T01:00:34","slug":"bowler-extra-dry-gin-37-5-100cl","status":"publish","type":"product","link":"https:\/\/mydrink.ee\/et\/product\/bowler-extra-dry-gin-37-5-100cl\/","title":{"rendered":"BOWLER EXTRA DRY GIN 37,5%100CL"},"content":{"rendered":"<p>Bowler Extra Dry Gin on valmistatud kadakamarjadest ja hoolikalt valitud \u00fcritedest klassikalisel destillatsiooni meetodil. <\/p>\n<p>Bowler Extra Dry Gin on d\u017einn Londoni h\u00e4rrasmehele, kes saabub koju peale pikka rasket t\u00f6\u00f6p\u00e4eva. Kodus ootab teda abikaasa perfektselt valmistatud kosutava d\u017einn toonikuga.<br \/>\nV\u00e4rvus: Selge ja v\u00e4rvitu<br \/>\nServeerimine: Pikendajaga, kokteilides, ehedalt<\/p>\n","protected":false},"excerpt":{"rendered":"<p>Liik:\tKange alkohol, D\u017einn<br \/>\nKastis:\t12<br \/>\nMaht:\t100CL<br \/>\nAlkoholisisaldus:\t37,5%<br \/>\nP\u00e4ritolumaa:\tSuurbritannia<\/p>\n","protected":false},"featured_media":1475,"template":"","meta":{"_acf_changed":false,"_kadence_starter_templates_imported_post":false,"_kad_post_transparent":"","_kad_post_title":"","_kad_post_layout":"","_kad_post_sidebar_id":"","_kad_post_content_style":"","_kad_post_vertical_padding":"","_kad_post_feature":"","_kad_post_feature_position":"","_kad_post_header":false,"_kad_post_footer":false},"product_brand":[],"product_cat":[39,26],"product_tag":[],"class_list":{"0":"post-1476","1":"product","2":"type-product","3":"status-publish","4":"has-post-thumbnail","6":"product_cat-gin","7":"product_cat-kange-alkohol","9":"first","10":"outofstock","11":"taxable","12":"shipping-taxable","13":"purchasable","14":"product-type-simple","15":"entry","16":"content-bg","17":"loop-entry"},"acf":[],"_links":{"self":[{"href":"https:\/\/mydrink.ee\/et\/wp-json\/wp\/v2\/product\/1476","targetHints":{"allow":["GET"]}}],"collection":[{"href":"https:\/\/mydrink.ee\/et\/wp-json\/wp\/v2\/product"}],"about":[{"href":"https:\/\/mydrink.ee\/et\/wp-json\/wp\/v2\/types\/product"}],"wp:featuredmedia":[{"embeddable":true,"href":"https:\/\/mydrink.ee\/et\/wp-json\/wp\/v2\/media\/1475"}],"wp:attachment":[{"href":"https:\/\/mydrink.ee\/et\/wp-json\/wp\/v2\/media?parent=1476"}],"wp:term":[{"taxonomy":"product_brand","embeddable":true,"href":"https:\/\/mydrink.ee\/et\/wp-json\/wp\/v2\/product_brand?post=1476"},{"taxonomy":"product_cat","embeddable":true,"href":"https:\/\/mydrink.ee\/et\/wp-json\/wp\/v2\/product_cat?post=1476"},{"taxonomy":"product_tag","embeddable":true,"href":"https:\/\/mydrink.ee\/et\/wp-json\/wp\/v2\/product_tag?post=1476"}],"curies":[{"name":"wp","href":"https:\/\/api.w.org\/{rel}","templated":true}]}}