{"id":1481,"date":"2012-11-08T03:04:27","date_gmt":"2012-11-08T01:04:27","guid":{"rendered":"https:\/\/mydrink.ee\/product\/kase-viin-40-70cl\/"},"modified":"2012-11-08T03:04:27","modified_gmt":"2012-11-08T01:04:27","slug":"kase-viin-40-70cl","status":"publish","type":"product","link":"https:\/\/mydrink.ee\/et\/product\/kase-viin-40-70cl\/","title":{"rendered":"KASE VIIN 40% 70CL"},"content":{"rendered":"<p>Maheda maitsega eriline viin, milles vee asemel on kasutatud kase mahla. Kaasaegsel tehnoloogial puhastatud piiritus on segatud \u00f6koloogiliselt puhta kasemahlaga joomiseks sobivasse kangusesse. Lisatava kasemahla kvaliteet on oluline kuna see s\u00f5ltub p\u00e4ritolust ja m\u00f5\u00f5dunud talve ja kevade ilmastikust.<br \/>\nKaseviin on lastud settida ja laagerduda v\u00e4hemalt 5 kuud. Villimist pudelitesse v\u00f5ib alustada alles p\u00e4rase esimest viinakuu p\u00e4eva (1. oktoober).<\/p>\n","protected":false},"excerpt":{"rendered":"<p>Liik: Kange alkohol, Viin<br \/>\nMaht: 70CL<br \/>\nAlkoholisisaldus: 40%<br \/>\nP\u00e4ritolumaa: Eesti<\/p>\n<p>Esimene Eesti viin looduslikust kasemahlast. Toodetakse limiteeritud koguses. N\u00e4iteks aastal 2009 toodeti 3420 pudelit.<\/p>\n","protected":false},"featured_media":1480,"template":"","meta":{"_acf_changed":false,"_kadence_starter_templates_imported_post":false,"_kad_post_transparent":"","_kad_post_title":"","_kad_post_layout":"","_kad_post_sidebar_id":"","_kad_post_content_style":"","_kad_post_vertical_padding":"","_kad_post_feature":"","_kad_post_feature_position":"","_kad_post_header":false,"_kad_post_footer":false},"product_brand":[],"product_cat":[46],"product_tag":[],"class_list":{"0":"post-1481","1":"product","2":"type-product","3":"status-publish","4":"has-post-thumbnail","6":"product_cat-vodka","8":"first","9":"outofstock","10":"taxable","11":"shipping-taxable","12":"purchasable","13":"product-type-simple","14":"entry","15":"content-bg","16":"loop-entry"},"acf":[],"_links":{"self":[{"href":"https:\/\/mydrink.ee\/et\/wp-json\/wp\/v2\/product\/1481","targetHints":{"allow":["GET"]}}],"collection":[{"href":"https:\/\/mydrink.ee\/et\/wp-json\/wp\/v2\/product"}],"about":[{"href":"https:\/\/mydrink.ee\/et\/wp-json\/wp\/v2\/types\/product"}],"wp:featuredmedia":[{"embeddable":true,"href":"https:\/\/mydrink.ee\/et\/wp-json\/wp\/v2\/media\/1480"}],"wp:attachment":[{"href":"https:\/\/mydrink.ee\/et\/wp-json\/wp\/v2\/media?parent=1481"}],"wp:term":[{"taxonomy":"product_brand","embeddable":true,"href":"https:\/\/mydrink.ee\/et\/wp-json\/wp\/v2\/product_brand?post=1481"},{"taxonomy":"product_cat","embeddable":true,"href":"https:\/\/mydrink.ee\/et\/wp-json\/wp\/v2\/product_cat?post=1481"},{"taxonomy":"product_tag","embeddable":true,"href":"https:\/\/mydrink.ee\/et\/wp-json\/wp\/v2\/product_tag?post=1481"}],"curies":[{"name":"wp","href":"https:\/\/api.w.org\/{rel}","templated":true}]}}