{"id":1518,"date":"2013-02-28T01:04:22","date_gmt":"2013-02-27T23:04:22","guid":{"rendered":"https:\/\/mydrink.ee\/product\/millaman-estate-reserve-carmenere-11-13-5-75cl\/"},"modified":"2013-02-28T01:04:22","modified_gmt":"2013-02-27T23:04:22","slug":"millaman-estate-reserve-carmenere-11-13-5-75cl","status":"publish","type":"product","link":"https:\/\/mydrink.ee\/et\/product\/millaman-estate-reserve-carmenere-11-13-5-75cl\/","title":{"rendered":"MILLAMAN ESTATE RESERVE CARMENERE`11 13,5% 75CL"},"content":{"rendered":"<p>Viinamarjad on korjatud k\u00e4sitsi maikuu alguses. Marjad sorteeritakse, purustatakse. Masseratsioon toimub v\u00e4ikestes mahutites k\u00fclma leotusena, mis tagab veinile kauakestva aroomi ja maitse n\u00fcansid ning peale seda toimub t\u00e4ielik malolaktiline fermentatsioon. Vein laagerdub Prantsuse tammevaatides.<\/p>\n","protected":false},"excerpt":{"rendered":"<p> Liik: Geograafilise t\u00e4hisega vein<br \/>\n Maht: 75CL<br \/>\n Alkoholisisaldus: 13,5%<br \/>\n P\u00e4ritolumaa: T\u0161iili<br \/>\n Piirkond: Curic\u00f2 Valley<br \/>\n Tootja: Hacienda el Condor S.A.<br \/>\n Viinamarjasort: 100% Carmenere<br \/>\n V\u00e4rvus: Tumepunane, lillaka alatooniga<br \/>\n Aroom: v\u00e4rske, tunda k\u00fcpseid punaseid marju nagu p\u00f5ldmari ja must ploom, veidi \u0161okolaadi ning \u00fcrte.<br \/>\n Maitse: pehme tekstuuriga, keskmise t\u00e4idlusega, hea happega, marjane, tunda musta ploomi ja mustikaid, millele lisanduvad piparm\u00fcnt ning \u0161okolaad.<br \/>\n Toidusoovitus: Veise- ja sealihast valmistatud toidud, grill-liha.<br \/>\n Parim serveerimistemperatuur: 16-17\u00b0C, Bordeaux t\u00fc\u00fcpi klaasist.<\/p>\n","protected":false},"featured_media":1517,"template":"","meta":{"_acf_changed":false,"_kad_post_transparent":"","_kad_post_title":"","_kad_post_layout":"","_kad_post_sidebar_id":"","_kad_post_content_style":"","_kad_post_vertical_padding":"","_kad_post_feature":"","_kad_post_feature_position":"","_kad_post_header":false,"_kad_post_footer":false},"product_brand":[],"product_cat":[20,34,180],"product_tag":[],"class_list":{"0":"post-1518","1":"product","2":"type-product","3":"status-publish","4":"has-post-thumbnail","6":"product_cat-punased-veinid","7":"product_cat-thsiili","8":"product_cat-veinid","10":"first","11":"outofstock","12":"taxable","13":"shipping-taxable","14":"purchasable","15":"product-type-simple","16":"entry","17":"content-bg","18":"loop-entry"},"acf":[],"_links":{"self":[{"href":"https:\/\/mydrink.ee\/et\/wp-json\/wp\/v2\/product\/1518","targetHints":{"allow":["GET"]}}],"collection":[{"href":"https:\/\/mydrink.ee\/et\/wp-json\/wp\/v2\/product"}],"about":[{"href":"https:\/\/mydrink.ee\/et\/wp-json\/wp\/v2\/types\/product"}],"wp:featuredmedia":[{"embeddable":true,"href":"https:\/\/mydrink.ee\/et\/wp-json\/wp\/v2\/media\/1517"}],"wp:attachment":[{"href":"https:\/\/mydrink.ee\/et\/wp-json\/wp\/v2\/media?parent=1518"}],"wp:term":[{"taxonomy":"product_brand","embeddable":true,"href":"https:\/\/mydrink.ee\/et\/wp-json\/wp\/v2\/product_brand?post=1518"},{"taxonomy":"product_cat","embeddable":true,"href":"https:\/\/mydrink.ee\/et\/wp-json\/wp\/v2\/product_cat?post=1518"},{"taxonomy":"product_tag","embeddable":true,"href":"https:\/\/mydrink.ee\/et\/wp-json\/wp\/v2\/product_tag?post=1518"}],"curies":[{"name":"wp","href":"https:\/\/api.w.org\/{rel}","templated":true}]}}