{"id":1555,"date":"2013-08-30T22:37:29","date_gmt":"2013-08-30T19:37:29","guid":{"rendered":"https:\/\/mydrink.ee\/product\/simonnet-febvre-cremant-de-bourgogne-blanc-12-75cl\/"},"modified":"2013-08-30T22:37:29","modified_gmt":"2013-08-30T19:37:29","slug":"simonnet-febvre-cremant-de-bourgogne-blanc-12-75cl","status":"publish","type":"product","link":"https:\/\/mydrink.ee\/et\/product\/simonnet-febvre-cremant-de-bourgogne-blanc-12-75cl\/","title":{"rendered":"SIMONNET-FEBVRE CREMANT DE BOURGOGNE 12% 75CL"},"content":{"rendered":"<p>Valmistamine: Traditsioonilisel meetodil. P\u00e4rast teise (pudelis) k\u00e4\u00e4ritamise sette eemaldamist ja \u00fcmberkorkimist, lisatakse suhkru \u201edosage\u201c ning valmib Brut klassifikatsiooniga vahuvein, mille j\u00e4\u00e4ksuhkur on 7g\/l kohta. Kogu valmistamisprotsess kestab minimaalselt 24 kuud.<\/p>\n","protected":false},"excerpt":{"rendered":"<p>Liik:\t\u0160ampanjad ja vahuveinid, Vahuvein<br \/>\nKastis:\t6<br \/>\nMaht:\t75CL<br \/>\nAlkoholisisaldus:\t12%<br \/>\nP\u00e4ritolumaa:\tPrantsusmaa<br \/>\nPiirkond:\tBurgundia, Chablis<br \/>\nViinamarjasort:\t60% Chardonnay, 40% Pinot Noir<br \/>\nAroom:\tV\u00e4rske ning v\u00f5imas, tunda on k\u00fcpseid kollaseid puuvilju.<br \/>\nMaitse:\tHarmoonilises tasakaalus peene mulliga vahuvein, millel on pikk puuviljane j\u00e4relmaitse.<br \/>\nToidusoovitus:\tSobib aperitiiviks v\u00f5i creme de cassis lik\u00f6\u00f6riga ja miks mitte tarbida seda terve s\u00f6\u00f6gikorra v\u00e4ltel.<br \/>\nServeerimine:\ttemperatuuril: 6- 8\u00b0C<\/p>\n","protected":false},"featured_media":1554,"template":"","meta":{"_acf_changed":false,"_kadence_starter_templates_imported_post":false,"_kad_post_transparent":"","_kad_post_title":"","_kad_post_layout":"","_kad_post_sidebar_id":"","_kad_post_content_style":"","_kad_post_vertical_padding":"","_kad_post_feature":"","_kad_post_feature_position":"","_kad_post_header":false,"_kad_post_footer":false},"product_brand":[],"product_cat":[123,180,24,80],"product_tag":[],"class_list":{"0":"post-1555","1":"product","2":"type-product","3":"status-publish","4":"has-post-thumbnail","6":"product_cat-vahuveinid-1","7":"product_cat-veinid","8":"product_cat-vahuveinid","9":"product_cat-prantsuse-1-2","11":"first","12":"instock","13":"taxable","14":"shipping-taxable","15":"purchasable","16":"product-type-simple","17":"entry","18":"content-bg","19":"loop-entry"},"acf":[],"_links":{"self":[{"href":"https:\/\/mydrink.ee\/et\/wp-json\/wp\/v2\/product\/1555","targetHints":{"allow":["GET"]}}],"collection":[{"href":"https:\/\/mydrink.ee\/et\/wp-json\/wp\/v2\/product"}],"about":[{"href":"https:\/\/mydrink.ee\/et\/wp-json\/wp\/v2\/types\/product"}],"wp:featuredmedia":[{"embeddable":true,"href":"https:\/\/mydrink.ee\/et\/wp-json\/wp\/v2\/media\/1554"}],"wp:attachment":[{"href":"https:\/\/mydrink.ee\/et\/wp-json\/wp\/v2\/media?parent=1555"}],"wp:term":[{"taxonomy":"product_brand","embeddable":true,"href":"https:\/\/mydrink.ee\/et\/wp-json\/wp\/v2\/product_brand?post=1555"},{"taxonomy":"product_cat","embeddable":true,"href":"https:\/\/mydrink.ee\/et\/wp-json\/wp\/v2\/product_cat?post=1555"},{"taxonomy":"product_tag","embeddable":true,"href":"https:\/\/mydrink.ee\/et\/wp-json\/wp\/v2\/product_tag?post=1555"}],"curies":[{"name":"wp","href":"https:\/\/api.w.org\/{rel}","templated":true}]}}