{"id":1557,"date":"2013-08-30T22:41:08","date_gmt":"2013-08-30T19:41:08","guid":{"rendered":"https:\/\/mydrink.ee\/product\/l-latour-chablis-grand-cru-les-clos-09-13-75cl\/"},"modified":"2013-08-30T22:41:08","modified_gmt":"2013-08-30T19:41:08","slug":"l-latour-chablis-grand-cru-les-clos-09-13-75cl","status":"publish","type":"product","link":"https:\/\/mydrink.ee\/et\/product\/l-latour-chablis-grand-cru-les-clos-09-13-75cl\/","title":{"rendered":"L.LATOUR CHABLIS GRAND CRU LES CLOS\u00b420 13% 75CL"},"content":{"rendered":"<p>Hoolimata tohututest hektaritest ja tootmise v\u00f5imsusest, toodab Chablis piirkond v\u00e4hem kui 5% sellest, mis 100a. tagasi. Madalam saagikus ja viinamarjade aretamine on teinud sellest veinist absoluutse lemmiku. \u201eLes Clos\u201c on esindatud kagust edelani ja on suurim Grand Cru Chablis. Grand Cru\u00b4de \u201ekuninga\u201c apellatsioon: rikkalik, mahlakas vein suurep\u00e4rase kompleksse maitsega. Parima s\u00e4ilimispotensiaaliga vein.<br \/>\nFermentatsioon: K\u00e4\u00e4ritamine terastankides, kontrollitud temperatuuril, koos malolaktilise fermentatsiooniga.<br \/>\nK\u00fcpsemine: Toimub terastankides 8-10 kuud<br \/>\nApellatsioon: Chablis Grand Cru<br \/>\nS\u00e4ilimispotentsiaal: 7-10 aastat<\/p>\n","protected":false},"excerpt":{"rendered":"<p>Liik: \tKaitstud p\u00e4ritolunimetusega vein<br \/>\nKastis:\t12<br \/>\nMaht: 75CL<br \/>\nAlkoholisisaldus: 13%<br \/>\nP\u00e4ritolumaa: Prantsusmaa<br \/>\nPiirkond: Chablis<br \/>\nViinamarjasort: Chardonnay<br \/>\nMaitse:\tSelle veini v\u00f5lu on v\u00e4rske v\u00f5i ja vanilje aroom. Hea mineraalsusega t\u00e4idlane vein.<br \/>\nToidusoovitus: Austrid, kala, karpkala, kitsejuust.<br \/>\nServeerimine:\t12-14\u00b0C.<\/p>\n","protected":false},"featured_media":1556,"template":"","meta":{"_acf_changed":false,"_kadence_starter_templates_imported_post":false,"_kad_post_transparent":"","_kad_post_title":"","_kad_post_layout":"","_kad_post_sidebar_id":"","_kad_post_content_style":"","_kad_post_vertical_padding":"","_kad_post_feature":"","_kad_post_feature_position":"","_kad_post_header":false,"_kad_post_footer":false},"product_brand":[],"product_cat":[21,180,57],"product_tag":[],"class_list":{"0":"post-1557","1":"product","2":"type-product","3":"status-publish","4":"has-post-thumbnail","6":"product_cat-valged-veinid","7":"product_cat-veinid","8":"product_cat-prantsuse-1","10":"first","11":"instock","12":"taxable","13":"shipping-taxable","14":"purchasable","15":"product-type-simple","16":"entry","17":"content-bg","18":"loop-entry"},"acf":[],"_links":{"self":[{"href":"https:\/\/mydrink.ee\/et\/wp-json\/wp\/v2\/product\/1557","targetHints":{"allow":["GET"]}}],"collection":[{"href":"https:\/\/mydrink.ee\/et\/wp-json\/wp\/v2\/product"}],"about":[{"href":"https:\/\/mydrink.ee\/et\/wp-json\/wp\/v2\/types\/product"}],"wp:featuredmedia":[{"embeddable":true,"href":"https:\/\/mydrink.ee\/et\/wp-json\/wp\/v2\/media\/1556"}],"wp:attachment":[{"href":"https:\/\/mydrink.ee\/et\/wp-json\/wp\/v2\/media?parent=1557"}],"wp:term":[{"taxonomy":"product_brand","embeddable":true,"href":"https:\/\/mydrink.ee\/et\/wp-json\/wp\/v2\/product_brand?post=1557"},{"taxonomy":"product_cat","embeddable":true,"href":"https:\/\/mydrink.ee\/et\/wp-json\/wp\/v2\/product_cat?post=1557"},{"taxonomy":"product_tag","embeddable":true,"href":"https:\/\/mydrink.ee\/et\/wp-json\/wp\/v2\/product_tag?post=1557"}],"curies":[{"name":"wp","href":"https:\/\/api.w.org\/{rel}","templated":true}]}}