{"id":1619,"date":"2013-11-05T23:34:17","date_gmt":"2013-11-05T21:34:17","guid":{"rendered":"https:\/\/mydrink.ee\/product\/vallformosa-cava-origen-brut-nature-11-5-75cl\/"},"modified":"2013-11-05T23:34:17","modified_gmt":"2013-11-05T21:34:17","slug":"vallformosa-cava-origen-brut-nature-11-5-75cl","status":"publish","type":"product","link":"https:\/\/mydrink.ee\/et\/product\/vallformosa-cava-origen-brut-nature-11-5-75cl\/","title":{"rendered":"VALLFORMOSA CAVA ORIGEN BRUT NATURE 11,5% 75CL"},"content":{"rendered":"<p>D.O: Cava.<br \/>\nKlassifikatsioon: BrutNatureCava.<br \/>\nViinamarjasordid: 30% Macabeo, 30% Xarel-lo, 40% Parellada.<br \/>\nKorje aeg: Macabeoseptembri alguses, Xarel-loseptembri teisel ja kolmandal n\u00e4dalal, Parelladaoktoobri esimesel n\u00e4dalal. K\u00e4sitsi ja mehaaniline korje.<br \/>\nK\u00e4\u00e4ritamine: Esmane k\u00e4\u00e4ritamine toimub terastankides, kontrollitud temperatuuril 14-16 \u00b0C. Teine pudelis, traditsioonilisel meetodil, minimaalselt 12 kuud.<br \/>\nAlkoholisisaldus:11,5 %<br \/>\nJ\u00e4\u00e4ksuhkur: 1,3 g\/l<br \/>\nVallformosa on 100% pereettev\u00f5te, mida juhib n\u00fc\u00fcd juba Dom\u00e9nech\u2019i perekonna viies p\u00f5lvkond ning mis on asutatud aastal 1865 Vilobi del Penedes\u00b4is.<\/p>\n<p>T\u00e4nap\u00e4eval omatakse veinim\u00f5isasi neljas erinevas Hispaania veinitootmispiirkonnas (D.O. Cava, D.O. Pened\u00e9s, D.O. Catalonia, D.O. Rioja) ning \u00fchte veinim\u00f5isa ka Argentiinas.<\/p>\n<p>\u00dcle 60% toodangust eksporditakse rohkem kui 40-sse riiki \u00fcle kogu maailma.<\/p>\n","protected":false},"excerpt":{"rendered":"<p>Liik:\t\u0160ampanjad ja vahuveinid, Vahuvein<br \/>\nKastis:\t6<br \/>\nMaht:\t75CL<br \/>\nAlkoholisisaldus:\t11,5%<br \/>\nP\u00e4ritolumaa:\tHispaania<br \/>\nV\u00e4rvus: Kahvatukollane, kergelt roheka varjundiga. V\u00e4ikesed ning tihedad mullid ja valge vaht.<br \/>\nAroom: V\u00e4rske ja v\u00e4ga puuviljane. Tunda on \u00f5una, pirni, ananassi ning avanemisel ka kergeid mandli noote.<br \/>\nMaitse: V\u00e4rskendav, keskmise happega, puuviljanening v\u00e4ga kuiv.Kauakestev, meeldiv j\u00e4relmaitse, milles m\u00e4rke pikast p\u00e4rmisettel laagerdumisest.<br \/>\nServeeri: Temperatuuril 5-6\u00b0C<br \/>\nTarbi: Aperitiivina, koos mereandidega v\u00f5i kogu \u00f5htus\u00f6\u00f6gi kestel.<\/p>\n","protected":false},"featured_media":1618,"template":"","meta":{"_acf_changed":false,"_kadence_starter_templates_imported_post":false,"_kad_post_transparent":"","_kad_post_title":"","_kad_post_layout":"","_kad_post_sidebar_id":"","_kad_post_content_style":"","_kad_post_vertical_padding":"","_kad_post_feature":"","_kad_post_feature_position":"","_kad_post_header":false,"_kad_post_footer":false},"product_brand":[],"product_cat":[123,77,24],"product_tag":[],"class_list":{"0":"post-1619","1":"product","2":"type-product","3":"status-publish","4":"has-post-thumbnail","6":"product_cat-vahuveinid-1","7":"product_cat-hispaania-1-2","8":"product_cat-vahuveinid","10":"first","11":"instock","12":"taxable","13":"shipping-taxable","14":"purchasable","15":"product-type-simple","16":"entry","17":"content-bg","18":"loop-entry"},"acf":[],"_links":{"self":[{"href":"https:\/\/mydrink.ee\/et\/wp-json\/wp\/v2\/product\/1619","targetHints":{"allow":["GET"]}}],"collection":[{"href":"https:\/\/mydrink.ee\/et\/wp-json\/wp\/v2\/product"}],"about":[{"href":"https:\/\/mydrink.ee\/et\/wp-json\/wp\/v2\/types\/product"}],"wp:featuredmedia":[{"embeddable":true,"href":"https:\/\/mydrink.ee\/et\/wp-json\/wp\/v2\/media\/1618"}],"wp:attachment":[{"href":"https:\/\/mydrink.ee\/et\/wp-json\/wp\/v2\/media?parent=1619"}],"wp:term":[{"taxonomy":"product_brand","embeddable":true,"href":"https:\/\/mydrink.ee\/et\/wp-json\/wp\/v2\/product_brand?post=1619"},{"taxonomy":"product_cat","embeddable":true,"href":"https:\/\/mydrink.ee\/et\/wp-json\/wp\/v2\/product_cat?post=1619"},{"taxonomy":"product_tag","embeddable":true,"href":"https:\/\/mydrink.ee\/et\/wp-json\/wp\/v2\/product_tag?post=1619"}],"curies":[{"name":"wp","href":"https:\/\/api.w.org\/{rel}","templated":true}]}}