{"id":1621,"date":"2013-11-05T23:34:49","date_gmt":"2013-11-05T21:34:49","guid":{"rendered":"https:\/\/mydrink.ee\/product\/maker-s-mark-45-70cl\/"},"modified":"2025-11-21T14:07:10","modified_gmt":"2025-11-21T12:07:10","slug":"maker-s-mark-45-70cl","status":"publish","type":"product","link":"https:\/\/mydrink.ee\/et\/product\/maker-s-mark-45-70cl\/","title":{"rendered":"MAKER\u00b4S MARK 45% 70CL"},"content":{"rendered":"<p>Esimene Maker\u2019s Mark\u2019i burboon villiti 1958. aastal Kentucky osariigis oman\u00e4olise punase vaha pitsatiga, millest on saanud selle s\u00fcmbol ja registreeritud kaubam\u00e4rk.<br \/>\n Maker\u2019s Mark burbooni \u00fcheks suuremaks erip\u00e4raks on selle valmistusprotsess. Nimelt on Maker\u2019s Mark \u00fcks v\u00e4heseid destilleerijaid, kes alustades teravilja purustamisega ning l\u00f5petades pudelite villimisega p\u00f6\u00f6rab erilist t\u00e4helepanu igale viskivaadile eraldi. Sest viskivaadid on nagu inimesed \u2013 nad saavad k\u00fcpseks erinevas vanuses ja nad vajavad erilist hoolt.<br \/>\n Vaate liigutatakse k\u00fcpsemisprotsessi ajal regulaarselt, et tagada maksimaalsed v\u00f5imalikud temperatuurierisused, mis Kentuckyl pakkuda on. Temperatuuri k\u00f5ikumise tagaj\u00e4rjel saab viski omandada sellele iseloomulikud tammised maitsed. 100% naturaalne odralinnas ja rauavaba allikavesi lisavad viskile s\u00e4rava v\u00e4rvuse ning kvaliteedi. Punase talinisu kasutamine traditsioonilise rukki asemel, annab Maker\u2019s Markile erilise ja omap\u00e4rase pehme j\u00e4relmaitse.<br \/>\n Umbes 6. laagerdumisaastal, olles degusteerijate pideva t\u00e4helepanu all, saab viski l\u00f5puks heakskiidu pudelisse villimiseks. Iga pudel pitseeritakse k\u00e4sitsi \u2013 iga\u00fcks oma n\u00e4oga. <\/p>\n<p> Maker\u2019s burboon on peegeldus selle valmistajatest. Maitsekas ja muretu. Mitte kunagi karm v\u00f5i solvav, alati soe ja viisakas. Nagu hea s\u00f5ber, keda v\u00f5ib igal puhul k\u00fclla kutsuda.<\/p>\n","protected":false},"excerpt":{"rendered":"<p>Liik:\tKange alkohol, Viski<br \/>\nKastis:\t6<br \/>\nMaht:\t70CL<br \/>\nAlkoholisisaldus:\t45%<br \/>\nP\u00e4ritolumaa:\tAmeerika \u00dchendriigid<br \/>\nAroom: magus, karamelline<br \/>\nV\u00e4rvus: s\u00e4rav, s\u00fcgav, merevaik<br \/>\nMaitse: kerge karamelli magusus ja puuviljasus, vanilje, pehme ja peene l\u00f5puga<\/p>\n","protected":false},"featured_media":1620,"template":"","meta":{"_acf_changed":false,"_kadence_starter_templates_imported_post":false,"_kad_post_transparent":"","_kad_post_title":"","_kad_post_layout":"","_kad_post_sidebar_id":"","_kad_post_content_style":"","_kad_post_vertical_padding":"","_kad_post_feature":"","_kad_post_feature_position":"","_kad_post_header":false,"_kad_post_footer":false},"product_brand":[],"product_cat":[45,26],"product_tag":[],"class_list":{"0":"post-1621","1":"product","2":"type-product","3":"status-publish","4":"has-post-thumbnail","6":"product_cat-viski","7":"product_cat-kange-alkohol","9":"first","10":"instock","11":"taxable","12":"shipping-taxable","13":"purchasable","14":"product-type-simple","15":"entry","16":"content-bg","17":"loop-entry"},"acf":[],"_links":{"self":[{"href":"https:\/\/mydrink.ee\/et\/wp-json\/wp\/v2\/product\/1621","targetHints":{"allow":["GET"]}}],"collection":[{"href":"https:\/\/mydrink.ee\/et\/wp-json\/wp\/v2\/product"}],"about":[{"href":"https:\/\/mydrink.ee\/et\/wp-json\/wp\/v2\/types\/product"}],"wp:featuredmedia":[{"embeddable":true,"href":"https:\/\/mydrink.ee\/et\/wp-json\/wp\/v2\/media\/1620"}],"wp:attachment":[{"href":"https:\/\/mydrink.ee\/et\/wp-json\/wp\/v2\/media?parent=1621"}],"wp:term":[{"taxonomy":"product_brand","embeddable":true,"href":"https:\/\/mydrink.ee\/et\/wp-json\/wp\/v2\/product_brand?post=1621"},{"taxonomy":"product_cat","embeddable":true,"href":"https:\/\/mydrink.ee\/et\/wp-json\/wp\/v2\/product_cat?post=1621"},{"taxonomy":"product_tag","embeddable":true,"href":"https:\/\/mydrink.ee\/et\/wp-json\/wp\/v2\/product_tag?post=1621"}],"curies":[{"name":"wp","href":"https:\/\/api.w.org\/{rel}","templated":true}]}}