{"id":1659,"date":"2014-01-03T23:34:36","date_gmt":"2014-01-03T21:34:36","guid":{"rendered":"https:\/\/mydrink.ee\/product\/espiritu-de-chile-wm-collection-syrah-11-14-75cl\/"},"modified":"2014-01-03T23:34:36","modified_gmt":"2014-01-03T21:34:36","slug":"espiritu-de-chile-wm-collection-syrah-11-14-75cl","status":"publish","type":"product","link":"https:\/\/mydrink.ee\/et\/product\/espiritu-de-chile-wm-collection-syrah-11-14-75cl\/","title":{"rendered":"ESPIRITU DE CHILE WM COLLECTION SYRAH`11 14% 75CL"},"content":{"rendered":"<p>Viinamarjad on korjatud k\u00e4sitsi aprillikuu alguses. P\u00e4rast hoolikat selekteerimist sorteerimislaudadel eemaldatakse marjadelt varred. Alkoholi k\u00e4\u00e4rimine toimub terastankides 25-27\u00b0C juures 7 p\u00e4eva ja edasi k\u00fcpseb vein 12 kuud Prantsuse ja Ameerika tammevaatides.<br \/>\nVeinimeister: Jon Usabiaga.<br \/>\nEspiritu de Chile veinid valmivad T\u0161iilis, Aresti veinim\u00f5isas.<br \/>\nAastal 1951 Aresti perekond, Don Vicente Aresti eestvedamisel alustas viinamarjaistanduste rajamist Curic\u00f2 orus. T\u00e4nap\u00e4eval valmivad Espiritu de Chile veinid ka uuemates ja jahedamates T\u0161iili veiniregioonides nagu Leyda org.<br \/>\nVeinimaja kasutab veinide valmistamisel peamiselt neid viinamarju, mis on korjatud oma viinamarja aedadest; nende omanduses on ligi 400 ha viinamarjaistandusi.<br \/>\nEspiritu de Chile Winemaker Collection veinisarja istandused paiknevad Leyda, Colchagua ja Maipo orus. <\/p>\n","protected":false},"excerpt":{"rendered":"<p>Liik: Geograafilise t\u00e4hisega vein<br \/>\nKastis: 6<br \/>\nTootjamaa: T\u0161iili<br \/>\nPiirkond: DO MaipoValley<br \/>\nTootja: Aresti<br \/>\nViinamarjad: Syrah100%<br \/>\nJ\u00e4\u00e4ksuhkur: 3,5g\/l<br \/>\nV\u00e4rvus: vein on s\u00fcgav rubiinpunane, violetse alatooniga.<br \/>\nAroom: tunda on k\u00fcpseid musti marju nagu musts\u00f5star, must metskirss, millele lisanduvad sekundaarsed aroomid nagu lavendel, toffeeja vanilje.<br \/>\nMaitse: t\u00e4idlane, hea happesusega, kompleksne, pehmete tanniinidega. J\u00e4relmaitseon pikk ja kauakestev, veidi suitsuse ja piprase n\u00fcansiga.<br \/>\nToidusoovitus: Grillitud loomaliha, grill-ribid, lambaliha hautisedja ulukiliha ning k\u00fcpsed laagerdunud juustud.<br \/>\nServeerimistemperatuur: 16-18\u00b0C Bordeaux klaasist.<\/p>\n","protected":false},"featured_media":1658,"template":"","meta":{"_acf_changed":false,"_kadence_starter_templates_imported_post":false,"_kad_post_transparent":"","_kad_post_title":"","_kad_post_layout":"","_kad_post_sidebar_id":"","_kad_post_content_style":"","_kad_post_vertical_padding":"","_kad_post_feature":"","_kad_post_feature_position":"","_kad_post_header":false,"_kad_post_footer":false},"product_brand":[],"product_cat":[20,180,34],"product_tag":[],"class_list":{"0":"post-1659","1":"product","2":"type-product","3":"status-publish","4":"has-post-thumbnail","6":"product_cat-punased-veinid","7":"product_cat-veinid","8":"product_cat-thsiili","10":"first","11":"outofstock","12":"taxable","13":"shipping-taxable","14":"purchasable","15":"product-type-simple","16":"entry","17":"content-bg","18":"loop-entry"},"acf":[],"_links":{"self":[{"href":"https:\/\/mydrink.ee\/et\/wp-json\/wp\/v2\/product\/1659","targetHints":{"allow":["GET"]}}],"collection":[{"href":"https:\/\/mydrink.ee\/et\/wp-json\/wp\/v2\/product"}],"about":[{"href":"https:\/\/mydrink.ee\/et\/wp-json\/wp\/v2\/types\/product"}],"wp:featuredmedia":[{"embeddable":true,"href":"https:\/\/mydrink.ee\/et\/wp-json\/wp\/v2\/media\/1658"}],"wp:attachment":[{"href":"https:\/\/mydrink.ee\/et\/wp-json\/wp\/v2\/media?parent=1659"}],"wp:term":[{"taxonomy":"product_brand","embeddable":true,"href":"https:\/\/mydrink.ee\/et\/wp-json\/wp\/v2\/product_brand?post=1659"},{"taxonomy":"product_cat","embeddable":true,"href":"https:\/\/mydrink.ee\/et\/wp-json\/wp\/v2\/product_cat?post=1659"},{"taxonomy":"product_tag","embeddable":true,"href":"https:\/\/mydrink.ee\/et\/wp-json\/wp\/v2\/product_tag?post=1659"}],"curies":[{"name":"wp","href":"https:\/\/api.w.org\/{rel}","templated":true}]}}