{"id":1670,"date":"2014-01-16T23:34:03","date_gmt":"2014-01-16T21:34:03","guid":{"rendered":"https:\/\/mydrink.ee\/product\/rovere-della-luna-pinot-nero-11-13-75cl\/"},"modified":"2014-01-16T23:34:03","modified_gmt":"2014-01-16T21:34:03","slug":"rovere-della-luna-pinot-nero-11-13-75cl","status":"publish","type":"product","link":"https:\/\/mydrink.ee\/et\/product\/rovere-della-luna-pinot-nero-11-13-75cl\/","title":{"rendered":"ROVERE DELLA LUNA PINOT NERO`11 13% 75CL"},"content":{"rendered":"<p>Korje aeg: Septembri viimasel dekaadil.<br \/>\nK\u00e4\u00e4ritamine: 8-12 p\u00e4eva terastankides kontrollitud temperatuuril 24-26 \u00b0C. Veini on laagerdatud 6-8 kuud Prantsuse tammevaadis.<\/p>\n","protected":false},"excerpt":{"rendered":"<p>Liik:\tKaitstud p\u00e4ritolunimetusega vein<br \/>\nKastis:\t6<br \/>\nMaht: 75CL<br \/>\nAlkoholisisaldus: 13%<br \/>\nP\u00e4ritolumaa: Itaalia<br \/>\nPiirkond: Trentino<br \/>\nV\u00e4rvus: S\u00fcgav rubiinpunane<br \/>\nAroom: Delikaatne aroom, milles segunevad punased marjad, kirsid ning musts\u00f5star.<br \/>\nMaitse:\t Aromaatne, pehmed tanniinid, puuviljane. Tunda on vabarnaid, j\u00f5hvikaid ning veidike tammevanilli.<br \/>\nToidusoovitus: Grillitud punase lihaga, tugevamate laagerdunud juustudega.<br \/>\nServeerimine:\tTemperatuuril 18-20\u00b0 C<\/p>\n","protected":false},"featured_media":1669,"template":"","meta":{"_acf_changed":false,"_kad_post_transparent":"","_kad_post_title":"","_kad_post_layout":"","_kad_post_sidebar_id":"","_kad_post_content_style":"","_kad_post_vertical_padding":"","_kad_post_feature":"","_kad_post_feature_position":"","_kad_post_header":false,"_kad_post_footer":false},"product_brand":[],"product_cat":[30,20,180],"product_tag":[],"class_list":{"0":"post-1670","1":"product","2":"type-product","3":"status-publish","4":"has-post-thumbnail","6":"product_cat-itaalia","7":"product_cat-punased-veinid","8":"product_cat-veinid","10":"first","11":"outofstock","12":"taxable","13":"shipping-taxable","14":"purchasable","15":"product-type-simple","16":"entry","17":"content-bg","18":"loop-entry"},"acf":[],"_links":{"self":[{"href":"https:\/\/mydrink.ee\/et\/wp-json\/wp\/v2\/product\/1670","targetHints":{"allow":["GET"]}}],"collection":[{"href":"https:\/\/mydrink.ee\/et\/wp-json\/wp\/v2\/product"}],"about":[{"href":"https:\/\/mydrink.ee\/et\/wp-json\/wp\/v2\/types\/product"}],"wp:featuredmedia":[{"embeddable":true,"href":"https:\/\/mydrink.ee\/et\/wp-json\/wp\/v2\/media\/1669"}],"wp:attachment":[{"href":"https:\/\/mydrink.ee\/et\/wp-json\/wp\/v2\/media?parent=1670"}],"wp:term":[{"taxonomy":"product_brand","embeddable":true,"href":"https:\/\/mydrink.ee\/et\/wp-json\/wp\/v2\/product_brand?post=1670"},{"taxonomy":"product_cat","embeddable":true,"href":"https:\/\/mydrink.ee\/et\/wp-json\/wp\/v2\/product_cat?post=1670"},{"taxonomy":"product_tag","embeddable":true,"href":"https:\/\/mydrink.ee\/et\/wp-json\/wp\/v2\/product_tag?post=1670"}],"curies":[{"name":"wp","href":"https:\/\/api.w.org\/{rel}","templated":true}]}}