{"id":1702,"date":"2014-01-24T11:26:38","date_gmt":"2014-01-24T09:26:38","guid":{"rendered":"https:\/\/mydrink.ee\/product\/hartwall-original-long-drink-5-5-vol-33cl-x-24\/"},"modified":"2026-03-31T20:27:18","modified_gmt":"2026-03-31T17:27:18","slug":"hartwall-original-long-drink-5-5-vol-33cl-x-24","status":"publish","type":"product","link":"https:\/\/mydrink.ee\/et\/product\/hartwall-original-long-drink-5-5-vol-33cl-x-24\/","title":{"rendered":"Hartwall Original Long Drink 5,5% vol 33CL x 24"},"content":{"rendered":"<p>Hartwall Original Long Drink loodi spetsiaalselt Helsingi Ol\u00fcmpiam\u00e4ngudeks 1952. Esialgselt oligi m\u00f5te toota seda m\u00e4ngude ajal, kuid selle suurep\u00e4rasele m\u00fc\u00fcgiedule tuginedes j\u00e4tkub tootmine kuni t\u00e4naseni.<br \/>\n Hartwall toodab endiselt Hartwall Original Long Drink\u2019i, mis on vaieldamatu number \u00fcks long drinkide kategoorias Soomes (\u00fcle 70% turuosa).<br \/>\n See on v\u00e4ga populaarne ka Eestis ning n.\u00f6. travel retail sektoris.<br \/>\n T\u00e4nu Hartwall Original Long Drink populaarsusele on t\u00e4naseks nii m\u00f5nedki konkureerivad tootjad p\u00fc\u00fcdnud seda j\u00e4ljendada.<br \/>\n Siiski saame julgelt v\u00e4ita, et Hartwall Original Long Drink eelis konkurentide ees on selles, et tootmisel kasutatakse ehtsat d\u017einni (konkurendid kasutavad tavaliselt odavamat fermentatsiooni meetodi).<br \/>\n See annab Hartwall Original Long Drink\u2019ile tuntavalt parema kvaliteedi nii maitses kui aroomis.<\/p>\n\n<style>.wp-block-kadence-advancedheading.kt-adv-heading1702_975b73-5e_0, .wp-block-kadence-advancedheading.kt-adv-heading1702_975b73-5e_0[data-kb-block=\"kb-adv-heading1702_975b73-5e_0\"]{font-style:normal;}.wp-block-kadence-advancedheading.kt-adv-heading1702_975b73-5e_0 mark.kt-highlight, .wp-block-kadence-advancedheading.kt-adv-heading1702_975b73-5e_0[data-kb-block=\"kb-adv-heading1702_975b73-5e_0\"] mark.kt-highlight{font-style:normal;color:#f76a0c;-webkit-box-decoration-break:clone;box-decoration-break:clone;padding-top:0px;padding-right:0px;padding-bottom:0px;padding-left:0px;}<\/style>\n<h4 class=\"kt-adv-heading1702_975b73-5e_0 wp-block-kadence-advancedheading has-theme-palette-9-color has-text-color\" data-kb-block=\"kb-adv-heading1702_975b73-5e_0\">long drink<\/h4>\n\n\n<style>.wp-block-kadence-advancedheading.kt-adv-heading1702_3b115a-b4, .wp-block-kadence-advancedheading.kt-adv-heading1702_3b115a-b4[data-kb-block=\"kb-adv-heading1702_3b115a-b4\"]{font-style:normal;}.wp-block-kadence-advancedheading.kt-adv-heading1702_3b115a-b4 mark.kt-highlight, .wp-block-kadence-advancedheading.kt-adv-heading1702_3b115a-b4[data-kb-block=\"kb-adv-heading1702_3b115a-b4\"] mark.kt-highlight{font-style:normal;color:#f76a0c;-webkit-box-decoration-break:clone;box-decoration-break:clone;padding-top:0px;padding-right:0px;padding-bottom:0px;padding-left:0px;}<\/style>\n<p class=\"kt-adv-heading1702_3b115a-b4 wp-block-kadence-advancedheading\" data-kb-block=\"kb-adv-heading1702_3b115a-b4\"><\/p>\n","protected":false},"excerpt":{"rendered":"<p>Liik: Long Drink<br \/>\nKastis: 24<br \/>\nMaht: 7,92L<br \/>\nAlkoholisisaldus: 5,5% vol<br \/>\nP\u00e4ritolumaa: Soome<br \/>\nServeerimine: Jahutatult<\/p>\n","protected":false},"featured_media":1700,"template":"","meta":{"_acf_changed":false,"_kadence_starter_templates_imported_post":false,"_kad_post_transparent":"","_kad_post_title":"","_kad_post_layout":"","_kad_post_sidebar_id":"","_kad_post_content_style":"","_kad_post_vertical_padding":"","_kad_post_feature":"","_kad_post_feature_position":"","_kad_post_header":false,"_kad_post_footer":false},"product_brand":[],"product_cat":[90,256,232,110,25,91,87],"product_tag":[272],"class_list":{"0":"post-1702","1":"product","2":"type-product","3":"status-publish","4":"has-post-thumbnail","6":"product_cat-long-drink","7":"product_cat-lahja-alkohol","8":"product_cat-pandipakend","9":"product_cat-pakkumised","10":"product_cat-olu-siider-long-drink","11":"product_cat-ohooo","12":"product_cat-frontpage","13":"product_tag-htw33ale","15":"first","16":"instock","17":"sale","18":"taxable","19":"shipping-taxable","20":"purchasable","21":"product-type-simple","22":"entry","23":"content-bg","24":"loop-entry"},"acf":[],"_links":{"self":[{"href":"https:\/\/mydrink.ee\/et\/wp-json\/wp\/v2\/product\/1702","targetHints":{"allow":["GET"]}}],"collection":[{"href":"https:\/\/mydrink.ee\/et\/wp-json\/wp\/v2\/product"}],"about":[{"href":"https:\/\/mydrink.ee\/et\/wp-json\/wp\/v2\/types\/product"}],"wp:featuredmedia":[{"embeddable":true,"href":"https:\/\/mydrink.ee\/et\/wp-json\/wp\/v2\/media\/1700"}],"wp:attachment":[{"href":"https:\/\/mydrink.ee\/et\/wp-json\/wp\/v2\/media?parent=1702"}],"wp:term":[{"taxonomy":"product_brand","embeddable":true,"href":"https:\/\/mydrink.ee\/et\/wp-json\/wp\/v2\/product_brand?post=1702"},{"taxonomy":"product_cat","embeddable":true,"href":"https:\/\/mydrink.ee\/et\/wp-json\/wp\/v2\/product_cat?post=1702"},{"taxonomy":"product_tag","embeddable":true,"href":"https:\/\/mydrink.ee\/et\/wp-json\/wp\/v2\/product_tag?post=1702"}],"curies":[{"name":"wp","href":"https:\/\/api.w.org\/{rel}","templated":true}]}}