{"id":1758,"date":"2014-01-24T11:33:27","date_gmt":"2014-01-24T09:33:27","guid":{"rendered":"https:\/\/mydrink.ee\/product\/poff-sparkling-wine-brut-11-5-75cl\/"},"modified":"2014-01-24T11:33:27","modified_gmt":"2014-01-24T09:33:27","slug":"poff-sparkling-wine-brut-11-5-75cl","status":"publish","type":"product","link":"https:\/\/mydrink.ee\/et\/product\/poff-sparkling-wine-brut-11-5-75cl\/","title":{"rendered":"P\u00d6FF SPARKLING WINE BRUT 11,5% 75CL"},"content":{"rendered":"<p>Valmistamine: Baasveini teine k\u00e4\u00e4ritamine toimub<br \/>\n10 000 liitristes terastankides minimaalselt 6 kuud, enne villimist.<\/p>\n<p> Soovitav tarbida enne 18 kuu m\u00f6\u00f6dumist p\u00e4rast ostu sooritamist!<\/p>\n<p> P\u00d6FF eriseeria vahuveinid on toodetud Pimedate \u00d6\u00f6de Filmifestivali ja Tridens AS koost\u00f6\u00f6s.<br \/>\n Iga m\u00fc\u00fcdud P\u00d6FF\u00b4i pdl pealt l\u00e4heb 50 eurosenti P\u00d6FF\u00b4i ehk Eesti kultuuri sihtotstarbeliseks toetuseks.<br \/>\n Projekti kaasati ka Siseministeeriumi poolt algatatud alaealistele alkoholi tarbimise keelu ja k\u00e4ttesaadavuse t\u00f5kestamise m\u00e4rgistus (alla 18 a. keelatud &#8211; m\u00e4rk).<\/p>\n<p> Tallinna Pimedate \u00d6\u00f6de Filmifestival (P\u00d6FF, aastani 2001 Pimedate \u00d6\u00f6de Filmifestival) toimus esmakordselt 1997. aastal. Festivali praegune ulatus saavutati 2002. aastal.<\/p>\n<p> 2011. a 15. P\u00d6FF rekordiline k\u00fclastuste arv: kokku \u00fcle 73 000 k\u00fclastuse<br \/>\n Linastused toimusid: Tallinnas, Tartus, Viljandis, J\u00f5hvis, Valgas, Narvas, K\u00e4rdlas, Paides, Kuressaares, P\u00e4rnus.<\/p>\n<p> Tridens AS on P\u00d6FF\u00b4i s\u00f5braks ja toetajaks olnud alates 2005. aastast ja v\u00e4lja andnud:<br \/>\n Tridens\u00b4i Balti t\u00e4ispikkade filmide auhindu ; Heave(i)n Eesti Filmi auhindu.<br \/>\n 16. P\u00d6FF\u00b4il 2012. a annab Tridens v\u00e4lja \u201eTridens Big Fish Award for the Best Film\u201c<br \/>\n nimelise auhinna ja Heave(i)n Eesti Filmi auhinna.<\/p>\n","protected":false},"excerpt":{"rendered":"<p>Liik:\tTridens, P\u00d6FF eriseeria veinid ja vahuveinid<br \/>\nKastis:\t6<br \/>\nMaht:\t75 CL<br \/>\nAlkoholisisaldus:\t11,5%<br \/>\nP\u00e4ritolumaa:\tLuksemburg<br \/>\nViinamarjasort:\tChardonnay, Pinot Blanc, Pinot Gris, Pinot Noir<br \/>\nAroom:\tV\u00e4rske, puuviljane, tunda on \u00f5unu ja aprikoose.<br \/>\nMaitse:\tApetiitne, balansseeritud happesusega, v\u00e4rske ning puuviljane.<br \/>\nToidusoovitus:\tSobib suurep\u00e4raselt: aperitiivina, salatitega, mereandidega, seltskonnas tarbimiseks.<br \/>\nServeerimine:\tParim serveerimistemperatuur 6\u00b0- 8\u00b0C<\/p>\n","protected":false},"featured_media":1757,"template":"","meta":{"_acf_changed":false,"_kadence_starter_templates_imported_post":false,"_kad_post_transparent":"","_kad_post_title":"","_kad_post_layout":"","_kad_post_sidebar_id":"","_kad_post_content_style":"","_kad_post_vertical_padding":"","_kad_post_feature":"","_kad_post_feature_position":"","_kad_post_header":false,"_kad_post_footer":false},"product_brand":[],"product_cat":[123,24,117,85],"product_tag":[],"class_list":{"0":"post-1758","1":"product","2":"type-product","3":"status-publish","4":"has-post-thumbnail","6":"product_cat-vahuveinid-1","7":"product_cat-vahuveinid","8":"product_cat-luxembourg","9":"product_cat-muu-1-2","11":"first","12":"outofstock","13":"taxable","14":"shipping-taxable","15":"purchasable","16":"product-type-simple","17":"entry","18":"content-bg","19":"loop-entry"},"acf":[],"_links":{"self":[{"href":"https:\/\/mydrink.ee\/et\/wp-json\/wp\/v2\/product\/1758","targetHints":{"allow":["GET"]}}],"collection":[{"href":"https:\/\/mydrink.ee\/et\/wp-json\/wp\/v2\/product"}],"about":[{"href":"https:\/\/mydrink.ee\/et\/wp-json\/wp\/v2\/types\/product"}],"wp:featuredmedia":[{"embeddable":true,"href":"https:\/\/mydrink.ee\/et\/wp-json\/wp\/v2\/media\/1757"}],"wp:attachment":[{"href":"https:\/\/mydrink.ee\/et\/wp-json\/wp\/v2\/media?parent=1758"}],"wp:term":[{"taxonomy":"product_brand","embeddable":true,"href":"https:\/\/mydrink.ee\/et\/wp-json\/wp\/v2\/product_brand?post=1758"},{"taxonomy":"product_cat","embeddable":true,"href":"https:\/\/mydrink.ee\/et\/wp-json\/wp\/v2\/product_cat?post=1758"},{"taxonomy":"product_tag","embeddable":true,"href":"https:\/\/mydrink.ee\/et\/wp-json\/wp\/v2\/product_tag?post=1758"}],"curies":[{"name":"wp","href":"https:\/\/api.w.org\/{rel}","templated":true}]}}