{"id":1767,"date":"2014-01-24T11:37:04","date_gmt":"2014-01-24T09:37:04","guid":{"rendered":"https:\/\/mydrink.ee\/product\/espiritu-de-chile-gewurztraminer-semillon-bib-12-5-300cl\/"},"modified":"2025-11-04T09:19:41","modified_gmt":"2025-11-04T07:19:41","slug":"espiritu-de-chile-gewurztraminer-semillon-bib-12-5-300cl","status":"publish","type":"product","link":"https:\/\/mydrink.ee\/et\/product\/espiritu-de-chile-gewurztraminer-semillon-bib-12-5-300cl\/","title":{"rendered":"ESPIRITU DE CHILE GEW\u00dcRZTRAMINER SEMILLON BIB 12,5% 300CL"},"content":{"rendered":"","protected":false},"excerpt":{"rendered":"<p>Liik: Geograafilise t\u00e4hisega vein<br \/>\nKastis:\t4<br \/>\nMaht:\t300CL<br \/>\nAlkoholisisaldus:\t12,5%<br \/>\nP\u00e4ritolumaa:\tT\u0161iili<br \/>\nPiirkond:\tCentral Valley<br \/>\nViinamarjasort:\tGew\u00fcrztraminer (50%), Semillion (50%)<br \/>\nAroom:\tVeini intensiivses ja v\u00fcrtsikas aroomis on segunenud k\u00fcpsete puuviljade ja lillede l\u00f5hnad.<br \/>\nMaitse:\tMaitse on elegantne ja meeldivas tasakaalus.<br \/>\nToidusoovitus:\tSobib kana-ja kalaroogade juurde, aperitiiviks, idamaiste roogade k\u00f5rvale.<br \/>\nServeerimine:\t10-12 C<\/p>\n","protected":false},"featured_media":1766,"template":"","meta":{"_acf_changed":false,"_kadence_starter_templates_imported_post":false,"_kad_post_transparent":"","_kad_post_title":"","_kad_post_layout":"","_kad_post_sidebar_id":"","_kad_post_content_style":"","_kad_post_vertical_padding":"","_kad_post_feature":"","_kad_post_feature_position":"","_kad_post_header":false,"_kad_post_footer":false},"product_brand":[],"product_cat":[21,180,182,59],"product_tag":[],"class_list":{"0":"post-1767","1":"product","2":"type-product","3":"status-publish","4":"has-post-thumbnail","6":"product_cat-valged-veinid","7":"product_cat-veinid","8":"product_cat-pakiveinid-1-veinid","9":"product_cat-tshiili","11":"first","12":"instock","13":"taxable","14":"shipping-taxable","15":"purchasable","16":"product-type-simple","17":"entry","18":"content-bg","19":"loop-entry"},"acf":[],"_links":{"self":[{"href":"https:\/\/mydrink.ee\/et\/wp-json\/wp\/v2\/product\/1767","targetHints":{"allow":["GET"]}}],"collection":[{"href":"https:\/\/mydrink.ee\/et\/wp-json\/wp\/v2\/product"}],"about":[{"href":"https:\/\/mydrink.ee\/et\/wp-json\/wp\/v2\/types\/product"}],"wp:featuredmedia":[{"embeddable":true,"href":"https:\/\/mydrink.ee\/et\/wp-json\/wp\/v2\/media\/1766"}],"wp:attachment":[{"href":"https:\/\/mydrink.ee\/et\/wp-json\/wp\/v2\/media?parent=1767"}],"wp:term":[{"taxonomy":"product_brand","embeddable":true,"href":"https:\/\/mydrink.ee\/et\/wp-json\/wp\/v2\/product_brand?post=1767"},{"taxonomy":"product_cat","embeddable":true,"href":"https:\/\/mydrink.ee\/et\/wp-json\/wp\/v2\/product_cat?post=1767"},{"taxonomy":"product_tag","embeddable":true,"href":"https:\/\/mydrink.ee\/et\/wp-json\/wp\/v2\/product_tag?post=1767"}],"curies":[{"name":"wp","href":"https:\/\/api.w.org\/{rel}","templated":true}]}}