{"id":1802,"date":"2014-02-06T23:33:18","date_gmt":"2014-02-06T21:33:18","guid":{"rendered":"https:\/\/mydrink.ee\/product\/buckler-alkoholivaba-olu35-5cl-pudel\/"},"modified":"2025-09-25T10:24:06","modified_gmt":"2025-09-25T07:24:06","slug":"buckler-alkoholivaba-olu35-5cl-pudel","status":"publish","type":"product","link":"https:\/\/mydrink.ee\/et\/product\/buckler-alkoholivaba-olu35-5cl-pudel\/","title":{"rendered":"BUCKLER ALKOHOLIVABA \u00d5LU35,5CL pudel"},"content":{"rendered":"<p>Buckler alkoholivaba \u00f5lu toodetakse Hollandis Heineken tehases. Buckler on valmistatud veest, parimatest linnastest ja humalast.<br \/>\n Buckler sobib \u00f5lles\u00f5brale, kes tahab tunda \u00f5lle m\u00f5rkjat maitset alkoholivabalt.<\/p>\n","protected":false},"excerpt":{"rendered":"<p>Liik:\tLahja alkohoolne jook, \u00d5lu<br \/>\nKastis:\t24<br \/>\nMaht:\t35,5CL<br \/>\nAlkoholisisaldus:\t0,5%<br \/>\nP\u00e4ritolumaa:\tHolland<\/p>\n","protected":false},"featured_media":1801,"template":"","meta":{"_acf_changed":false,"_kad_post_transparent":"","_kad_post_title":"","_kad_post_layout":"","_kad_post_sidebar_id":"","_kad_post_content_style":"","_kad_post_vertical_padding":"","_kad_post_feature":"","_kad_post_feature_position":"","_kad_post_header":false,"_kad_post_footer":false},"product_brand":[],"product_cat":[109,128,88,25,232],"product_tag":[],"class_list":{"0":"post-1802","1":"product","2":"type-product","3":"status-publish","4":"has-post-thumbnail","6":"product_cat-alkoholivaba","7":"product_cat-holland","8":"product_cat-oluet","9":"product_cat-olu-siider-long-drink","10":"product_cat-pandipakend","12":"first","13":"outofstock","14":"taxable","15":"shipping-taxable","16":"purchasable","17":"product-type-simple","18":"entry","19":"content-bg","20":"loop-entry"},"acf":[],"_links":{"self":[{"href":"https:\/\/mydrink.ee\/et\/wp-json\/wp\/v2\/product\/1802","targetHints":{"allow":["GET"]}}],"collection":[{"href":"https:\/\/mydrink.ee\/et\/wp-json\/wp\/v2\/product"}],"about":[{"href":"https:\/\/mydrink.ee\/et\/wp-json\/wp\/v2\/types\/product"}],"wp:featuredmedia":[{"embeddable":true,"href":"https:\/\/mydrink.ee\/et\/wp-json\/wp\/v2\/media\/1801"}],"wp:attachment":[{"href":"https:\/\/mydrink.ee\/et\/wp-json\/wp\/v2\/media?parent=1802"}],"wp:term":[{"taxonomy":"product_brand","embeddable":true,"href":"https:\/\/mydrink.ee\/et\/wp-json\/wp\/v2\/product_brand?post=1802"},{"taxonomy":"product_cat","embeddable":true,"href":"https:\/\/mydrink.ee\/et\/wp-json\/wp\/v2\/product_cat?post=1802"},{"taxonomy":"product_tag","embeddable":true,"href":"https:\/\/mydrink.ee\/et\/wp-json\/wp\/v2\/product_tag?post=1802"}],"curies":[{"name":"wp","href":"https:\/\/api.w.org\/{rel}","templated":true}]}}