{"id":1834,"date":"2014-03-12T23:38:26","date_gmt":"2014-03-12T21:38:26","guid":{"rendered":"https:\/\/mydrink.ee\/product\/conde-villar-vinho-verde-rose-11-5-75cl\/"},"modified":"2014-03-12T23:38:26","modified_gmt":"2014-03-12T21:38:26","slug":"conde-villar-vinho-verde-rose-11-5-75cl","status":"publish","type":"product","link":"https:\/\/mydrink.ee\/et\/product\/conde-villar-vinho-verde-rose-11-5-75cl\/","title":{"rendered":"CONDE VILLAR VINHO VERDE ROSE 11,5% 75CL"},"content":{"rendered":"<p>Quinta das Arcas, mis toodab Conde Villar ja Tapada de Villar veine on perefirma, mis on asutatud aastal 1985 Antonio Esteves Monteiro poolt. Perekond omab veiniaedasid nii DOC Vinho Verde (Minho), kui ka DOC Alentejo piirkonnas. Conde Villar veinid on toodetud k\u00f5rge kvaliteediga viinamarjadest, mis p\u00e4rinevad m\u00f5lemast regioonist. K\u00f5ik viinamarjad on kasvatatud ilma pestitsiidideta ainult naturaalsetel meetodidel. <\/p>\n","protected":false},"excerpt":{"rendered":"<p>Liik: Kaitstud p\u00e4ritolunimetusega vein<br \/>\n Kastis: 6<br \/>\n Maht: 75CL<br \/>\n Tootjamaa: Portugal<br \/>\n Piirkond: DOC Vinho Verde (Minho)<br \/>\n Viinamarjad: Espadeiro<\/p>\n","protected":false},"featured_media":1833,"template":"","meta":{"_acf_changed":false,"_kadence_starter_templates_imported_post":false,"_kad_post_transparent":"","_kad_post_title":"","_kad_post_layout":"","_kad_post_sidebar_id":"","_kad_post_content_style":"","_kad_post_vertical_padding":"","_kad_post_feature":"","_kad_post_feature_position":"","_kad_post_header":false,"_kad_post_footer":false},"product_brand":[],"product_cat":[180,23,74],"product_tag":[],"class_list":{"0":"post-1834","1":"product","2":"type-product","3":"status-publish","4":"has-post-thumbnail","6":"product_cat-veinid","7":"product_cat-roosad-veinid","8":"product_cat-muu-1-roosad-veinid","10":"first","11":"instock","12":"taxable","13":"shipping-taxable","14":"purchasable","15":"product-type-simple","16":"entry","17":"content-bg","18":"loop-entry"},"acf":[],"_links":{"self":[{"href":"https:\/\/mydrink.ee\/et\/wp-json\/wp\/v2\/product\/1834","targetHints":{"allow":["GET"]}}],"collection":[{"href":"https:\/\/mydrink.ee\/et\/wp-json\/wp\/v2\/product"}],"about":[{"href":"https:\/\/mydrink.ee\/et\/wp-json\/wp\/v2\/types\/product"}],"wp:featuredmedia":[{"embeddable":true,"href":"https:\/\/mydrink.ee\/et\/wp-json\/wp\/v2\/media\/1833"}],"wp:attachment":[{"href":"https:\/\/mydrink.ee\/et\/wp-json\/wp\/v2\/media?parent=1834"}],"wp:term":[{"taxonomy":"product_brand","embeddable":true,"href":"https:\/\/mydrink.ee\/et\/wp-json\/wp\/v2\/product_brand?post=1834"},{"taxonomy":"product_cat","embeddable":true,"href":"https:\/\/mydrink.ee\/et\/wp-json\/wp\/v2\/product_cat?post=1834"},{"taxonomy":"product_tag","embeddable":true,"href":"https:\/\/mydrink.ee\/et\/wp-json\/wp\/v2\/product_tag?post=1834"}],"curies":[{"name":"wp","href":"https:\/\/api.w.org\/{rel}","templated":true}]}}