{"id":1838,"date":"2014-03-12T23:44:52","date_gmt":"2014-03-12T21:44:52","guid":{"rendered":"https:\/\/mydrink.ee\/product\/costers-del-sio-petit-sios-blanco-13-12-5-75cl\/"},"modified":"2014-03-12T23:44:52","modified_gmt":"2014-03-12T21:44:52","slug":"costers-del-sio-petit-sios-blanco-13-12-5-75cl","status":"publish","type":"product","link":"https:\/\/mydrink.ee\/et\/product\/costers-del-sio-petit-sios-blanco-13-12-5-75cl\/","title":{"rendered":"COSTERS DEL SIO PETIT SIOS BLANCO`13 12,5% 75CL"},"content":{"rendered":"<p>K\u00f5ik viinamarjad on korjatud k\u00e4sitsi, varastel hommikutundidel, kuid erinevate viinamarjasortide valmistus toimub eraldi. Veini on fermenteeritud 5 kuud uutes prantsuse tamme vaatides, mis annab sellele rikkalikku harmoonia, kompleksuse ja t\u00e4idluse. Heas balanssis puuviljasus, v\u00e4rskus ja t\u00e4idlus.<\/p>\n","protected":false},"excerpt":{"rendered":"<p>Liik: Kaitstud p\u00e4ritolunimetusega vein<br \/>\n Kastis: 6<br \/>\n Maht: 75CL<br \/>\n Tootjamaa: Hispaania<br \/>\n Piirkond: D.O. Costers del Segre<br \/>\n Tootja: Costers del Sio<br \/>\nViinamarjad: 45% Chardonnay, 40% Sauvignon Blanc, 15% Muscat Petit Grain<\/p>\n","protected":false},"featured_media":1837,"template":"","meta":{"_acf_changed":false,"_kad_post_transparent":"","_kad_post_title":"","_kad_post_layout":"","_kad_post_sidebar_id":"","_kad_post_content_style":"","_kad_post_vertical_padding":"","_kad_post_feature":"","_kad_post_feature_position":"","_kad_post_header":false,"_kad_post_footer":false},"product_brand":[],"product_cat":[54,21,180],"product_tag":[],"class_list":{"0":"post-1838","1":"product","2":"type-product","3":"status-publish","4":"has-post-thumbnail","6":"product_cat-hispaania-1","7":"product_cat-valged-veinid","8":"product_cat-veinid","10":"first","11":"outofstock","12":"taxable","13":"shipping-taxable","14":"purchasable","15":"product-type-simple","16":"entry","17":"content-bg","18":"loop-entry"},"acf":[],"_links":{"self":[{"href":"https:\/\/mydrink.ee\/et\/wp-json\/wp\/v2\/product\/1838","targetHints":{"allow":["GET"]}}],"collection":[{"href":"https:\/\/mydrink.ee\/et\/wp-json\/wp\/v2\/product"}],"about":[{"href":"https:\/\/mydrink.ee\/et\/wp-json\/wp\/v2\/types\/product"}],"wp:featuredmedia":[{"embeddable":true,"href":"https:\/\/mydrink.ee\/et\/wp-json\/wp\/v2\/media\/1837"}],"wp:attachment":[{"href":"https:\/\/mydrink.ee\/et\/wp-json\/wp\/v2\/media?parent=1838"}],"wp:term":[{"taxonomy":"product_brand","embeddable":true,"href":"https:\/\/mydrink.ee\/et\/wp-json\/wp\/v2\/product_brand?post=1838"},{"taxonomy":"product_cat","embeddable":true,"href":"https:\/\/mydrink.ee\/et\/wp-json\/wp\/v2\/product_cat?post=1838"},{"taxonomy":"product_tag","embeddable":true,"href":"https:\/\/mydrink.ee\/et\/wp-json\/wp\/v2\/product_tag?post=1838"}],"curies":[{"name":"wp","href":"https:\/\/api.w.org\/{rel}","templated":true}]}}