{"id":1874,"date":"2014-04-08T22:40:55","date_gmt":"2014-04-08T19:40:55","guid":{"rendered":"https:\/\/mydrink.ee\/product\/talka-vodka-40-70cl\/"},"modified":"2014-04-08T22:40:55","modified_gmt":"2014-04-08T19:40:55","slug":"talka-vodka-40-70cl","status":"publish","type":"product","link":"https:\/\/mydrink.ee\/et\/product\/talka-vodka-40-70cl\/","title":{"rendered":"TALKA VODKA 40% 70CL"},"content":{"rendered":"<p>Talka viina maitse ja aroom vastavad Siberi puhta ja puutumata looduse ilule. Rikkalik ja pehme, kerge ja v\u00e4rske nagu kevadine loodus peale pikka talve on autentne Talka esma- ja j\u00e4relmaitsele, mis l\u00e4heb kristallselgest \u00fcle pehmele j\u00e4relmaitsele. Nagu s\u00f5\u00f5m v\u00e4rsket karget \u00f5hku, meenutab Talka Siberi looduse rikkalikku ilu. Talka viina valmistamisel kasutatakse nisu ja j\u00e4\u00e4tatud ning hiljem sulatatud vee infusiooni, mis annab viinale eriliselt pehme maitse.<\/p>\n","protected":false},"excerpt":{"rendered":"<p>Liik: Kange alkohol, Viin<br \/>\n Kastis: 12<br \/>\n Maht: 70CL<br \/>\n Alkoholisisaldus: 40%<br \/>\n P\u00e4ritolumaa: Venemaa<br \/>\n V\u00e4rvus: selge ja v\u00e4rvitu<br \/>\n Serveerimine: jahutatult puhtalt<\/p>\n","protected":false},"featured_media":1873,"template":"","meta":{"_acf_changed":false,"_kad_post_transparent":"","_kad_post_title":"","_kad_post_layout":"","_kad_post_sidebar_id":"","_kad_post_content_style":"","_kad_post_vertical_padding":"","_kad_post_feature":"","_kad_post_feature_position":"","_kad_post_header":false,"_kad_post_footer":false},"product_brand":[],"product_cat":[50,26,46],"product_tag":[],"class_list":{"0":"post-1874","1":"product","2":"type-product","3":"status-publish","4":"has-post-thumbnail","6":"product_cat-soodus-1","7":"product_cat-kange-alkohol","8":"product_cat-vodka","10":"first","11":"outofstock","12":"sale","13":"taxable","14":"shipping-taxable","15":"purchasable","16":"product-type-simple","17":"entry","18":"content-bg","19":"loop-entry"},"acf":[],"_links":{"self":[{"href":"https:\/\/mydrink.ee\/et\/wp-json\/wp\/v2\/product\/1874","targetHints":{"allow":["GET"]}}],"collection":[{"href":"https:\/\/mydrink.ee\/et\/wp-json\/wp\/v2\/product"}],"about":[{"href":"https:\/\/mydrink.ee\/et\/wp-json\/wp\/v2\/types\/product"}],"wp:featuredmedia":[{"embeddable":true,"href":"https:\/\/mydrink.ee\/et\/wp-json\/wp\/v2\/media\/1873"}],"wp:attachment":[{"href":"https:\/\/mydrink.ee\/et\/wp-json\/wp\/v2\/media?parent=1874"}],"wp:term":[{"taxonomy":"product_brand","embeddable":true,"href":"https:\/\/mydrink.ee\/et\/wp-json\/wp\/v2\/product_brand?post=1874"},{"taxonomy":"product_cat","embeddable":true,"href":"https:\/\/mydrink.ee\/et\/wp-json\/wp\/v2\/product_cat?post=1874"},{"taxonomy":"product_tag","embeddable":true,"href":"https:\/\/mydrink.ee\/et\/wp-json\/wp\/v2\/product_tag?post=1874"}],"curies":[{"name":"wp","href":"https:\/\/api.w.org\/{rel}","templated":true}]}}