{"id":1989,"date":"2014-05-24T16:33:02","date_gmt":"2014-05-24T13:33:02","guid":{"rendered":"https:\/\/mydrink.ee\/product\/karjala-5-2-vol-33cl-x-24\/"},"modified":"2026-03-19T15:49:55","modified_gmt":"2026-03-19T13:49:55","slug":"karjala-5-2-vol-33cl-x-24","status":"publish","type":"product","link":"https:\/\/mydrink.ee\/et\/product\/karjala-5-2-vol-33cl-x-24\/","title":{"rendered":"KARJALA 5,2% vol 33CL x 24"},"content":{"rendered":"<p>Lapin Kultat tootev pruulikoda asutati 1873 aastal ja Lapin Kulta nimelist \u00f5lut tutvustati esmakordselt 1963. Turule tulekust alates on Lapin Kulta br\u00e4ndi saatnud edu nii kodumaal, kui rahvusvaheliselt. See on eriliselt v\u00e4rske ja hele lager t\u00fc\u00fcpi \u00f5lu mille j\u00e4ljendamatu maitse tuleneb hoolikalt valitud linnastest, humalast ja tehase enda p\u00e4rmit\u00fc\u00fcbist. Kuid k\u00f5ige t\u00e4htsam maitse saladus peitub siiski Lapimaa metsikus ja puutumatus looduses- veest mida Lapin Kulta valmistamiseks kasutatakse. See voolab kokku p\u00f5hjamaa k\u00e4restikulistest puhta vee allikatest. Lapin Kulta \u00f5lu on eriline ka sellepoolest, et seda ei past\u00f6riseerita (ehk on n.\u00f6. elav \u00f5lu). See on v\u00f5imalik kasutades ainult k\u00f5ige paremat ja puhtamat tootmistehnoloogiat. Lapin Kulta on Soome tuntuim ja ainus t\u00f5eliselt rahvusvaheline \u00f5lu, mida eksporditakse Rootsi, teistesse P\u00f5hjamaadesse, Venemaale, Balti riikidesse, aga muuhulgas n\u00e4iteks ka Suurbritanniasse, Jaapanisse jne. Lapin Kultat on rahvusvaheliselt tunnustatud ka muul moel. N\u00e4iteks 2000-l aastal v\u00f5itis Lapin Kulta \u00f5lu kuldmedali Londonis Premium Lager \u00f5llede seas toimunud konkursil.<\/p>\n","protected":false},"excerpt":{"rendered":"<p>Liik: Lahja alkohoolne jook, &Otilde;lu<br \/>Kastis: 24<br \/>Maht: 7.92L<br \/>Alkoholisisaldus: 5,2%<br \/>P&auml;ritolumaa: Soome<br \/>Serveerimine: Jahutatult<\/p>\n<p><span style=\"color: #ff0000;\">&Uuml;hte pakiautomaadi kappi mahub kolm sellist toodet!<\/span><br \/><span style=\"color: #ff0000;\">Loe lisa <a href=\"https:\/\/mydrink.ee\/shipping\/?___store=est\" target=\"_blank\"><strong>siit<\/strong><\/a><\/span><\/p>\n<p><span style=\"background-color: #ffffff; color: #800000;\"><strong><a href=\"https:\/\/mydrink.ee\/shipping\/?___store=est\" target=\"_blank\"><br \/><\/a><\/strong><br \/><strong><\/strong><\/span><\/p>\n","protected":false},"featured_media":1988,"template":"","meta":{"_acf_changed":false,"_kadence_starter_templates_imported_post":false,"_kad_post_transparent":"","_kad_post_title":"","_kad_post_layout":"","_kad_post_sidebar_id":"","_kad_post_content_style":"","_kad_post_vertical_padding":"","_kad_post_feature":"","_kad_post_feature_position":"","_kad_post_header":false,"_kad_post_footer":false},"product_brand":[],"product_cat":[88,232,164,130,25,118],"product_tag":[],"class_list":{"0":"post-1989","1":"product","2":"type-product","3":"status-publish","4":"has-post-thumbnail","6":"product_cat-oluet","7":"product_cat-pandipakend","8":"product_cat-olu-1","9":"product_cat-soome","10":"product_cat-olu-siider-long-drink","11":"product_cat-komplekteeritud-tooted","13":"first","14":"instock","15":"taxable","16":"shipping-taxable","17":"purchasable","18":"product-type-simple","19":"entry","20":"content-bg","21":"loop-entry"},"acf":[],"_links":{"self":[{"href":"https:\/\/mydrink.ee\/et\/wp-json\/wp\/v2\/product\/1989","targetHints":{"allow":["GET"]}}],"collection":[{"href":"https:\/\/mydrink.ee\/et\/wp-json\/wp\/v2\/product"}],"about":[{"href":"https:\/\/mydrink.ee\/et\/wp-json\/wp\/v2\/types\/product"}],"wp:featuredmedia":[{"embeddable":true,"href":"https:\/\/mydrink.ee\/et\/wp-json\/wp\/v2\/media\/1988"}],"wp:attachment":[{"href":"https:\/\/mydrink.ee\/et\/wp-json\/wp\/v2\/media?parent=1989"}],"wp:term":[{"taxonomy":"product_brand","embeddable":true,"href":"https:\/\/mydrink.ee\/et\/wp-json\/wp\/v2\/product_brand?post=1989"},{"taxonomy":"product_cat","embeddable":true,"href":"https:\/\/mydrink.ee\/et\/wp-json\/wp\/v2\/product_cat?post=1989"},{"taxonomy":"product_tag","embeddable":true,"href":"https:\/\/mydrink.ee\/et\/wp-json\/wp\/v2\/product_tag?post=1989"}],"curies":[{"name":"wp","href":"https:\/\/api.w.org\/{rel}","templated":true}]}}