{"id":2016,"date":"2014-06-04T22:42:45","date_gmt":"2014-06-04T19:42:45","guid":{"rendered":"https:\/\/mydrink.ee\/product\/tribal-african-white-bib-12-300cl\/"},"modified":"2014-06-04T22:42:45","modified_gmt":"2014-06-04T19:42:45","slug":"tribal-african-white-bib-12-300cl","status":"publish","type":"product","link":"https:\/\/mydrink.ee\/et\/product\/tribal-african-white-bib-12-300cl\/","title":{"rendered":"TRIBAL AFRICAN WHITE BIB 12% 300CL"},"content":{"rendered":"<p>Iga viinamari annab veinile erineva maitse-ja aroomikombinatsiooni, kuid t\u00e4nu veinimeistrite oskustele on need muudetud terviklikuks ja t\u00e4iuslikuks elamuseks sinu veiniklaasis.<\/p>\n","protected":false},"excerpt":{"rendered":"<p>Liik:\tVein, Valge vein<br \/>\nKastis:\t4<br \/>\nMaht:\t300CL<br \/>\nAlkoholisisaldus:\t12,5%<br \/>\nP\u00e4ritolumaa:\tL\u00f5una-Aafrika<br \/>\nPiirkond:\tWestern Cape<br \/>\nViinamarjasort:\tColombard 40%, Chenin Blanc 25%, Semillon 20%, Muscat 5%.<br \/>\nAroom:\tAroomis on tunda v\u00e4rskust, valgeid lilli ning tsitruselisi.<br \/>\nMaitse:\tMaitses tuleb esile v\u00e4rskus, tsitruselised ning puuviljasus.<br \/>\nToidusoovitus:\tPehme j\u00e4relmaitse teeb sellest kergelt joodava veini koos eelroogadega, kalaroogadega, pastaga, risottoga ning erinevate juustudega.<br \/>\nServeerimine:\t8-10\u00b0C, veini v\u00f5ib tarbida ka 6 n\u00e4dalat p\u00e4rast avamist.<\/p>\n","protected":false},"featured_media":2015,"template":"","meta":{"_acf_changed":false,"_kad_post_transparent":"","_kad_post_title":"","_kad_post_layout":"","_kad_post_sidebar_id":"","_kad_post_content_style":"","_kad_post_vertical_padding":"","_kad_post_feature":"","_kad_post_feature_position":"","_kad_post_header":false,"_kad_post_footer":false},"product_brand":[],"product_cat":[56,120,182,21],"product_tag":[],"class_list":{"0":"post-2016","1":"product","2":"type-product","3":"status-publish","4":"has-post-thumbnail","6":"product_cat-lav-1","7":"product_cat-pakiveinid-1","8":"product_cat-pakiveinid-1-veinid","9":"product_cat-valged-veinid","11":"first","12":"outofstock","13":"sale","14":"taxable","15":"shipping-taxable","16":"purchasable","17":"product-type-simple","18":"entry","19":"content-bg","20":"loop-entry"},"acf":[],"_links":{"self":[{"href":"https:\/\/mydrink.ee\/et\/wp-json\/wp\/v2\/product\/2016","targetHints":{"allow":["GET"]}}],"collection":[{"href":"https:\/\/mydrink.ee\/et\/wp-json\/wp\/v2\/product"}],"about":[{"href":"https:\/\/mydrink.ee\/et\/wp-json\/wp\/v2\/types\/product"}],"wp:featuredmedia":[{"embeddable":true,"href":"https:\/\/mydrink.ee\/et\/wp-json\/wp\/v2\/media\/2015"}],"wp:attachment":[{"href":"https:\/\/mydrink.ee\/et\/wp-json\/wp\/v2\/media?parent=2016"}],"wp:term":[{"taxonomy":"product_brand","embeddable":true,"href":"https:\/\/mydrink.ee\/et\/wp-json\/wp\/v2\/product_brand?post=2016"},{"taxonomy":"product_cat","embeddable":true,"href":"https:\/\/mydrink.ee\/et\/wp-json\/wp\/v2\/product_cat?post=2016"},{"taxonomy":"product_tag","embeddable":true,"href":"https:\/\/mydrink.ee\/et\/wp-json\/wp\/v2\/product_tag?post=2016"}],"curies":[{"name":"wp","href":"https:\/\/api.w.org\/{rel}","templated":true}]}}