{"id":2089,"date":"2014-09-30T22:47:45","date_gmt":"2014-09-30T19:47:45","guid":{"rendered":"https:\/\/mydrink.ee\/product\/yellow-tail-sauvignon-blanc-12-75cl\/"},"modified":"2014-09-30T22:47:45","modified_gmt":"2014-09-30T19:47:45","slug":"yellow-tail-sauvignon-blanc-12-75cl","status":"publish","type":"product","link":"https:\/\/mydrink.ee\/et\/product\/yellow-tail-sauvignon-blanc-12-75cl\/","title":{"rendered":"YELLOW TAIL SAUVIGNON BLANC 12% 75CL"},"content":{"rendered":"<p>Yellow Tail\u2019i tootja on Casella Wines LTD. Veinimaja asutajateks on Sitsiiliast Austraaliasse 1957 a. emigreerunud Filippo ja Maria Casella. 15% kogu Austraalia veini toodangust ekspordib Casella Wines LTD. Yellow Tail on saadaval rohkem kui 40-s riigis, millest v\u00e4hemalt k\u00fcmnes on Austraalia vein nr 1. Iga p\u00e4ev tarbitakse \u00fcle 2 miljoni pokaali Yellow Tail\u2019i.<\/p>\n","protected":false},"excerpt":{"rendered":"<p>Liik: \tGeograafilise t\u00e4hisega vein<br \/>\nKastis: 6<br \/>\nMaht: 75CL<br \/>\nAlkoholisisaldus: 12%<br \/>\nP\u00e4ritolumaa: Austraalia<br \/>\nPiirkond: South-Eastern<br \/>\nViinamarjasort: Sauvignon Blanc<\/p>\n","protected":false},"featured_media":2088,"template":"","meta":{"_acf_changed":false,"_kadence_starter_templates_imported_post":false,"_kad_post_transparent":"","_kad_post_title":"","_kad_post_layout":"","_kad_post_sidebar_id":"","_kad_post_content_style":"","_kad_post_vertical_padding":"","_kad_post_feature":"","_kad_post_feature_position":"","_kad_post_header":false,"_kad_post_footer":false},"product_brand":[],"product_cat":[53,21,180],"product_tag":[],"class_list":{"0":"post-2089","1":"product","2":"type-product","3":"status-publish","4":"has-post-thumbnail","6":"product_cat-austraalia-1","7":"product_cat-valged-veinid","8":"product_cat-veinid","10":"first","11":"instock","12":"taxable","13":"shipping-taxable","14":"purchasable","15":"product-type-simple","16":"entry","17":"content-bg","18":"loop-entry"},"acf":[],"_links":{"self":[{"href":"https:\/\/mydrink.ee\/et\/wp-json\/wp\/v2\/product\/2089","targetHints":{"allow":["GET"]}}],"collection":[{"href":"https:\/\/mydrink.ee\/et\/wp-json\/wp\/v2\/product"}],"about":[{"href":"https:\/\/mydrink.ee\/et\/wp-json\/wp\/v2\/types\/product"}],"wp:featuredmedia":[{"embeddable":true,"href":"https:\/\/mydrink.ee\/et\/wp-json\/wp\/v2\/media\/2088"}],"wp:attachment":[{"href":"https:\/\/mydrink.ee\/et\/wp-json\/wp\/v2\/media?parent=2089"}],"wp:term":[{"taxonomy":"product_brand","embeddable":true,"href":"https:\/\/mydrink.ee\/et\/wp-json\/wp\/v2\/product_brand?post=2089"},{"taxonomy":"product_cat","embeddable":true,"href":"https:\/\/mydrink.ee\/et\/wp-json\/wp\/v2\/product_cat?post=2089"},{"taxonomy":"product_tag","embeddable":true,"href":"https:\/\/mydrink.ee\/et\/wp-json\/wp\/v2\/product_tag?post=2089"}],"curies":[{"name":"wp","href":"https:\/\/api.w.org\/{rel}","templated":true}]}}