{"id":2239,"date":"2014-11-06T23:39:17","date_gmt":"2014-11-06T21:39:17","guid":{"rendered":"https:\/\/mydrink.ee\/product\/sole-shiraz-feteasca-neagra-12-14-75cl\/"},"modified":"2014-11-06T23:39:17","modified_gmt":"2014-11-06T21:39:17","slug":"sole-shiraz-feteasca-neagra-12-14-75cl","status":"publish","type":"product","link":"https:\/\/mydrink.ee\/et\/product\/sole-shiraz-feteasca-neagra-12-14-75cl\/","title":{"rendered":"SOLE SHIRAZ FETEASCA NEAGRA`12 14% 75CL"},"content":{"rendered":"<p>Viinamarjad on korjatud k\u00e4sitsi, Feteasca Neagra septembrikuu l\u00f5pul, Shirazoktoobri alguses. Vein on laagerdunud Prantsuse tammevaadis 5 kuud.<\/p>\n","protected":false},"excerpt":{"rendered":"<p>Liik: Kaitstud p\u00e4ritolunimetusega vein<br \/>\nKastis: 6<br \/>\nMaht: 75CL<br \/>\nAlkoholisisaldus: 14%<br \/>\nTootjamaa: Rumeenia<br \/>\nPiirkond:Banat, DOC Recas<br \/>\nViinamarjad:55% Shiraz 45% FeteascaNeagra<br \/>\nV\u00e4rvus: Rubiinpunane, violetse alatooniga.<br \/>\nAroom: Tunda k\u00fcpseid punaseid marju-metskirss, vaarikas, p\u00f5ldmari ja veidi \u00fcrte.<br \/>\nMaitse: Kuiv, keskmise t\u00e4idlusega, marjane, kompleksne, tunda k\u00fcpseid metsmarju-metsmaasikat, vabarnat , p\u00f5ldmarju, head pehmed tanniinid, kerge must pipar. J\u00e4relmaitsekauakestev.<br \/>\nToidusoovitus: Ahjus hautatud sealiha aedviljadega, pastatoidud, linnuliha, k\u00fclmad lihal\u00f5igud, pasteedid, pehmed juustud.<br \/>\nParim serveerimistemperatuur:16-18\u00b0C Bordeaux veiniklaasist.<\/p>\n","protected":false},"featured_media":2238,"template":"","meta":{"_acf_changed":false,"_kadence_starter_templates_imported_post":false,"_kad_post_transparent":"","_kad_post_title":"","_kad_post_layout":"","_kad_post_sidebar_id":"","_kad_post_content_style":"","_kad_post_vertical_padding":"","_kad_post_feature":"","_kad_post_feature_position":"","_kad_post_header":false,"_kad_post_footer":false},"product_brand":[],"product_cat":[20,180,158,37],"product_tag":[],"class_list":{"0":"post-2239","1":"product","2":"type-product","3":"status-publish","4":"has-post-thumbnail","6":"product_cat-punased-veinid","7":"product_cat-veinid","8":"product_cat-rumeenia","9":"product_cat-muu","11":"first","12":"outofstock","13":"taxable","14":"shipping-taxable","15":"purchasable","16":"product-type-simple","17":"entry","18":"content-bg","19":"loop-entry"},"acf":[],"_links":{"self":[{"href":"https:\/\/mydrink.ee\/et\/wp-json\/wp\/v2\/product\/2239","targetHints":{"allow":["GET"]}}],"collection":[{"href":"https:\/\/mydrink.ee\/et\/wp-json\/wp\/v2\/product"}],"about":[{"href":"https:\/\/mydrink.ee\/et\/wp-json\/wp\/v2\/types\/product"}],"wp:featuredmedia":[{"embeddable":true,"href":"https:\/\/mydrink.ee\/et\/wp-json\/wp\/v2\/media\/2238"}],"wp:attachment":[{"href":"https:\/\/mydrink.ee\/et\/wp-json\/wp\/v2\/media?parent=2239"}],"wp:term":[{"taxonomy":"product_brand","embeddable":true,"href":"https:\/\/mydrink.ee\/et\/wp-json\/wp\/v2\/product_brand?post=2239"},{"taxonomy":"product_cat","embeddable":true,"href":"https:\/\/mydrink.ee\/et\/wp-json\/wp\/v2\/product_cat?post=2239"},{"taxonomy":"product_tag","embeddable":true,"href":"https:\/\/mydrink.ee\/et\/wp-json\/wp\/v2\/product_tag?post=2239"}],"curies":[{"name":"wp","href":"https:\/\/api.w.org\/{rel}","templated":true}]}}