{"id":2241,"date":"2014-11-06T23:48:12","date_gmt":"2014-11-06T21:48:12","guid":{"rendered":"https:\/\/mydrink.ee\/product\/paparuda-chardonnay-13-13-75cl\/"},"modified":"2014-11-06T23:48:12","modified_gmt":"2014-11-06T21:48:12","slug":"paparuda-chardonnay-13-13-75cl","status":"publish","type":"product","link":"https:\/\/mydrink.ee\/et\/product\/paparuda-chardonnay-13-13-75cl\/","title":{"rendered":"PAPARUDA CHARDONNAY `20 13% 75CL"},"content":{"rendered":"","protected":false},"excerpt":{"rendered":"<p>Liik: Geograafilise t\u00e4hisega vein<br \/>\nKastis: 6<br \/>\nMaht: 75CL<br \/>\nAlkoholisisaldus: 12,5%<br \/>\nTootjamaa: Rumeenia<br \/>\nPiirkond:Banat<br \/>\nViinamarjad:100% Chardonnay<br \/>\nV\u00e4rvus: Kirgas, kuldkollane.<br \/>\nAroom: Rikkalik, puuviljane, milles tunda k\u00fcpseid kollaseid troopilisi puuvilju.<br \/>\nMaitse: Kuiv, keskmise t\u00e4idlusega, v\u00e4rske, tunda k\u00fcpseid troopilisi puuvilju nagu valge virsik, papaya, mango ja veidi v\u00fcrtsikat vaniljesustning tsitruselisi. J\u00e4relmaitsepuuviljaneja hea happesusega.<br \/>\nToidusoovitus: Linnulihatoidud kreemja kastmega, pastatoidud, ahjul\u00f5he, pehmed juustud.<br \/>\nParim serveerimistemperatuur:10-12\u00b0C.<\/p>\n","protected":false},"featured_media":2240,"template":"","meta":{"_acf_changed":false,"_kadence_starter_templates_imported_post":false,"_kad_post_transparent":"","_kad_post_title":"","_kad_post_layout":"","_kad_post_sidebar_id":"","_kad_post_content_style":"","_kad_post_vertical_padding":"","_kad_post_feature":"","_kad_post_feature_position":"","_kad_post_header":false,"_kad_post_footer":false},"product_brand":[],"product_cat":[21,180,159,62],"product_tag":[],"class_list":{"0":"post-2241","1":"product","2":"type-product","3":"status-publish","4":"has-post-thumbnail","6":"product_cat-valged-veinid","7":"product_cat-veinid","8":"product_cat-rumeenia-1","9":"product_cat-muu-1-valged-veinid","11":"first","12":"instock","13":"taxable","14":"shipping-taxable","15":"purchasable","16":"product-type-simple","17":"entry","18":"content-bg","19":"loop-entry"},"acf":[],"_links":{"self":[{"href":"https:\/\/mydrink.ee\/et\/wp-json\/wp\/v2\/product\/2241","targetHints":{"allow":["GET"]}}],"collection":[{"href":"https:\/\/mydrink.ee\/et\/wp-json\/wp\/v2\/product"}],"about":[{"href":"https:\/\/mydrink.ee\/et\/wp-json\/wp\/v2\/types\/product"}],"wp:featuredmedia":[{"embeddable":true,"href":"https:\/\/mydrink.ee\/et\/wp-json\/wp\/v2\/media\/2240"}],"wp:attachment":[{"href":"https:\/\/mydrink.ee\/et\/wp-json\/wp\/v2\/media?parent=2241"}],"wp:term":[{"taxonomy":"product_brand","embeddable":true,"href":"https:\/\/mydrink.ee\/et\/wp-json\/wp\/v2\/product_brand?post=2241"},{"taxonomy":"product_cat","embeddable":true,"href":"https:\/\/mydrink.ee\/et\/wp-json\/wp\/v2\/product_cat?post=2241"},{"taxonomy":"product_tag","embeddable":true,"href":"https:\/\/mydrink.ee\/et\/wp-json\/wp\/v2\/product_tag?post=2241"}],"curies":[{"name":"wp","href":"https:\/\/api.w.org\/{rel}","templated":true}]}}