{"id":2284,"date":"2014-11-09T18:38:11","date_gmt":"2014-11-09T16:38:11","guid":{"rendered":"https:\/\/mydrink.ee\/product\/jims-creek-chardonnay-12-300cl-bib\/"},"modified":"2014-11-09T18:38:11","modified_gmt":"2014-11-09T16:38:11","slug":"jims-creek-chardonnay-12-300cl-bib","status":"publish","type":"product","link":"https:\/\/mydrink.ee\/et\/product\/jims-creek-chardonnay-12-300cl-bib\/","title":{"rendered":"Jims Creek Chardonnay 12% 300cl BIB"},"content":{"rendered":"","protected":false},"excerpt":{"rendered":"<p>Liik: Geograafilise t\u00e4hisega vein<br \/>\nP\u00e4ritolumaa: Austraalia<br \/>\nKasvuala: South Eastern Australia<br \/>\nAlkoholisisaldus: 12,5%<br \/>\nViinamarjasort: Chardonnay<br \/>\nV\u00e4rvus: Sillerdav kuldne toon kerge roheka helgiga<br \/>\nAroom: Bukett t\u00e4is k\u00fcpsed troopilisi puuvilju, milles kerkivad esile virsiku ja melonid n\u00fcansid<br \/>\nMaitse: Maitsek\u00fcllane vein, t\u00e4is tsitruselist v\u00e4rskust ja mahlakust ning mida tasakaalustab pehme valiljene n\u00fcanss. J\u00e4relmaitse nauditavalt pikk ja puuviljaline<br \/>\nServeerimissoovitus: Sobib: h\u00e4sti kala-, kanaliha ja teiste kergemate roogade juurde<br \/>\nServ.temp. ca 8-10 C<\/p>\n","protected":false},"featured_media":2283,"template":"","meta":{"_acf_changed":false,"_kadence_starter_templates_imported_post":false,"_kad_post_transparent":"","_kad_post_title":"","_kad_post_layout":"","_kad_post_sidebar_id":"","_kad_post_content_style":"","_kad_post_vertical_padding":"","_kad_post_feature":"","_kad_post_feature_position":"","_kad_post_header":false,"_kad_post_footer":false},"product_brand":[],"product_cat":[53,21,182,120],"product_tag":[],"class_list":{"0":"post-2284","1":"product","2":"type-product","3":"status-publish","4":"has-post-thumbnail","6":"product_cat-austraalia-1","7":"product_cat-valged-veinid","8":"product_cat-pakiveinid-1-veinid","9":"product_cat-pakiveinid-1","11":"first","12":"instock","13":"taxable","14":"shipping-taxable","15":"purchasable","16":"product-type-simple","17":"entry","18":"content-bg","19":"loop-entry"},"acf":[],"_links":{"self":[{"href":"https:\/\/mydrink.ee\/et\/wp-json\/wp\/v2\/product\/2284","targetHints":{"allow":["GET"]}}],"collection":[{"href":"https:\/\/mydrink.ee\/et\/wp-json\/wp\/v2\/product"}],"about":[{"href":"https:\/\/mydrink.ee\/et\/wp-json\/wp\/v2\/types\/product"}],"wp:featuredmedia":[{"embeddable":true,"href":"https:\/\/mydrink.ee\/et\/wp-json\/wp\/v2\/media\/2283"}],"wp:attachment":[{"href":"https:\/\/mydrink.ee\/et\/wp-json\/wp\/v2\/media?parent=2284"}],"wp:term":[{"taxonomy":"product_brand","embeddable":true,"href":"https:\/\/mydrink.ee\/et\/wp-json\/wp\/v2\/product_brand?post=2284"},{"taxonomy":"product_cat","embeddable":true,"href":"https:\/\/mydrink.ee\/et\/wp-json\/wp\/v2\/product_cat?post=2284"},{"taxonomy":"product_tag","embeddable":true,"href":"https:\/\/mydrink.ee\/et\/wp-json\/wp\/v2\/product_tag?post=2284"}],"curies":[{"name":"wp","href":"https:\/\/api.w.org\/{rel}","templated":true}]}}