{"id":2300,"date":"2025-11-06T10:33:43","date_gmt":"2025-11-06T08:33:43","guid":{"rendered":"https:\/\/mydrink.ee\/?post_type=product&#038;p=2300"},"modified":"2026-01-14T16:30:52","modified_gmt":"2026-01-14T14:30:52","slug":"pearly-bay-dry-white-12-300cl-bib-disabled","status":"publish","type":"product","link":"https:\/\/mydrink.ee\/et\/product\/pearly-bay-dry-white-12-300cl-bib-disabled\/","title":{"rendered":"Pearly Bay Dry White 12% 300cl BIB"},"content":{"rendered":"<style>.wp-block-kadence-advancedheading.kt-adv-heading2300_7c6a15-f0, .wp-block-kadence-advancedheading.kt-adv-heading2300_7c6a15-f0[data-kb-block=\"kb-adv-heading2300_7c6a15-f0\"]{font-style:normal;}.wp-block-kadence-advancedheading.kt-adv-heading2300_7c6a15-f0 mark.kt-highlight, .wp-block-kadence-advancedheading.kt-adv-heading2300_7c6a15-f0[data-kb-block=\"kb-adv-heading2300_7c6a15-f0\"] mark.kt-highlight{font-style:normal;color:#f76a0c;-webkit-box-decoration-break:clone;box-decoration-break:clone;padding-top:0px;padding-right:0px;padding-bottom:0px;padding-left:0px;}<\/style>\n<h4 class=\"kt-adv-heading2300_7c6a15-f0 wp-block-kadence-advancedheading has-theme-palette-9-color has-text-color\" data-kb-block=\"kb-adv-heading2300_7c6a15-f0\">dry white<\/h4>\n","protected":false},"excerpt":{"rendered":"<p>Liik: Geograafilise t\u00e4hisega vein Kastis: 4 Maht: 300CL Alkoholisisaldus: 12% vol P\u00e4ritolumaa: L\u00f5una-Aafrika Viinamarjasort: Chenin Blanc, Colombard. L\u00f5hn: k\u00fcps valge \u00f5un, roheline melon, tsitrused ja m\u00f5nev\u00f5rra \u00fcrte. Maitse: keskmise t\u00e4idlusega, eksootiliselt puuviljane ja j\u00e4relmaitse nauditava v\u00e4rskendava hapukusega. Toidusoovitus: mereandidega, kalaroogadega, kanalihaga ja kitsepiimajuustuga. Serveerimine: 8 C<\/p>\n","protected":false},"featured_media":8508,"template":"","meta":{"_acf_changed":false,"_kadence_starter_templates_imported_post":false,"_kad_post_transparent":"","_kad_post_title":"","_kad_post_layout":"","_kad_post_sidebar_id":"","_kad_post_content_style":"","_kad_post_vertical_padding":"","_kad_post_feature":"","_kad_post_feature_position":"","_kad_post_header":false,"_kad_post_footer":false},"product_brand":[],"product_cat":[21,180,182,56,120],"product_tag":[],"class_list":{"0":"post-2300","1":"product","2":"type-product","3":"status-publish","4":"has-post-thumbnail","6":"product_cat-valged-veinid","7":"product_cat-veinid","8":"product_cat-pakiveinid-1-veinid","9":"product_cat-lav-1","10":"product_cat-pakiveinid-1","12":"first","13":"instock","14":"taxable","15":"shipping-taxable","16":"purchasable","17":"product-type-simple","18":"entry","19":"content-bg","20":"loop-entry"},"acf":[],"_links":{"self":[{"href":"https:\/\/mydrink.ee\/et\/wp-json\/wp\/v2\/product\/2300","targetHints":{"allow":["GET"]}}],"collection":[{"href":"https:\/\/mydrink.ee\/et\/wp-json\/wp\/v2\/product"}],"about":[{"href":"https:\/\/mydrink.ee\/et\/wp-json\/wp\/v2\/types\/product"}],"wp:featuredmedia":[{"embeddable":true,"href":"https:\/\/mydrink.ee\/et\/wp-json\/wp\/v2\/media\/8508"}],"wp:attachment":[{"href":"https:\/\/mydrink.ee\/et\/wp-json\/wp\/v2\/media?parent=2300"}],"wp:term":[{"taxonomy":"product_brand","embeddable":true,"href":"https:\/\/mydrink.ee\/et\/wp-json\/wp\/v2\/product_brand?post=2300"},{"taxonomy":"product_cat","embeddable":true,"href":"https:\/\/mydrink.ee\/et\/wp-json\/wp\/v2\/product_cat?post=2300"},{"taxonomy":"product_tag","embeddable":true,"href":"https:\/\/mydrink.ee\/et\/wp-json\/wp\/v2\/product_tag?post=2300"}],"curies":[{"name":"wp","href":"https:\/\/api.w.org\/{rel}","templated":true}]}}