{"id":2314,"date":"2014-11-10T20:32:47","date_gmt":"2014-11-10T18:32:47","guid":{"rendered":"https:\/\/mydrink.ee\/product\/black-tower-dry-riesling-12-300cl-bib\/"},"modified":"2025-11-05T13:47:54","modified_gmt":"2025-11-05T11:47:54","slug":"black-tower-dry-riesling-12-300cl-bib","status":"publish","type":"product","link":"https:\/\/mydrink.ee\/et\/product\/black-tower-dry-riesling-12-300cl-bib\/","title":{"rendered":"Dreamer Late Harvest Chardonnay 11,5% 300cl BIB"},"content":{"rendered":"<p>Iseloomustus:<br \/>\nChardonnay viinamarjadest valmistatud valge kvaliteetvein, mille nauditav aroom toob kujutlusse \u00f5itsva lilleaia. Maitses domineerivad troopilised puuviljad.<\/p>\n\n<style>.wp-block-kadence-advancedheading.kt-adv-heading2314_61241f-86_0, .wp-block-kadence-advancedheading.kt-adv-heading2314_61241f-86_0[data-kb-block=\"kb-adv-heading2314_61241f-86_0\"]{font-style:normal;color:#ffffff;}.wp-block-kadence-advancedheading.kt-adv-heading2314_61241f-86_0 mark.kt-highlight, .wp-block-kadence-advancedheading.kt-adv-heading2314_61241f-86_0[data-kb-block=\"kb-adv-heading2314_61241f-86_0\"] mark.kt-highlight{font-style:normal;color:#f76a0c;-webkit-box-decoration-break:clone;box-decoration-break:clone;padding-top:0px;padding-right:0px;padding-bottom:0px;padding-left:0px;}<\/style>\n<p class=\"kt-adv-heading2314_61241f-86_0 wp-block-kadence-advancedheading\" data-kb-block=\"kb-adv-heading2314_61241f-86_0\">mediumsweet<\/p>\n","protected":false},"excerpt":{"rendered":"<p>Liik:\tGeograafilise t\u00e4hisega vein<br \/>\nKastis: 4<br \/>\nMaht: 300CL<br \/>\nAlkoholisisaldus: 11,5%<br \/>\nP\u00e4ritolumaa: Rumeenia<br \/>\nViinamarjasort: Chardonnay<br \/>\nIseloomustus: Veinil on kuldkollane v\u00e4rvus, aroomis on tunda eksootilisi puuvilju. Tegemist on v\u00e4ga j\u00f5ulise veiniga, mille happelisus on kenasti tasakaalus veini aromaatse ja rikka maitsega. Magus.<br \/>\nToidusoovitus: Sobib ideaalselt kanalihast toitude, kala ja erinevate salatite k\u00f5rvale.<br \/>\nServeerimine:\t8-10 C<\/p>\n","protected":false},"featured_media":2313,"template":"","meta":{"_acf_changed":false,"_kadence_starter_templates_imported_post":false,"_kad_post_transparent":"","_kad_post_title":"","_kad_post_layout":"","_kad_post_sidebar_id":"","_kad_post_content_style":"","_kad_post_vertical_padding":"","_kad_post_feature":"","_kad_post_feature_position":"","_kad_post_header":false,"_kad_post_footer":false},"product_brand":[],"product_cat":[21,182,120],"product_tag":[],"class_list":{"0":"post-2314","1":"product","2":"type-product","3":"status-publish","4":"has-post-thumbnail","6":"product_cat-valged-veinid","7":"product_cat-pakiveinid-1-veinid","8":"product_cat-pakiveinid-1","10":"first","11":"instock","12":"taxable","13":"shipping-taxable","14":"purchasable","15":"product-type-simple","16":"entry","17":"content-bg","18":"loop-entry"},"acf":[],"_links":{"self":[{"href":"https:\/\/mydrink.ee\/et\/wp-json\/wp\/v2\/product\/2314","targetHints":{"allow":["GET"]}}],"collection":[{"href":"https:\/\/mydrink.ee\/et\/wp-json\/wp\/v2\/product"}],"about":[{"href":"https:\/\/mydrink.ee\/et\/wp-json\/wp\/v2\/types\/product"}],"wp:featuredmedia":[{"embeddable":true,"href":"https:\/\/mydrink.ee\/et\/wp-json\/wp\/v2\/media\/2313"}],"wp:attachment":[{"href":"https:\/\/mydrink.ee\/et\/wp-json\/wp\/v2\/media?parent=2314"}],"wp:term":[{"taxonomy":"product_brand","embeddable":true,"href":"https:\/\/mydrink.ee\/et\/wp-json\/wp\/v2\/product_brand?post=2314"},{"taxonomy":"product_cat","embeddable":true,"href":"https:\/\/mydrink.ee\/et\/wp-json\/wp\/v2\/product_cat?post=2314"},{"taxonomy":"product_tag","embeddable":true,"href":"https:\/\/mydrink.ee\/et\/wp-json\/wp\/v2\/product_tag?post=2314"}],"curies":[{"name":"wp","href":"https:\/\/api.w.org\/{rel}","templated":true}]}}