{"id":2328,"date":"2014-11-11T15:54:05","date_gmt":"2014-11-11T13:54:05","guid":{"rendered":"https:\/\/mydrink.ee\/product\/cono-sur-tocornal-chardonnay-13-300cl-bib\/"},"modified":"2014-11-11T15:54:05","modified_gmt":"2014-11-11T13:54:05","slug":"cono-sur-tocornal-chardonnay-13-300cl-bib","status":"publish","type":"product","link":"https:\/\/mydrink.ee\/et\/product\/cono-sur-tocornal-chardonnay-13-300cl-bib\/","title":{"rendered":"Cono Sur Tocornal Chardonnay 13% 300cl BIB"},"content":{"rendered":"<p>Vina Cono Sur.<br \/>\n&#8211; veinikoda on asutatud 1993 aastal Santiagost l\u00f5unapool asuvas Colchagua<br \/>\nValleys, Chimbarongo k\u00fclakese l\u00e4hedal. Nimetus Cono Sur t\u00e4hendab L\u00f5una<br \/>\nKoonust, meenutamaks L\u00f5una Ameerika koonusetaolist kuju.<br \/>\n&#8211; Cono Suri moto on \u2013\u201e No family trees, no dusty bottles, just quality wine\u201c &#8211; veinimeistriks Adlofo Hurtado<br \/>\n&#8211; viinamarjaaedu \u00fcle 1800 hektari mitmetes erinevates viinamarjakasvatus-<br \/>\npiirkondades T\u0161iilis<\/p>\n<p>&#8211; Chardonnay on T\u0161iili laialt levinud hele marjasort,<br \/>\n&#8211; viinamarjad on korjatud lubja-saviliivastelt pinnastelt erinevatest veinipiir-<br \/>\nkondadest \u2013 60% Maule Valley \u0301st (San Clemente veiniaed), Colchagua Valley \u0301st<br \/>\n(Santa Cruz veiniaed) ja 10% Casablanca Valeey \u0301st (El Marco veiniaed).<br \/>\n -T\u0161iili viinapuud on pookevabad ja phylloxerast puutumata.<br \/>\n&#8211; 70% marjadest on korjatud k\u00e4sitsi, vein k\u00e4\u00e4ritatakse roostevabast terasvaatides<br \/>\nning on laagerdunud 5 kuud roostevabast terasvaatides.<\/p>\n","protected":false},"excerpt":{"rendered":"<p>Liik:\tGeograafilise t\u00e4hisega vein<br \/>\nKastis: 4<br \/>\nMaht: 300CL<br \/>\nAlkoholisisaldus: 13%<br \/>\nP\u00e4ritolumaa: Tsiili<br \/>\nViinamarjasort: Chardonnay 100%<br \/>\nV\u00e4rv: s\u00e4ravkollane<br \/>\nL\u00f5hn: K\u00fcps \u00f5un, ananass, troopilised puuviljad.<br \/>\nMaitse: Poolkuiv, troopilised puuviljad, melon, tsitrus.<br \/>\nToidusoovitus: Kala- ja linnulihast valmistatud toidud, pehmed juustud, grillitud kalaroad, mereannipastad.<br \/>\nServeerimine:\t10-12 C<\/p>\n","protected":false},"featured_media":2327,"template":"","meta":{"_acf_changed":false,"_kadence_starter_templates_imported_post":false,"_kad_post_transparent":"","_kad_post_title":"","_kad_post_layout":"","_kad_post_sidebar_id":"","_kad_post_content_style":"","_kad_post_vertical_padding":"","_kad_post_feature":"","_kad_post_feature_position":"","_kad_post_header":false,"_kad_post_footer":false},"product_brand":[],"product_cat":[21,182,59,120],"product_tag":[],"class_list":{"0":"post-2328","1":"product","2":"type-product","3":"status-publish","4":"has-post-thumbnail","6":"product_cat-valged-veinid","7":"product_cat-pakiveinid-1-veinid","8":"product_cat-tshiili","9":"product_cat-pakiveinid-1","11":"first","12":"instock","13":"taxable","14":"shipping-taxable","15":"purchasable","16":"product-type-simple","17":"entry","18":"content-bg","19":"loop-entry"},"acf":[],"_links":{"self":[{"href":"https:\/\/mydrink.ee\/et\/wp-json\/wp\/v2\/product\/2328","targetHints":{"allow":["GET"]}}],"collection":[{"href":"https:\/\/mydrink.ee\/et\/wp-json\/wp\/v2\/product"}],"about":[{"href":"https:\/\/mydrink.ee\/et\/wp-json\/wp\/v2\/types\/product"}],"wp:featuredmedia":[{"embeddable":true,"href":"https:\/\/mydrink.ee\/et\/wp-json\/wp\/v2\/media\/2327"}],"wp:attachment":[{"href":"https:\/\/mydrink.ee\/et\/wp-json\/wp\/v2\/media?parent=2328"}],"wp:term":[{"taxonomy":"product_brand","embeddable":true,"href":"https:\/\/mydrink.ee\/et\/wp-json\/wp\/v2\/product_brand?post=2328"},{"taxonomy":"product_cat","embeddable":true,"href":"https:\/\/mydrink.ee\/et\/wp-json\/wp\/v2\/product_cat?post=2328"},{"taxonomy":"product_tag","embeddable":true,"href":"https:\/\/mydrink.ee\/et\/wp-json\/wp\/v2\/product_tag?post=2328"}],"curies":[{"name":"wp","href":"https:\/\/api.w.org\/{rel}","templated":true}]}}