{"id":234,"date":"2012-07-13T10:47:58","date_gmt":"2012-07-13T07:47:58","guid":{"rendered":"https:\/\/mydrink.ee\/product\/cognac-de-luze-vs-40-70cl\/"},"modified":"2025-11-27T13:45:41","modified_gmt":"2025-11-27T11:45:41","slug":"cognac-de-luze-vs-40-70cl","status":"publish","type":"product","link":"https:\/\/mydrink.ee\/et\/product\/cognac-de-luze-vs-40-70cl\/","title":{"rendered":"COGNAC DE LUZE VS 40% 70CL"},"content":{"rendered":"<p>De Luze konjakid segatakse kokku mitmest erinevast destillaadist, mis on saadud kuuelt erinevalt Cognac\u00b4i maa-alalt. Konjakisegud k\u00fcpsevad v\u00e4ikestes Limousine tammevaatides.<br \/>\nDe Luze V.S. on omas hinnaklassis arvestatav kvaliteettoode kogu maailmas. Aastal 1820 asutas parun Alfred de Luze konjakimaja A. de Luze &#038; Fils. Tuginedes Cognaci konjakivalmistamise traditsioonidele, on Alfred de Luze loonud suurep\u00e4rase kvaliteediga konjakite perekonna, mille tunnustuseks on aastal 1927 s\u00f5lmitud leping varustada De Luze konjakitega Taani kuninglikku \u00f5ukonda.<br \/>\nDe Luze konjakid on standardkonjakite hinnaklassis turuliidrid Taanis, Norras ja Rootsis.<\/p>\n","protected":false},"excerpt":{"rendered":"<p>Liik: Kange alkohol, Konjak<br \/>\nKastis: 12<br \/>\nMaht: 70CL<br \/>\nAlkoholisisaldus: 40%<br \/>\nP\u00e4ritolumaa: Prantsusmaa<br \/>\nV\u00e4rvus: hele merevaik<br \/>\nAroom: m\u00f5nusa, kuivanud puulehtede, kuivatatud puuviljade ja tammepuu aroomi<br \/>\nMaitse: pehme, t\u00e4idlane <\/p>\n","protected":false},"featured_media":233,"template":"","meta":{"_acf_changed":false,"_kadence_starter_templates_imported_post":false,"_kad_post_transparent":"","_kad_post_title":"","_kad_post_layout":"","_kad_post_sidebar_id":"","_kad_post_content_style":"","_kad_post_vertical_padding":"","_kad_post_feature":"","_kad_post_feature_position":"","_kad_post_header":false,"_kad_post_footer":false},"product_brand":[],"product_cat":[42,26],"product_tag":[],"class_list":{"0":"post-234","1":"product","2":"type-product","3":"status-publish","4":"has-post-thumbnail","6":"product_cat-konjak","7":"product_cat-kange-alkohol","9":"first","10":"instock","11":"taxable","12":"shipping-taxable","13":"purchasable","14":"product-type-simple","15":"entry","16":"content-bg","17":"loop-entry"},"acf":[],"_links":{"self":[{"href":"https:\/\/mydrink.ee\/et\/wp-json\/wp\/v2\/product\/234","targetHints":{"allow":["GET"]}}],"collection":[{"href":"https:\/\/mydrink.ee\/et\/wp-json\/wp\/v2\/product"}],"about":[{"href":"https:\/\/mydrink.ee\/et\/wp-json\/wp\/v2\/types\/product"}],"wp:featuredmedia":[{"embeddable":true,"href":"https:\/\/mydrink.ee\/et\/wp-json\/wp\/v2\/media\/233"}],"wp:attachment":[{"href":"https:\/\/mydrink.ee\/et\/wp-json\/wp\/v2\/media?parent=234"}],"wp:term":[{"taxonomy":"product_brand","embeddable":true,"href":"https:\/\/mydrink.ee\/et\/wp-json\/wp\/v2\/product_brand?post=234"},{"taxonomy":"product_cat","embeddable":true,"href":"https:\/\/mydrink.ee\/et\/wp-json\/wp\/v2\/product_cat?post=234"},{"taxonomy":"product_tag","embeddable":true,"href":"https:\/\/mydrink.ee\/et\/wp-json\/wp\/v2\/product_tag?post=234"}],"curies":[{"name":"wp","href":"https:\/\/api.w.org\/{rel}","templated":true}]}}