{"id":2422,"date":"2014-11-17T21:12:16","date_gmt":"2014-11-17T19:12:16","guid":{"rendered":"https:\/\/mydrink.ee\/product\/doppio-passo-primitivo-13-300cl-bib\/"},"modified":"2014-11-17T21:12:16","modified_gmt":"2014-11-17T19:12:16","slug":"doppio-passo-primitivo-13-300cl-bib","status":"publish","type":"product","link":"https:\/\/mydrink.ee\/et\/product\/doppio-passo-primitivo-13-300cl-bib\/","title":{"rendered":"Doppio Passo Primitivo 13% 300cl BIB"},"content":{"rendered":"","protected":false},"excerpt":{"rendered":"<p>Liik:\tKPN-vein<br \/>\nKastis: 4<br \/>\nMaht: 300CL<br \/>\nAlkoholisisaldus: 13%<br \/>\nP\u00e4ritolumaa: Itaalia<br \/>\nPiirkond: Salento<br \/>\nViinamarjasort: 100% Primitivo<br \/>\nIseloomustus:\tS\u00fcgav rubiinpunane v\u00e4rvus omandab kerget merevaigusemat tooni koos veini k\u00fcpsemisega. Noorena on Doppio Passo aroom pigem v\u00e4rske ja puuviljane. K\u00fcpsemisega muutub Primitivole omane aroom komplekssemaks. Primitivot iseloomustab k\u00f5ige paremini musts\u00f5stra aroom, kirss ning k\u00fcpsed puuviljad. Vein on ideaalses tasakaalus pehme tanniini ja happesusega, mis muudab selle karakteri nauditavaks ning veini kergesti joodavaks.<br \/>\n Toidusoovitus:K\u00fcpsed ja tugevama maitsega juustud, grillitud v\u00f5i r\u00f6stitud liharoad, loomaliha steik, ulukiliha.<br \/>\nServeerida temperatuuril: 16-18 \u030a C<\/p>\n","protected":false},"featured_media":2421,"template":"","meta":{"_acf_changed":false,"_kadence_starter_templates_imported_post":false,"_kad_post_transparent":"","_kad_post_title":"","_kad_post_layout":"","_kad_post_sidebar_id":"","_kad_post_content_style":"","_kad_post_vertical_padding":"","_kad_post_feature":"","_kad_post_feature_position":"","_kad_post_header":false,"_kad_post_footer":false},"product_brand":[],"product_cat":[20,182,30,119],"product_tag":[],"class_list":{"0":"post-2422","1":"product","2":"type-product","3":"status-publish","4":"has-post-thumbnail","6":"product_cat-punased-veinid","7":"product_cat-pakiveinid-1-veinid","8":"product_cat-itaalia","9":"product_cat-pakiveinid","11":"first","12":"instock","13":"taxable","14":"shipping-taxable","15":"purchasable","16":"product-type-simple","17":"entry","18":"content-bg","19":"loop-entry"},"acf":[],"_links":{"self":[{"href":"https:\/\/mydrink.ee\/et\/wp-json\/wp\/v2\/product\/2422","targetHints":{"allow":["GET"]}}],"collection":[{"href":"https:\/\/mydrink.ee\/et\/wp-json\/wp\/v2\/product"}],"about":[{"href":"https:\/\/mydrink.ee\/et\/wp-json\/wp\/v2\/types\/product"}],"wp:featuredmedia":[{"embeddable":true,"href":"https:\/\/mydrink.ee\/et\/wp-json\/wp\/v2\/media\/2421"}],"wp:attachment":[{"href":"https:\/\/mydrink.ee\/et\/wp-json\/wp\/v2\/media?parent=2422"}],"wp:term":[{"taxonomy":"product_brand","embeddable":true,"href":"https:\/\/mydrink.ee\/et\/wp-json\/wp\/v2\/product_brand?post=2422"},{"taxonomy":"product_cat","embeddable":true,"href":"https:\/\/mydrink.ee\/et\/wp-json\/wp\/v2\/product_cat?post=2422"},{"taxonomy":"product_tag","embeddable":true,"href":"https:\/\/mydrink.ee\/et\/wp-json\/wp\/v2\/product_tag?post=2422"}],"curies":[{"name":"wp","href":"https:\/\/api.w.org\/{rel}","templated":true}]}}