{"id":2426,"date":"2014-11-17T21:55:48","date_gmt":"2014-11-17T19:55:48","guid":{"rendered":"https:\/\/mydrink.ee\/product\/tommasi-appassimento-graticcio-red-12-5-300cl-bib\/"},"modified":"2014-11-17T21:55:48","modified_gmt":"2014-11-17T19:55:48","slug":"tommasi-appassimento-graticcio-red-12-5-300cl-bib","status":"publish","type":"product","link":"https:\/\/mydrink.ee\/et\/product\/tommasi-appassimento-graticcio-red-12-5-300cl-bib\/","title":{"rendered":"Tommasi Appassimento Graticcio Red 12,5% 300cl BIB"},"content":{"rendered":"<p>Laagerdatud 6 kuud slavoonia tammevaadis.<\/p>\n","protected":false},"excerpt":{"rendered":"<p>Liik:\tLauavein<br \/>\nKastis: 4<br \/>\nMaht: 300CL<br \/>\nAlkoholisisaldus: 12,5%<br \/>\nP\u00e4ritolumaa: Itaalia<br \/>\nPiirkond: Valpolicella Classico DOC<br \/>\nViinamarjasort: Corvina, Rondinella ja teised viinamarjad<br \/>\nIseloomustus: Kauni rubiinpunase v\u00e4rvusega vein. Rikkaliku aroomiga ja marjane, tunda kirsi noote. Maitses on tunda v\u00fcrtse, v\u00e4ga rikkalik ja maitsek\u00fcllane.<br \/>\n Toidusoovitus: Ideaalne kaaslane valge ja punase lihaga, ulukilihaga ja k\u00fcpsete juustudega.<br \/>\nServeerida temperatuuril: 16-18 \u030a C<\/p>\n","protected":false},"featured_media":2425,"template":"","meta":{"_acf_changed":false,"_kadence_starter_templates_imported_post":false,"_kad_post_transparent":"","_kad_post_title":"","_kad_post_layout":"","_kad_post_sidebar_id":"","_kad_post_content_style":"","_kad_post_vertical_padding":"","_kad_post_feature":"","_kad_post_feature_position":"","_kad_post_header":false,"_kad_post_footer":false},"product_brand":[],"product_cat":[20,182,30,119],"product_tag":[],"class_list":{"0":"post-2426","1":"product","2":"type-product","3":"status-publish","4":"has-post-thumbnail","6":"product_cat-punased-veinid","7":"product_cat-pakiveinid-1-veinid","8":"product_cat-itaalia","9":"product_cat-pakiveinid","11":"first","12":"instock","13":"taxable","14":"shipping-taxable","15":"purchasable","16":"product-type-simple","17":"entry","18":"content-bg","19":"loop-entry"},"acf":[],"_links":{"self":[{"href":"https:\/\/mydrink.ee\/et\/wp-json\/wp\/v2\/product\/2426","targetHints":{"allow":["GET"]}}],"collection":[{"href":"https:\/\/mydrink.ee\/et\/wp-json\/wp\/v2\/product"}],"about":[{"href":"https:\/\/mydrink.ee\/et\/wp-json\/wp\/v2\/types\/product"}],"wp:featuredmedia":[{"embeddable":true,"href":"https:\/\/mydrink.ee\/et\/wp-json\/wp\/v2\/media\/2425"}],"wp:attachment":[{"href":"https:\/\/mydrink.ee\/et\/wp-json\/wp\/v2\/media?parent=2426"}],"wp:term":[{"taxonomy":"product_brand","embeddable":true,"href":"https:\/\/mydrink.ee\/et\/wp-json\/wp\/v2\/product_brand?post=2426"},{"taxonomy":"product_cat","embeddable":true,"href":"https:\/\/mydrink.ee\/et\/wp-json\/wp\/v2\/product_cat?post=2426"},{"taxonomy":"product_tag","embeddable":true,"href":"https:\/\/mydrink.ee\/et\/wp-json\/wp\/v2\/product_tag?post=2426"}],"curies":[{"name":"wp","href":"https:\/\/api.w.org\/{rel}","templated":true}]}}